{"id":5276,"date":"2024-08-06T12:57:28","date_gmt":"2024-08-06T18:57:28","guid":{"rendered":"https:\/\/libreriahistoriasdebolsillo.com\/?post_type=product&#038;p=5276"},"modified":"2025-04-15T14:34:34","modified_gmt":"2025-04-15T20:34:34","slug":"tu-no-eres-el-problema","status":"publish","type":"product","link":"https:\/\/libreriahistoriasdebolsillo.com\/index.php\/producto\/tu-no-eres-el-problema\/","title":{"rendered":"T\u00fa no eres el problema"},"content":{"rendered":"<p><b>Identificar a un narcisista no es tarea f\u00e1cil. Una gu\u00eda para comprender sus mecanismos de manipulaci\u00f3n, protegerte de ellos y sanar, por la<\/b>\u00a0<b>psic\u00f3loga Elizabeth<\/b>\u00a0<b>Clap\u00e9s.<\/b><\/p>\n<p>\u00bfC\u00f3mo vas a llamar narcisista a tu propia madre? \u00bfAl \u00abamor de tu vida\u00bb? \u00bfA tu mejor amigo? \u00bfC\u00f3mo es posible que alguien que diga quererte te haga tanto da\u00f1o?<\/p>\n<p>Si tienes un v\u00ednculo con un narcisista, es normal que necesites entender su conducta y, al no conseguirlo, te preguntes: \u00ab\u00bfSer\u00e1 mi culpa? \u00bfLo estar\u00e9 provocando yo? \u00bfEstoy volvi\u00e9ndome loca?\u00bb. No.<\/p>\n<p>NI ES TU CULPA, NI HAY NADA MALO EN TI.<\/p>\n<p>Las personas de este perfil te manipular\u00e1n para hacerte creer que t\u00fa eres el problema. Y, por mucho que lo intentes, no cambiar\u00e1n. Entender lo que has vivido, ponerle nombre y alejarte es la \u00fanica forma de empezar a sanar.<\/p>\n<p>NECESITAS SALIR DE AH\u00cd Y RECUPERAR EL CONTROL DE TU VIDA.<\/p>\n<p>\u00abDesvivirte por comprender la conducta de alguien es una enorme bandera roja. Quien te quiera de forma sana no te tendr\u00e1 leyendo un libro sobre depredadores emocionales y tratando de encontrar similitudes con \u00e9l.\u00bb<\/p>\n<p><b>As\u00ed act\u00faa un narcisista:<\/b><\/p>\n<p>&#8211; Te hace creer que estu alma gemela y que est\u00e1is hechos el uno para el otro.<br \/>\n&#8211; Es camale\u00f3nico: se convierte en lo que t\u00fa quieres ver en \u00e9l o en ella.<br \/>\n&#8211; Se siente superior a los dem\u00e1s y te hace admirarle.<br \/>\n&#8211; Te miente, te manipula y consigue que dudes hasta de tucordura.<br \/>\n&#8211; Te convierte en una persona dependiente.<br \/>\n&#8211; Si intentas alejarte, te manipula y chantajea emocionalmente para que vuelvas.<br \/>\n&#8211; Se victimiza y adopta el rol de salvador.<br \/>\n&#8211; Te apaga y absorbe completamente.<br \/>\n&#8211; Recuerdas c\u00f3mo eras antes de que llegase a tu vida y echas de menos esa versi\u00f3n de ti.<br \/>\n&#8211; Sabes que tienes que salir de ah\u00ed porque no eres feliz, pero no lo consigues.<br \/>\n&#8211; O, quiz\u00e1, lleva tanto tiempo en tu vida que sientes que alejarte es dar un salto al vac\u00edo.<\/p>\n<p><b>Este libro puede ayudarte a identificarlos, entender sus mecanismos de manipulaci\u00f3n, alejarte y sanar.<\/b><\/p>\n","protected":false},"excerpt":{"rendered":"<p>Elizabeth Clap\u00e9s<\/p>\n<p>256 p\u00e1ginas<\/p>\n","protected":false},"featured_media":5277,"template":"","meta":{"_joinchat":[]},"product_brand":[],"product_cat":[58,41,70],"product_tag":[34],"class_list":{"0":"post-5276","1":"product","2":"type-product","3":"status-publish","4":"has-post-thumbnail","6":"product_cat-desarrollo-humano-y-superacion","7":"product_cat-desarrollo-humano","8":"product_cat-novedades","9":"product_tag-penguin-random-house","11":"first","12":"instock","13":"shipping-taxable","14":"purchasable","15":"product-type-simple"},"_links":{"self":[{"href":"https:\/\/libreriahistoriasdebolsillo.com\/index.php\/wp-json\/wp\/v2\/product\/5276","targetHints":{"allow":["GET"]}}],"collection":[{"href":"https:\/\/libreriahistoriasdebolsillo.com\/index.php\/wp-json\/wp\/v2\/product"}],"about":[{"href":"https:\/\/libreriahistoriasdebolsillo.com\/index.php\/wp-json\/wp\/v2\/types\/product"}],"wp:featuredmedia":[{"embeddable":true,"href":"https:\/\/libreriahistoriasdebolsillo.com\/index.php\/wp-json\/wp\/v2\/media\/5277"}],"wp:attachment":[{"href":"https:\/\/libreriahistoriasdebolsillo.com\/index.php\/wp-json\/wp\/v2\/media?parent=5276"}],"wp:term":[{"taxonomy":"product_brand","embeddable":true,"href":"https:\/\/libreriahistoriasdebolsillo.com\/index.php\/wp-json\/wp\/v2\/product_brand?post=5276"},{"taxonomy":"product_cat","embeddable":true,"href":"https:\/\/libreriahistoriasdebolsillo.com\/index.php\/wp-json\/wp\/v2\/product_cat?post=5276"},{"taxonomy":"product_tag","embeddable":true,"href":"https:\/\/libreriahistoriasdebolsillo.com\/index.php\/wp-json\/wp\/v2\/product_tag?post=5276"}],"curies":[{"name":"wp","href":"https:\/\/api.w.org\/{rel}","templated":true}]}}