{"id":5278,"date":"2024-08-06T13:01:24","date_gmt":"2024-08-06T19:01:24","guid":{"rendered":"https:\/\/libreriahistoriasdebolsillo.com\/?post_type=product&#038;p=5278"},"modified":"2024-10-09T19:27:40","modified_gmt":"2024-10-10T01:27:40","slug":"tentacion-1","status":"publish","type":"product","link":"https:\/\/libreriahistoriasdebolsillo.com\/index.php\/producto\/tentacion-1\/","title":{"rendered":"Tentaci\u00f3n 1"},"content":{"rendered":"<p><b>LA TENTACI\u00d3N ES EL<\/b>\u00a0<b>PECADO M\u00c1S FUERTE&#8230;<\/b><\/p>\n<p>Emma est\u00e1\u00a0<b>huyendo<\/b>\u00a0de su\u00a0<b>pasado<\/b>\u00a0y planea hacer una nueva vida en\u00a0<b>Londres<\/b>. Nunca pens\u00f3 que ah\u00ed conocer\u00eda a la\u00a0<b>tentaci\u00f3n<\/b>\u00a0en persona: Alexander Roe. Un\u00a0<b>hombre enigm\u00e1tico<\/b>\u00a0y seductor que, desde que la conoci\u00f3, supo que la quer\u00eda hacer\u00a0<b>pecar<\/b>\u00a0en su\u00a0<b>cama<\/b>.<\/p>\n<p>Pecar hasta\u00a0<b>corromperla<\/b>.<\/p>\n<p>Aunque Alexander parece ser uno de los\u00a0<b>millonarios<\/b>\u00a0m\u00e1s aclamados de la ciudad, \u00e9l tambi\u00e9n tiene un\u00a0<b>secreto oscuro<\/b>\u00a0que debe guardar.<\/p>\n<p>Ambos podr\u00e1n salvarse o\u00a0<b>destruirse<\/b>\u00a0el uno al otro.<\/p>\n<p>Antes de perder la\u00a0<b>cordura<\/b>, Emma har\u00e1 que Alexander caiga en la tentaci\u00f3n.<\/p>\n","protected":false},"excerpt":{"rendered":"<p>Karla Cipriano<\/p>\n<p>336 p\u00e1ginas<\/p>\n","protected":false},"featured_media":5280,"template":"","meta":{"_joinchat":[]},"product_brand":[],"product_cat":[53,70,35],"product_tag":[34],"class_list":{"0":"post-5278","1":"product","2":"type-product","3":"status-publish","4":"has-post-thumbnail","6":"product_cat-erotica","7":"product_cat-novedades","8":"product_cat-romantica","9":"product_tag-penguin-random-house","11":"first","12":"outofstock","13":"shipping-taxable","14":"purchasable","15":"product-type-simple"},"_links":{"self":[{"href":"https:\/\/libreriahistoriasdebolsillo.com\/index.php\/wp-json\/wp\/v2\/product\/5278","targetHints":{"allow":["GET"]}}],"collection":[{"href":"https:\/\/libreriahistoriasdebolsillo.com\/index.php\/wp-json\/wp\/v2\/product"}],"about":[{"href":"https:\/\/libreriahistoriasdebolsillo.com\/index.php\/wp-json\/wp\/v2\/types\/product"}],"wp:featuredmedia":[{"embeddable":true,"href":"https:\/\/libreriahistoriasdebolsillo.com\/index.php\/wp-json\/wp\/v2\/media\/5280"}],"wp:attachment":[{"href":"https:\/\/libreriahistoriasdebolsillo.com\/index.php\/wp-json\/wp\/v2\/media?parent=5278"}],"wp:term":[{"taxonomy":"product_brand","embeddable":true,"href":"https:\/\/libreriahistoriasdebolsillo.com\/index.php\/wp-json\/wp\/v2\/product_brand?post=5278"},{"taxonomy":"product_cat","embeddable":true,"href":"https:\/\/libreriahistoriasdebolsillo.com\/index.php\/wp-json\/wp\/v2\/product_cat?post=5278"},{"taxonomy":"product_tag","embeddable":true,"href":"https:\/\/libreriahistoriasdebolsillo.com\/index.php\/wp-json\/wp\/v2\/product_tag?post=5278"}],"curies":[{"name":"wp","href":"https:\/\/api.w.org\/{rel}","templated":true}]}}