{"id":5281,"date":"2024-08-06T13:03:41","date_gmt":"2024-08-06T19:03:41","guid":{"rendered":"https:\/\/libreriahistoriasdebolsillo.com\/?post_type=product&#038;p=5281"},"modified":"2024-12-09T12:21:20","modified_gmt":"2024-12-09T18:21:20","slug":"el-arte-de-cuidarte","status":"publish","type":"product","link":"https:\/\/libreriahistoriasdebolsillo.com\/index.php\/producto\/el-arte-de-cuidarte\/","title":{"rendered":"El arte de cuidarte"},"content":{"rendered":"<p><b>Dise\u00f1a tu propia felicidad con el autor de\u00a0<\/b><i><b>El fin de la ansiedad<\/b><\/i><b>, uno de los 10 libros mejor valorados del a\u00f1o en Amazon Espa\u00f1a.<\/b><\/p>\n<p>Si existiese un manual avalado que incluyera las mejores herramientas para mantener la armon\u00eda y alejar los problemas y el dolor de tu vida, \u00bfqu\u00e9 har\u00edas para conseguirlo?<\/p>\n<p>Sonr\u00ede porque este manual existe y lo tienes ahora entre tus manos: Si trabajas en ti, seguro que con \u00e9l tendr\u00e1s una vida m\u00e1s sana y feliz.<\/p>\n<p>Este libro te ayudar\u00e1 a alcanzar la mejor versi\u00f3n de ti mismo. Con \u00e9l aprender\u00e1s c\u00f3mo funciona el dolor y c\u00f3mo este puede activar el cambio en tu vida.<\/p>\n<p>Respaldado por la ciencia y basado en la experiencia del propio autor,\u00a0<i>El arte de cuidarte<\/i>\u00a0te muestra las acciones simples y efectivas que puedes llevar a cabo en tu d\u00eda a d\u00eda para mantener alejados los conflictos emocionales, empezar a cuidarte y dise\u00f1ar la vida que siempre has deseado.<\/p>\n<p><b>Hoy puedes convertirte en el mayor aliado de tu felicidad si aprendes a caminar hacia ella.<\/b><\/p>\n","protected":false},"excerpt":{"rendered":"<p>Gio Zararri<\/p>\n<p>296 p\u00e1ginas<\/p>\n","protected":false},"featured_media":5282,"template":"","meta":{"_joinchat":[]},"product_brand":[],"product_cat":[58,41,70],"product_tag":[34],"class_list":{"0":"post-5281","1":"product","2":"type-product","3":"status-publish","4":"has-post-thumbnail","6":"product_cat-desarrollo-humano-y-superacion","7":"product_cat-desarrollo-humano","8":"product_cat-novedades","9":"product_tag-penguin-random-house","11":"first","12":"outofstock","13":"shipping-taxable","14":"purchasable","15":"product-type-simple"},"_links":{"self":[{"href":"https:\/\/libreriahistoriasdebolsillo.com\/index.php\/wp-json\/wp\/v2\/product\/5281","targetHints":{"allow":["GET"]}}],"collection":[{"href":"https:\/\/libreriahistoriasdebolsillo.com\/index.php\/wp-json\/wp\/v2\/product"}],"about":[{"href":"https:\/\/libreriahistoriasdebolsillo.com\/index.php\/wp-json\/wp\/v2\/types\/product"}],"wp:featuredmedia":[{"embeddable":true,"href":"https:\/\/libreriahistoriasdebolsillo.com\/index.php\/wp-json\/wp\/v2\/media\/5282"}],"wp:attachment":[{"href":"https:\/\/libreriahistoriasdebolsillo.com\/index.php\/wp-json\/wp\/v2\/media?parent=5281"}],"wp:term":[{"taxonomy":"product_brand","embeddable":true,"href":"https:\/\/libreriahistoriasdebolsillo.com\/index.php\/wp-json\/wp\/v2\/product_brand?post=5281"},{"taxonomy":"product_cat","embeddable":true,"href":"https:\/\/libreriahistoriasdebolsillo.com\/index.php\/wp-json\/wp\/v2\/product_cat?post=5281"},{"taxonomy":"product_tag","embeddable":true,"href":"https:\/\/libreriahistoriasdebolsillo.com\/index.php\/wp-json\/wp\/v2\/product_tag?post=5281"}],"curies":[{"name":"wp","href":"https:\/\/api.w.org\/{rel}","templated":true}]}}