{"id":5283,"date":"2024-08-06T13:06:43","date_gmt":"2024-08-06T19:06:43","guid":{"rendered":"https:\/\/libreriahistoriasdebolsillo.com\/?post_type=product&#038;p=5283"},"modified":"2026-03-10T15:36:00","modified_gmt":"2026-03-10T21:36:00","slug":"la-casa-de-pineapple-street","status":"publish","type":"product","link":"https:\/\/libreriahistoriasdebolsillo.com\/index.php\/producto\/la-casa-de-pineapple-street\/","title":{"rendered":"La casa de pineapple street"},"content":{"rendered":"<p><b>Un aut\u00e9ntico \u00e9xito que ha revolucionado las listas de m\u00e1s vendidos. Una novela afilada y divertida sobre la familia, las diferencias de clase&#8230; y tres mujeres del clan m\u00e1s adinerado de Brooklyn.<\/b><\/p>\n<p>Darley, la hija mayor de los Stockton, acomodada, bien relacionada y criada entre algodones, ha cambiado su trabajo y su herencia por la maternidad. Sasha, una chica normal de clase media, entra en el clan como una forastera al casarse con Cord. Y Georgiana, la m\u00e1s joven, se ha enamorado de alguien con quien no puede estar en un arrebato irresponsable.<\/p>\n<p>Repletade lujos neoyorquinos, fiestas deslumbrantes y brunches con resaca,\u00a0<i>La casa de Pineapple Street<\/i>\u00a0es una comedia costumbrista, fresca y adictiva que nos sumerge en la vida de los ricos de Nueva York para reflexionar sobre la frivolidad, las relaciones, la familia y la enorme brecha que separa a los que tienen de los que no.<\/p>\n","protected":false},"excerpt":{"rendered":"<p>Jenny Jackson<\/p>\n<p>336 p\u00e1ginas<\/p>\n","protected":false},"featured_media":5284,"template":"","meta":{"_joinchat":[]},"product_brand":[],"product_cat":[33,70,51,35],"product_tag":[34],"class_list":{"0":"post-5283","1":"product","2":"type-product","3":"status-publish","4":"has-post-thumbnail","6":"product_cat-ficcion-general","7":"product_cat-novedades","8":"product_cat-oferta","9":"product_cat-romantica","10":"product_tag-penguin-random-house","12":"first","13":"instock","14":"sale","15":"shipping-taxable","16":"purchasable","17":"product-type-simple"},"_links":{"self":[{"href":"https:\/\/libreriahistoriasdebolsillo.com\/index.php\/wp-json\/wp\/v2\/product\/5283","targetHints":{"allow":["GET"]}}],"collection":[{"href":"https:\/\/libreriahistoriasdebolsillo.com\/index.php\/wp-json\/wp\/v2\/product"}],"about":[{"href":"https:\/\/libreriahistoriasdebolsillo.com\/index.php\/wp-json\/wp\/v2\/types\/product"}],"wp:featuredmedia":[{"embeddable":true,"href":"https:\/\/libreriahistoriasdebolsillo.com\/index.php\/wp-json\/wp\/v2\/media\/5284"}],"wp:attachment":[{"href":"https:\/\/libreriahistoriasdebolsillo.com\/index.php\/wp-json\/wp\/v2\/media?parent=5283"}],"wp:term":[{"taxonomy":"product_brand","embeddable":true,"href":"https:\/\/libreriahistoriasdebolsillo.com\/index.php\/wp-json\/wp\/v2\/product_brand?post=5283"},{"taxonomy":"product_cat","embeddable":true,"href":"https:\/\/libreriahistoriasdebolsillo.com\/index.php\/wp-json\/wp\/v2\/product_cat?post=5283"},{"taxonomy":"product_tag","embeddable":true,"href":"https:\/\/libreriahistoriasdebolsillo.com\/index.php\/wp-json\/wp\/v2\/product_tag?post=5283"}],"curies":[{"name":"wp","href":"https:\/\/api.w.org\/{rel}","templated":true}]}}