{"id":5285,"date":"2024-08-06T13:09:23","date_gmt":"2024-08-06T19:09:23","guid":{"rendered":"https:\/\/libreriahistoriasdebolsillo.com\/?post_type=product&#038;p=5285"},"modified":"2025-11-10T13:23:33","modified_gmt":"2025-11-10T19:23:33","slug":"cronicas-del-gato-viajero","status":"publish","type":"product","link":"https:\/\/libreriahistoriasdebolsillo.com\/index.php\/producto\/cronicas-del-gato-viajero\/","title":{"rendered":"Cr\u00f3nicas del gato viajero"},"content":{"rendered":"<p><b>Lumen recupera este conmovedor cl\u00e1sico de la literatura de gatos que conquist\u00f3 a m\u00e1s de un mill\u00f3n de lectores, se public\u00f3 en 33 pa\u00edses y se llev\u00f3 al cine.<\/b><\/p>\n<p>Nana no es un gato cualquiera. Tiene el pelaje blanco, una cola de color negro con un gancho en forma de siete, las u\u00f1as afiladas y la mirada atenta. Le gustan los filetes de carne de cerdo empanados, el pollo y el salm\u00f3n. Pero a\u00fan hay m\u00e1s: entiende el lenguaje de los humanos y tiene opiniones muy suyas sobre la vida. Naci\u00f3 en la calle y durmi\u00f3 en el cap\u00f3 de una furgoneta hasta que un d\u00eda un hombre se le acerc\u00f3 sonriendo, y desde entonces son inseparables. Satoru y Nana han convivido durante cinco a\u00f1os, pero ahora ha llegado el momento de separarse y de encontrar un nuevo due\u00f1o. Juntos emprender\u00e1n un viaje en el que Nana ver\u00e1 por primera vez el mar y los campos sembrados de hierba alta, vivir\u00e1 las emociones m\u00e1s hondas de los humanos y el dolor de la p\u00e9rdida, y conquistar\u00e1 el coraz\u00f3n de los lectores gracias a la narraci\u00f3n llena de ternura y humor de Hiro Arikawa.<\/p>\n","protected":false},"excerpt":{"rendered":"<p>Hiro Arikawa<\/p>\n<p>272 p\u00e1ginas<\/p>\n","protected":false},"featured_media":5286,"template":"","meta":{"_joinchat":[]},"product_brand":[],"product_cat":[78,33,70],"product_tag":[34],"class_list":{"0":"post-5285","1":"product","2":"type-product","3":"status-publish","4":"has-post-thumbnail","6":"product_cat-contemporanea","7":"product_cat-ficcion-general","8":"product_cat-novedades","9":"product_tag-penguin-random-house","11":"first","12":"outofstock","13":"shipping-taxable","14":"purchasable","15":"product-type-simple"},"_links":{"self":[{"href":"https:\/\/libreriahistoriasdebolsillo.com\/index.php\/wp-json\/wp\/v2\/product\/5285","targetHints":{"allow":["GET"]}}],"collection":[{"href":"https:\/\/libreriahistoriasdebolsillo.com\/index.php\/wp-json\/wp\/v2\/product"}],"about":[{"href":"https:\/\/libreriahistoriasdebolsillo.com\/index.php\/wp-json\/wp\/v2\/types\/product"}],"wp:featuredmedia":[{"embeddable":true,"href":"https:\/\/libreriahistoriasdebolsillo.com\/index.php\/wp-json\/wp\/v2\/media\/5286"}],"wp:attachment":[{"href":"https:\/\/libreriahistoriasdebolsillo.com\/index.php\/wp-json\/wp\/v2\/media?parent=5285"}],"wp:term":[{"taxonomy":"product_brand","embeddable":true,"href":"https:\/\/libreriahistoriasdebolsillo.com\/index.php\/wp-json\/wp\/v2\/product_brand?post=5285"},{"taxonomy":"product_cat","embeddable":true,"href":"https:\/\/libreriahistoriasdebolsillo.com\/index.php\/wp-json\/wp\/v2\/product_cat?post=5285"},{"taxonomy":"product_tag","embeddable":true,"href":"https:\/\/libreriahistoriasdebolsillo.com\/index.php\/wp-json\/wp\/v2\/product_tag?post=5285"}],"curies":[{"name":"wp","href":"https:\/\/api.w.org\/{rel}","templated":true}]}}