{"id":5290,"date":"2024-08-06T18:16:21","date_gmt":"2024-08-07T00:16:21","guid":{"rendered":"https:\/\/libreriahistoriasdebolsillo.com\/?post_type=product&#038;p=5290"},"modified":"2024-12-09T12:20:18","modified_gmt":"2024-12-09T18:20:18","slug":"las-mujeres-que-bordaron-su-libertad","status":"publish","type":"product","link":"https:\/\/libreriahistoriasdebolsillo.com\/index.php\/producto\/las-mujeres-que-bordaron-su-libertad\/","title":{"rendered":"Las mujeres que bordaron su libertad"},"content":{"rendered":"<p><b>\u00abCada puntada<\/b>\u00a0<b>era un paso m\u00e1s<\/b>\u00a0<b>hacia su libertad\u00bb<\/b><\/p>\n<p>En la Nueva\u00a0<b>Panam\u00e1<\/b>\u00a0de 1745, tres valientes\u00a0<b>mujeres afrodescendientes<\/b>, Damiana, Manuela y Mar\u00eda Yoruba, encuentran una esperanza en medio de la\u00a0<b>esclavitud<\/b>. Estas talentosas\u00a0<b>bordadoras<\/b>\u00a0de polleras criollas trazan un audaz plan para vender sus preciadas creaciones a contrabandistas que navegan por el r\u00edo Cocl\u00e9 del Norte y, con los pesos obtenidos, escapar de sus\u00a0<b>opresores<\/b>. Sin embargo, los sue\u00f1os de libertadse desmoronan cuando el cuerpo de una de ellas aparece degollado en el camino del Chorrillo rodeado de caracoles usados en la\u00a0<b>religi\u00f3n yoruba<\/b>, desatando el p\u00e1nico entre las autoridades civiles y eclesi\u00e1sticas, que sospechan de un\u00a0<b>sacrificio sat\u00e1nico<\/b>.<\/p>\n<p>Una historia inspiradora que ilumina un cap\u00edtulo poco conocido de la<b>\u00a0sociedad paname\u00f1a<\/b>\u00a0y nos muestra c\u00f3mo el coraje y talento de estas mujeres bordadoras se convirtieron en un s\u00edmbolo de resistencia y lucha dejando una marca indeleble en la historia de Panam\u00e1.<\/p>\n<p><b>Intriga, seducci\u00f3n, venganzas,<\/b><b>un viaje fascinante de la mano de<\/b>\u00a0<b>Thatiana<\/b><b>\u00a0Pretelt, una narradora de historias<\/b>\u00a0<b>que seduce en cada p\u00e1gina.<\/b><\/p>\n","protected":false},"excerpt":{"rendered":"<p>Thatiana Pretelt<\/p>\n<p>256 p\u00e1ginas<\/p>\n","protected":false},"featured_media":5291,"template":"","meta":{"_joinchat":[]},"product_brand":[],"product_cat":[33,70],"product_tag":[34],"class_list":{"0":"post-5290","1":"product","2":"type-product","3":"status-publish","4":"has-post-thumbnail","6":"product_cat-ficcion-general","7":"product_cat-novedades","8":"product_tag-penguin-random-house","10":"first","11":"outofstock","12":"shipping-taxable","13":"purchasable","14":"product-type-simple"},"_links":{"self":[{"href":"https:\/\/libreriahistoriasdebolsillo.com\/index.php\/wp-json\/wp\/v2\/product\/5290","targetHints":{"allow":["GET"]}}],"collection":[{"href":"https:\/\/libreriahistoriasdebolsillo.com\/index.php\/wp-json\/wp\/v2\/product"}],"about":[{"href":"https:\/\/libreriahistoriasdebolsillo.com\/index.php\/wp-json\/wp\/v2\/types\/product"}],"wp:featuredmedia":[{"embeddable":true,"href":"https:\/\/libreriahistoriasdebolsillo.com\/index.php\/wp-json\/wp\/v2\/media\/5291"}],"wp:attachment":[{"href":"https:\/\/libreriahistoriasdebolsillo.com\/index.php\/wp-json\/wp\/v2\/media?parent=5290"}],"wp:term":[{"taxonomy":"product_brand","embeddable":true,"href":"https:\/\/libreriahistoriasdebolsillo.com\/index.php\/wp-json\/wp\/v2\/product_brand?post=5290"},{"taxonomy":"product_cat","embeddable":true,"href":"https:\/\/libreriahistoriasdebolsillo.com\/index.php\/wp-json\/wp\/v2\/product_cat?post=5290"},{"taxonomy":"product_tag","embeddable":true,"href":"https:\/\/libreriahistoriasdebolsillo.com\/index.php\/wp-json\/wp\/v2\/product_tag?post=5290"}],"curies":[{"name":"wp","href":"https:\/\/api.w.org\/{rel}","templated":true}]}}