{"id":5295,"date":"2024-08-06T18:22:25","date_gmt":"2024-08-07T00:22:25","guid":{"rendered":"https:\/\/libreriahistoriasdebolsillo.com\/?post_type=product&#038;p=5295"},"modified":"2026-02-12T15:21:15","modified_gmt":"2026-02-12T21:21:15","slug":"alejandra-pizarnik-poesia-completa","status":"publish","type":"product","link":"https:\/\/libreriahistoriasdebolsillo.com\/index.php\/producto\/alejandra-pizarnik-poesia-completa\/","title":{"rendered":"Alejandra Pizarnik poes\u00eda completa"},"content":{"rendered":"<p><b>Lumen publica la obra po\u00e9tica completa de una de las escritoras argentinas m\u00e1s emblem\u00e1ticas de la segunda mitad del siglo XX, la controvertida, pol\u00e9mica y malograda Alejandra Pizarnik.<\/b><\/p>\n<p>Alejandra Pizarnik es una figura de culto de las letras hispanas y una autora que se intern\u00f3 por infiernos raramente visitados por la literatura espa\u00f1ola. Su poes\u00eda se caracteriza por un hondo intimismo y una severa sensualidad o, en palabras de Octavio Paz, la obra de Pizarnik lleva a cabo una \u00abcristalizaci\u00f3n verbal por amalgama de insomnio pasional y lucidez meridiana en una disoluci\u00f3n de realidad sometida a las m\u00e1s altas temperaturas\u00bb.<\/p>\n<p>Esta edici\u00f3n, a cargo de Ana Becciu, incluye los libros de poemas editados en vida de la autora y los poemas in\u00e9ditos compilados a partir de manuscritos.<\/p>\n","protected":false},"excerpt":{"rendered":"<p>Alejandra Pizarnik<\/p>\n<p>408 p\u00e1ginas<\/p>\n","protected":false},"featured_media":5296,"template":"","meta":{"_joinchat":[]},"product_brand":[],"product_cat":[70,65],"product_tag":[34],"class_list":{"0":"post-5295","1":"product","2":"type-product","3":"status-publish","4":"has-post-thumbnail","6":"product_cat-novedades","7":"product_cat-poesia","8":"product_tag-penguin-random-house","10":"first","11":"instock","12":"shipping-taxable","13":"purchasable","14":"product-type-simple"},"_links":{"self":[{"href":"https:\/\/libreriahistoriasdebolsillo.com\/index.php\/wp-json\/wp\/v2\/product\/5295","targetHints":{"allow":["GET"]}}],"collection":[{"href":"https:\/\/libreriahistoriasdebolsillo.com\/index.php\/wp-json\/wp\/v2\/product"}],"about":[{"href":"https:\/\/libreriahistoriasdebolsillo.com\/index.php\/wp-json\/wp\/v2\/types\/product"}],"wp:featuredmedia":[{"embeddable":true,"href":"https:\/\/libreriahistoriasdebolsillo.com\/index.php\/wp-json\/wp\/v2\/media\/5296"}],"wp:attachment":[{"href":"https:\/\/libreriahistoriasdebolsillo.com\/index.php\/wp-json\/wp\/v2\/media?parent=5295"}],"wp:term":[{"taxonomy":"product_brand","embeddable":true,"href":"https:\/\/libreriahistoriasdebolsillo.com\/index.php\/wp-json\/wp\/v2\/product_brand?post=5295"},{"taxonomy":"product_cat","embeddable":true,"href":"https:\/\/libreriahistoriasdebolsillo.com\/index.php\/wp-json\/wp\/v2\/product_cat?post=5295"},{"taxonomy":"product_tag","embeddable":true,"href":"https:\/\/libreriahistoriasdebolsillo.com\/index.php\/wp-json\/wp\/v2\/product_tag?post=5295"}],"curies":[{"name":"wp","href":"https:\/\/api.w.org\/{rel}","templated":true}]}}