{"id":5297,"date":"2024-08-06T18:25:11","date_gmt":"2024-08-07T00:25:11","guid":{"rendered":"https:\/\/libreriahistoriasdebolsillo.com\/?post_type=product&#038;p=5297"},"modified":"2026-03-20T17:45:34","modified_gmt":"2026-03-20T23:45:34","slug":"una-ultima-parada","status":"publish","type":"product","link":"https:\/\/libreriahistoriasdebolsillo.com\/index.php\/producto\/una-ultima-parada\/","title":{"rendered":"Una \u00faltima parada"},"content":{"rendered":"<p><b>August, una joven de veintitr\u00e9s a\u00f1os, no cree en casi nada. Ni en los videntes, ni en las amistades que se entablan con facilidad, ni en encontrar esa clase de amor que sale en las pel\u00edculas. Entonces llega Jane.<\/b><\/p>\n<p>La misteriosa e imposible Jane. Con mucho\u00a0<b>car\u00e1cte<\/b>r, una sonrisa amable y el cabello alborotado, aparece para ayudar a August cuando ella m\u00e1s lo necesita.<\/p>\n<p>Jane es la persona que August sue\u00f1a encontrarse en el\u00a0<b>vag\u00f3n del metro<\/b>\u00a0d\u00eda tras d\u00eda. Pero pronto se topa con un gran problema: Jane no solo parece una\u00a0<b>punk de los setenta<\/b>, lo es.<\/p>\n<p>Est\u00e1 atrapada en esa l\u00ednea de metro y August tendr\u00e1 que utilizar todo lo queha intentado dejar atr\u00e1s para ayudarla. Despu\u00e9s de todo, quiz\u00e1 haya llegado el momento de\u00a0<b>empezar a creer<\/b>\u00a0en ciertas cosas.<\/p>\n","protected":false},"excerpt":{"rendered":"<p>Casey McQuiston<\/p>\n<p>496 p\u00e1ginas<\/p>\n","protected":false},"featured_media":5298,"template":"","meta":{"_joinchat":[]},"product_brand":[],"product_cat":[52,38,51],"product_tag":[34],"class_list":{"0":"post-5297","1":"product","2":"type-product","3":"status-publish","4":"has-post-thumbnail","6":"product_cat-juvenil","7":"product_cat-lgbtq","8":"product_cat-oferta","9":"product_tag-penguin-random-house","11":"first","12":"instock","13":"sale","14":"shipping-taxable","15":"purchasable","16":"product-type-simple"},"_links":{"self":[{"href":"https:\/\/libreriahistoriasdebolsillo.com\/index.php\/wp-json\/wp\/v2\/product\/5297","targetHints":{"allow":["GET"]}}],"collection":[{"href":"https:\/\/libreriahistoriasdebolsillo.com\/index.php\/wp-json\/wp\/v2\/product"}],"about":[{"href":"https:\/\/libreriahistoriasdebolsillo.com\/index.php\/wp-json\/wp\/v2\/types\/product"}],"wp:featuredmedia":[{"embeddable":true,"href":"https:\/\/libreriahistoriasdebolsillo.com\/index.php\/wp-json\/wp\/v2\/media\/5298"}],"wp:attachment":[{"href":"https:\/\/libreriahistoriasdebolsillo.com\/index.php\/wp-json\/wp\/v2\/media?parent=5297"}],"wp:term":[{"taxonomy":"product_brand","embeddable":true,"href":"https:\/\/libreriahistoriasdebolsillo.com\/index.php\/wp-json\/wp\/v2\/product_brand?post=5297"},{"taxonomy":"product_cat","embeddable":true,"href":"https:\/\/libreriahistoriasdebolsillo.com\/index.php\/wp-json\/wp\/v2\/product_cat?post=5297"},{"taxonomy":"product_tag","embeddable":true,"href":"https:\/\/libreriahistoriasdebolsillo.com\/index.php\/wp-json\/wp\/v2\/product_tag?post=5297"}],"curies":[{"name":"wp","href":"https:\/\/api.w.org\/{rel}","templated":true}]}}