{"id":5300,"date":"2024-08-07T10:05:20","date_gmt":"2024-08-07T16:05:20","guid":{"rendered":"https:\/\/libreriahistoriasdebolsillo.com\/?post_type=product&#038;p=5300"},"modified":"2024-11-11T17:57:58","modified_gmt":"2024-11-11T23:57:58","slug":"sobrevive-en-1-el-museo-prehistorico","status":"publish","type":"product","link":"https:\/\/libreriahistoriasdebolsillo.com\/index.php\/producto\/sobrevive-en-1-el-museo-prehistorico\/","title":{"rendered":"Sobrevive en&#8230; 1. El museo prehist\u00f3rico"},"content":{"rendered":"<p>El c\u00f3mic coreano del momento<\/p>\n<p><b>\u00ab\u00bfQU\u00c9 HAR\u00cdAS SI TE QUEDARAS ENCERRADO EN UN MUSEO? \u00bfY SI, ADEM\u00c1S, TODO LO QUE HUBIERA DENTRO COBRARA VIDA<\/b>?<\/p>\n<p>El meteorito del almac\u00e9n del\u00a0<b>Museo Prehist\u00f3rico<\/b>\u00a0se rompi\u00f3 por accidente, y pas\u00f3 algo incre\u00edble: \u00a1ahora todo tipo de criaturas andan sueltas!\u00a0<b>Mamuts y depredadores<\/b>. Hombres prehist\u00f3ricos. \u00a1Incluso\u00a0<b>dinosaurios<\/b>! Jio y sus amigos saben que acudir a la ciencia es la \u00fanica manera de salvarse de este desastre. \u00a1Tal vez si recuerdan la comida favorita de los dinosaurios conseguir\u00e1n no convertirse en su merienda!<\/p>\n<p><b>\u00bfLOGRAR\u00c1N SALIR CON VIDA DE ESTE L\u00cdO?<\/b><\/p>\n","protected":false},"excerpt":{"rendered":"<p>Han Hyun-Dong<\/p>\n<p>160 p\u00e1ginas<\/p>\n","protected":false},"featured_media":5307,"template":"","meta":{"_joinchat":[]},"product_brand":[],"product_cat":[67],"product_tag":[34],"class_list":{"0":"post-5300","1":"product","2":"type-product","3":"status-publish","4":"has-post-thumbnail","6":"product_cat-manga","7":"product_tag-penguin-random-house","9":"first","10":"outofstock","11":"shipping-taxable","12":"purchasable","13":"product-type-simple"},"_links":{"self":[{"href":"https:\/\/libreriahistoriasdebolsillo.com\/index.php\/wp-json\/wp\/v2\/product\/5300","targetHints":{"allow":["GET"]}}],"collection":[{"href":"https:\/\/libreriahistoriasdebolsillo.com\/index.php\/wp-json\/wp\/v2\/product"}],"about":[{"href":"https:\/\/libreriahistoriasdebolsillo.com\/index.php\/wp-json\/wp\/v2\/types\/product"}],"wp:featuredmedia":[{"embeddable":true,"href":"https:\/\/libreriahistoriasdebolsillo.com\/index.php\/wp-json\/wp\/v2\/media\/5307"}],"wp:attachment":[{"href":"https:\/\/libreriahistoriasdebolsillo.com\/index.php\/wp-json\/wp\/v2\/media?parent=5300"}],"wp:term":[{"taxonomy":"product_brand","embeddable":true,"href":"https:\/\/libreriahistoriasdebolsillo.com\/index.php\/wp-json\/wp\/v2\/product_brand?post=5300"},{"taxonomy":"product_cat","embeddable":true,"href":"https:\/\/libreriahistoriasdebolsillo.com\/index.php\/wp-json\/wp\/v2\/product_cat?post=5300"},{"taxonomy":"product_tag","embeddable":true,"href":"https:\/\/libreriahistoriasdebolsillo.com\/index.php\/wp-json\/wp\/v2\/product_tag?post=5300"}],"curies":[{"name":"wp","href":"https:\/\/api.w.org\/{rel}","templated":true}]}}