{"id":5302,"date":"2024-08-07T10:08:11","date_gmt":"2024-08-07T16:08:11","guid":{"rendered":"https:\/\/libreriahistoriasdebolsillo.com\/?post_type=product&#038;p=5302"},"modified":"2025-12-16T15:42:10","modified_gmt":"2025-12-16T21:42:10","slug":"seremos-el-huracan","status":"publish","type":"product","link":"https:\/\/libreriahistoriasdebolsillo.com\/index.php\/producto\/seremos-el-huracan\/","title":{"rendered":"Seremos el hurac\u00e1n"},"content":{"rendered":"<p><b>Dorothy Gale ha perdido su hogar o, al menos, eso siente ella. Quiz\u00e1 un inesperado grupo de m\u00fasica, junto a tres desconocidos, pueda darle un nuevo lugar al que pertenecer.<\/b><\/p>\n<p><b>Aunque el precio sea vivir una vida que no es la suya.<\/b><\/p>\n<p>Dorothy Gale est\u00e1 perdida o, al menos, se siente as\u00ed desde que su hermano Theo muri\u00f3 y con \u00e9l, el sue\u00f1o de dedicarse juntos a la m\u00fasica. Justo ahora, cuando es demasiado tarde, Dottie recibe una llamada que debi\u00f3 ser para Theo: su gemelo ha sido elegido para formar parte de WIZARD, la pr\u00f3xima\u00a0<i>boyband<\/i>\u00a0de Emerald Music. Pero Theo ya no est\u00e1. Y si Dottie ocupara su lugar y si se hiciera pasar por \u00e9l, \u00bfno ser\u00eda otra manera de mantener vivo su recuerdo un poco m\u00e1s?<\/p>\n<p>La idea parece buena hasta que conoce a sus compa\u00f1eros de grupo, con los que tendr\u00e1 que convivir a todas horas: Raven, el actor con fama de cabeza hueca y un instinto \u00fanico para el\u00a0<i>show business<\/i>; Leo, la estrella de TikTok que parece estar siempre a la espera de algo terrible, y Val, el chico sin coraz\u00f3n que no piensa en nada m\u00e1s que en llegar a lo m\u00e1s alto, cueste lo que cueste. Juntos planean arrasar el mundo de la m\u00fasica como un hurac\u00e1n, pero&#8230;<\/p>\n<p>\u00bfES POSIBLE VIVIR UNA MENTIRA DELANTE DE MILLONES DE PERSONAS SIN OLVIDARTE DE QUI\u00c9N ERES EN REALIDAD?<\/p>\n","protected":false},"excerpt":{"rendered":"<p>Iria G. Parente y Selene M. Pascual<\/p>\n<p>528 p\u00e1ginas<\/p>\n","protected":false},"featured_media":5303,"template":"","meta":{"_joinchat":[]},"product_brand":[],"product_cat":[52,38,51],"product_tag":[34],"class_list":{"0":"post-5302","1":"product","2":"type-product","3":"status-publish","4":"has-post-thumbnail","6":"product_cat-juvenil","7":"product_cat-lgbtq","8":"product_cat-oferta","9":"product_tag-penguin-random-house","11":"first","12":"outofstock","13":"sale","14":"shipping-taxable","15":"purchasable","16":"product-type-simple"},"_links":{"self":[{"href":"https:\/\/libreriahistoriasdebolsillo.com\/index.php\/wp-json\/wp\/v2\/product\/5302","targetHints":{"allow":["GET"]}}],"collection":[{"href":"https:\/\/libreriahistoriasdebolsillo.com\/index.php\/wp-json\/wp\/v2\/product"}],"about":[{"href":"https:\/\/libreriahistoriasdebolsillo.com\/index.php\/wp-json\/wp\/v2\/types\/product"}],"wp:featuredmedia":[{"embeddable":true,"href":"https:\/\/libreriahistoriasdebolsillo.com\/index.php\/wp-json\/wp\/v2\/media\/5303"}],"wp:attachment":[{"href":"https:\/\/libreriahistoriasdebolsillo.com\/index.php\/wp-json\/wp\/v2\/media?parent=5302"}],"wp:term":[{"taxonomy":"product_brand","embeddable":true,"href":"https:\/\/libreriahistoriasdebolsillo.com\/index.php\/wp-json\/wp\/v2\/product_brand?post=5302"},{"taxonomy":"product_cat","embeddable":true,"href":"https:\/\/libreriahistoriasdebolsillo.com\/index.php\/wp-json\/wp\/v2\/product_cat?post=5302"},{"taxonomy":"product_tag","embeddable":true,"href":"https:\/\/libreriahistoriasdebolsillo.com\/index.php\/wp-json\/wp\/v2\/product_tag?post=5302"}],"curies":[{"name":"wp","href":"https:\/\/api.w.org\/{rel}","templated":true}]}}