{"id":5310,"date":"2024-08-07T10:17:37","date_gmt":"2024-08-07T16:17:37","guid":{"rendered":"https:\/\/libreriahistoriasdebolsillo.com\/?post_type=product&#038;p=5310"},"modified":"2026-03-10T16:04:18","modified_gmt":"2026-03-10T22:04:18","slug":"la-campana-de-cristal","status":"publish","type":"product","link":"https:\/\/libreriahistoriasdebolsillo.com\/index.php\/producto\/la-campana-de-cristal\/","title":{"rendered":"La campana de cristal"},"content":{"rendered":"<p><b>Una nueva edici\u00f3n de la novela ic\u00f3nica de Sylvia Plath, con traducci\u00f3n in\u00e9dita de Eugenia V\u00e1zquez Nacarino y pr\u00f3logo de Aixa de la Cruz, que da una nueva lectura en pleno reflujo de la m\u00e1s reciente oleada feminista.<\/b><\/p>\n<p><b>\u00abRespir\u00e9 profundamente y escuch\u00e9 el antiguo estribillo de mi coraz\u00f3n.<\/b><\/p>\n<p><b>Yo soy, yo soy, yo soy\u00bb.<\/b><\/p>\n<p align=\"JUSTIFY\">Esta es la historia de una chica que tiene todo lo que una joven puede desear en el Nueva York de los a\u00f1os cincuenta: una carrera prometedora, un pretendiente que estudia medicina y toda una vida por delante. Esther Greenwood ha ganado una beca para trabajar en una revista de moda en la gran ciudad y siente que por fin podr\u00e1 realizar su sue\u00f1o de ser escritora. Pero entre c\u00f3cteles, noches de fiesta y pilas de manuscritos descubre una sociedad que repudia las aspiraciones de las mujeres y su vida empieza a desmoronarse. Esther -alter ego de la autora- se encierra en s\u00ed misma, comosi estuviera atrapada en una campana de cristal: respirando continuamente el mismo aire viciado y sin posibilidad de escapar.<\/p>\n<p align=\"JUSTIFY\">\n<p align=\"JUSTIFY\">M\u00e1s de cincuenta a\u00f1os despu\u00e9s de su publicaci\u00f3n original,\u00a0<i>La campana de cristal<\/i>\u00a0se ha convertido en un cl\u00e1sico moderno, y las palabras de Plath, con la nueva traducci\u00f3n de Eugenia V\u00e1zquez Nacarino, conservan todo su impacto. Esta obra ic\u00f3nica, como dice Aixa de la Cruz en el pr\u00f3logo, \u00abviaja al presente como una corriente el\u00e9ctrica y nos interpela de t\u00fa a t\u00fa, sin mediaciones\u00bb.<\/p>\n","protected":false},"excerpt":{"rendered":"<p>Sylvia Plath<\/p>\n<p>272 p\u00e1ginas<\/p>\n","protected":false},"featured_media":5311,"template":"","meta":{"_joinchat":[]},"product_brand":[],"product_cat":[33],"product_tag":[34],"class_list":{"0":"post-5310","1":"product","2":"type-product","3":"status-publish","4":"has-post-thumbnail","6":"product_cat-ficcion-general","7":"product_tag-penguin-random-house","9":"first","10":"outofstock","11":"shipping-taxable","12":"purchasable","13":"product-type-simple"},"_links":{"self":[{"href":"https:\/\/libreriahistoriasdebolsillo.com\/index.php\/wp-json\/wp\/v2\/product\/5310","targetHints":{"allow":["GET"]}}],"collection":[{"href":"https:\/\/libreriahistoriasdebolsillo.com\/index.php\/wp-json\/wp\/v2\/product"}],"about":[{"href":"https:\/\/libreriahistoriasdebolsillo.com\/index.php\/wp-json\/wp\/v2\/types\/product"}],"wp:featuredmedia":[{"embeddable":true,"href":"https:\/\/libreriahistoriasdebolsillo.com\/index.php\/wp-json\/wp\/v2\/media\/5311"}],"wp:attachment":[{"href":"https:\/\/libreriahistoriasdebolsillo.com\/index.php\/wp-json\/wp\/v2\/media?parent=5310"}],"wp:term":[{"taxonomy":"product_brand","embeddable":true,"href":"https:\/\/libreriahistoriasdebolsillo.com\/index.php\/wp-json\/wp\/v2\/product_brand?post=5310"},{"taxonomy":"product_cat","embeddable":true,"href":"https:\/\/libreriahistoriasdebolsillo.com\/index.php\/wp-json\/wp\/v2\/product_cat?post=5310"},{"taxonomy":"product_tag","embeddable":true,"href":"https:\/\/libreriahistoriasdebolsillo.com\/index.php\/wp-json\/wp\/v2\/product_tag?post=5310"}],"curies":[{"name":"wp","href":"https:\/\/api.w.org\/{rel}","templated":true}]}}