{"id":5312,"date":"2024-08-07T10:20:54","date_gmt":"2024-08-07T16:20:54","guid":{"rendered":"https:\/\/libreriahistoriasdebolsillo.com\/?post_type=product&#038;p=5312"},"modified":"2026-03-13T17:18:35","modified_gmt":"2026-03-13T23:18:35","slug":"la-empleada-1","status":"publish","type":"product","link":"https:\/\/libreriahistoriasdebolsillo.com\/index.php\/producto\/la-empleada-1\/","title":{"rendered":"La empleada 1"},"content":{"rendered":"<p><b>EL LIBRO DEL QUE TODO EL MUNDO HABLA<\/b><\/p>\n<p><b>Un thriller psicol\u00f3gico absolutamenteadictivo que los lectores de<\/b>\u00a0<i><b>La mujer en la ventana\u00a0<\/b><\/i><b>y<\/b><i><b>\u00a0La pareja de al lado<\/b><\/i><b>\u00a0no<\/b>\u00a0<b>se querr\u00e1n perder.<\/b><\/p>\n<p><b>Novela ganadora del Premio Valencia Negra en la categor\u00eda Best Novel.<\/b><\/p>\n<p>Todos los d\u00edas friego la preciosa casa de los Winchester de arriba abajo. Recojo a su hija del colegio y preparo deliciosas comidas para toda la familia antes de subir a cenar sola en mi min\u00fascula habitaci\u00f3n del piso superior.<br \/>\nIntento no prestar atenci\u00f3n a Nina cuando lo ensucia todo simplemente para ver c\u00f3mo lo limpio. A las extra\u00f1as mentiras que cuenta sobre su propia hija. A su marido, que cada d\u00eda parece m\u00e1s abatido. Pero cuando miro a Andrew a los ojos, casta\u00f1os, encantadores y llenos de dolor, no me resulta dif\u00edcil imaginar c\u00f3mo ser\u00eda vivir en la piel de Nina. El gran vestidor, el coche de lujo, el esposo perfecto.<\/p>\n<p>Hasta que un d\u00eda no me resisto a probarme uno de sus maravillosos vestidos blancos. Solo quiero saber qu\u00e9 se siente. Pero ella pronto lo descubre, y cuando me doy cuenta de que la puerta de mi habitaci\u00f3n solo se cierra por fuera ya es demasiado tarde.<\/p>\n<p>Algo me reconforta:<b>\u00a0los Winchester no saben qui\u00e9n soy en realidad.<\/b><\/p>\n<p><b>No saben de lo que soy capaz&#8230;<\/b><\/p>\n<p><b>***Y tampoco te puedes perder\u00a0<i>El secreto de la asistenta<\/i>\u00a0(Premio Goodreads 2023 al mejor thriller del a\u00f1o) y\u00a0<i>La asistenta te vigila<\/i>.***<\/b><\/p>\n","protected":false},"excerpt":{"rendered":"<p>Freida McFadden<\/p>\n<p>344 p\u00e1ginas<\/p>\n","protected":false},"featured_media":6643,"template":"","meta":{"_joinchat":[]},"product_brand":[],"product_cat":[37],"product_tag":[34],"class_list":{"0":"post-5312","1":"product","2":"type-product","3":"status-publish","4":"has-post-thumbnail","6":"product_cat-misterio-y-thriller","7":"product_tag-penguin-random-house","9":"first","10":"instock","11":"shipping-taxable","12":"purchasable","13":"product-type-simple"},"_links":{"self":[{"href":"https:\/\/libreriahistoriasdebolsillo.com\/index.php\/wp-json\/wp\/v2\/product\/5312","targetHints":{"allow":["GET"]}}],"collection":[{"href":"https:\/\/libreriahistoriasdebolsillo.com\/index.php\/wp-json\/wp\/v2\/product"}],"about":[{"href":"https:\/\/libreriahistoriasdebolsillo.com\/index.php\/wp-json\/wp\/v2\/types\/product"}],"wp:featuredmedia":[{"embeddable":true,"href":"https:\/\/libreriahistoriasdebolsillo.com\/index.php\/wp-json\/wp\/v2\/media\/6643"}],"wp:attachment":[{"href":"https:\/\/libreriahistoriasdebolsillo.com\/index.php\/wp-json\/wp\/v2\/media?parent=5312"}],"wp:term":[{"taxonomy":"product_brand","embeddable":true,"href":"https:\/\/libreriahistoriasdebolsillo.com\/index.php\/wp-json\/wp\/v2\/product_brand?post=5312"},{"taxonomy":"product_cat","embeddable":true,"href":"https:\/\/libreriahistoriasdebolsillo.com\/index.php\/wp-json\/wp\/v2\/product_cat?post=5312"},{"taxonomy":"product_tag","embeddable":true,"href":"https:\/\/libreriahistoriasdebolsillo.com\/index.php\/wp-json\/wp\/v2\/product_tag?post=5312"}],"curies":[{"name":"wp","href":"https:\/\/api.w.org\/{rel}","templated":true}]}}