{"id":5316,"date":"2024-08-07T10:26:36","date_gmt":"2024-08-07T16:26:36","guid":{"rendered":"https:\/\/libreriahistoriasdebolsillo.com\/?post_type=product&#038;p=5316"},"modified":"2024-12-09T12:21:59","modified_gmt":"2024-12-09T18:21:59","slug":"1984-tapa-dura","status":"publish","type":"product","link":"https:\/\/libreriahistoriasdebolsillo.com\/index.php\/producto\/1984-tapa-dura\/","title":{"rendered":"1984 (Tapa dura)"},"content":{"rendered":"<p><b>Una obra maestra sobre la rebeli\u00f3n y la prisi\u00f3n, donde la guerra es paz, la libertad es esclavitud y El Gran Hermano est\u00e1 observando&#8230;<\/b><\/p>\n<p><b>\u00abNo creo que la sociedad que he descrito en 1984 necesariamente llegue a ser una realidad, pero s\u00ed creo que puede llegar a existir algo parecido\u00bb, escrib\u00eda Orwell despu\u00e9s de publicar su novela. Corr\u00eda el a\u00f1o 1948, y la realidad se ha encargado de convertir esa pieza -entonces de ciencia ficci\u00f3n- en un manifiesto de la realidad.<\/b><\/p>\n<p>En el a\u00f1o 1984 Londres es una ciudad l\u00fagubre en la que la Polic\u00eda del Pensamiento controla de forma asfixiante la vida de los ciudadanos. Winston Smith es un pe\u00f3n de este engranaje perverso y su cometido es reescribir la historia para adaptarla a lo que el Partido considera la versi\u00f3n oficial de los hechos. Hasta que decide replantearse la verdad del sistema que los gobierna y somete.<\/p>\n<p><b>La cr\u00edtica ha dicho&#8230;<\/b><\/p>\n<p>\u00abAqu\u00ed ya no estamos solo ante lo que habitualmente reconocemos como \u00abliteratura\u00bb e identificamos con la buena escritura. Aqu\u00ed estamos, repito, ante energ\u00eda visionaria. Y no todas las visiones se refieren al futuro, o al M\u00e1s All\u00e1.\u00bb<\/p>\n<p>Umberto Eco<\/p>\n<p>\u00abEntre mis libros favoritos, lo leo una y otra vez.\u00bb<\/p>\n<p>Margaret Atwood<\/p>\n<p>\u00abNo es dif\u00edcil pensar que Orwell, en 1984, estuviera imaginando un futuro para la generaci\u00f3n de su hijo, un mundo del que deseaba prevenirles.\u00bb<\/p>\n<p>Thomas Pynchon<\/p>\n<p>\u00abLa libertad es una obligaci\u00f3n tan dolorosa que siempre habr\u00e1 quien prefiera rendirse. La virtud de libros como 1984 es su capacidad para recordarnos que la libertad de los seres humanos responsables no es igual a la de los animales.\u00bb<\/p>\n<p>Anthony Burgess<\/p>\n","protected":false},"excerpt":{"rendered":"<p>George Orwell<\/p>\n<p>336 p\u00e1ginas<\/p>\n","protected":false},"featured_media":5317,"template":"","meta":{"_joinchat":[]},"product_brand":[],"product_cat":[42],"product_tag":[34],"class_list":{"0":"post-5316","1":"product","2":"type-product","3":"status-publish","4":"has-post-thumbnail","6":"product_cat-literatura-clasica","7":"product_tag-penguin-random-house","9":"first","10":"outofstock","11":"shipping-taxable","12":"purchasable","13":"product-type-simple"},"_links":{"self":[{"href":"https:\/\/libreriahistoriasdebolsillo.com\/index.php\/wp-json\/wp\/v2\/product\/5316","targetHints":{"allow":["GET"]}}],"collection":[{"href":"https:\/\/libreriahistoriasdebolsillo.com\/index.php\/wp-json\/wp\/v2\/product"}],"about":[{"href":"https:\/\/libreriahistoriasdebolsillo.com\/index.php\/wp-json\/wp\/v2\/types\/product"}],"wp:featuredmedia":[{"embeddable":true,"href":"https:\/\/libreriahistoriasdebolsillo.com\/index.php\/wp-json\/wp\/v2\/media\/5317"}],"wp:attachment":[{"href":"https:\/\/libreriahistoriasdebolsillo.com\/index.php\/wp-json\/wp\/v2\/media?parent=5316"}],"wp:term":[{"taxonomy":"product_brand","embeddable":true,"href":"https:\/\/libreriahistoriasdebolsillo.com\/index.php\/wp-json\/wp\/v2\/product_brand?post=5316"},{"taxonomy":"product_cat","embeddable":true,"href":"https:\/\/libreriahistoriasdebolsillo.com\/index.php\/wp-json\/wp\/v2\/product_cat?post=5316"},{"taxonomy":"product_tag","embeddable":true,"href":"https:\/\/libreriahistoriasdebolsillo.com\/index.php\/wp-json\/wp\/v2\/product_tag?post=5316"}],"curies":[{"name":"wp","href":"https:\/\/api.w.org\/{rel}","templated":true}]}}