{"id":5321,"date":"2024-08-08T18:11:37","date_gmt":"2024-08-09T00:11:37","guid":{"rendered":"https:\/\/libreriahistoriasdebolsillo.com\/?post_type=product&#038;p=5321"},"modified":"2024-12-09T12:41:17","modified_gmt":"2024-12-09T18:41:17","slug":"elloshablan-testimonios-de-hombres-la-relacion-con-sus-padres-el-machismo-y-la-violencia","status":"publish","type":"product","link":"https:\/\/libreriahistoriasdebolsillo.com\/index.php\/producto\/elloshablan-testimonios-de-hombres-la-relacion-con-sus-padres-el-machismo-y-la-violencia\/","title":{"rendered":"#EllosHablan. Testimonios de hombres, la relaci\u00f3n con sus padres, el machismo y la violencia"},"content":{"rendered":"<p>Lydia Cacho define as\u00ed el punto de partida de este libro imprescindible.\u00a0<b>#EllosHablan<\/b>\u00a0son testimonios de\u00a0<b>diversos hombres\u00a0<\/b>que hablan de su\u00a0<b>infancia<\/b>\u00a0y ponen en evidencia la\u00a0<b>violencia<\/b>\u00a0que vivieronen su entorno. Nos dejan ver c\u00f3mo en el ambiente hogare\u00f1o y<b>\u00a0hostil<\/b>, los ni\u00f1os normalizan aquello que m\u00e1s tarde detonar\u00e1 en\u00a0<b>relaciones verticales<\/b>, violentas y discriminatorias que avalan un sistema de impunidad y paternalismo salvaje.<\/p>\n<p>Lydia Cacho nos invita a pensar desde otro lugar para desmenuzar esto que llamamos \u201cel\u00a0<b>hombre normal<\/b>\u201d. Una investigaci\u00f3n que busca replantear el\u00a0<b>liderazgo masculino<\/b>;cuestionar la sumisi\u00f3n ante la violencia a fin de que ni\u00f1os y j\u00f3venes tengan nuevos asideros para construir su<b>\u00a0identidad<\/b>\u00a0sin atavismos.<\/p>\n","protected":false},"excerpt":{"rendered":"<p>Lydia Cacho<\/p>\n<p>352 p\u00e1ginas<\/p>\n","protected":false},"featured_media":5322,"template":"","meta":{"_joinchat":[]},"product_brand":[],"product_cat":[41,70],"product_tag":[34],"class_list":{"0":"post-5321","1":"product","2":"type-product","3":"status-publish","4":"has-post-thumbnail","6":"product_cat-desarrollo-humano","7":"product_cat-novedades","8":"product_tag-penguin-random-house","10":"first","11":"outofstock","12":"shipping-taxable","13":"purchasable","14":"product-type-simple"},"_links":{"self":[{"href":"https:\/\/libreriahistoriasdebolsillo.com\/index.php\/wp-json\/wp\/v2\/product\/5321","targetHints":{"allow":["GET"]}}],"collection":[{"href":"https:\/\/libreriahistoriasdebolsillo.com\/index.php\/wp-json\/wp\/v2\/product"}],"about":[{"href":"https:\/\/libreriahistoriasdebolsillo.com\/index.php\/wp-json\/wp\/v2\/types\/product"}],"wp:featuredmedia":[{"embeddable":true,"href":"https:\/\/libreriahistoriasdebolsillo.com\/index.php\/wp-json\/wp\/v2\/media\/5322"}],"wp:attachment":[{"href":"https:\/\/libreriahistoriasdebolsillo.com\/index.php\/wp-json\/wp\/v2\/media?parent=5321"}],"wp:term":[{"taxonomy":"product_brand","embeddable":true,"href":"https:\/\/libreriahistoriasdebolsillo.com\/index.php\/wp-json\/wp\/v2\/product_brand?post=5321"},{"taxonomy":"product_cat","embeddable":true,"href":"https:\/\/libreriahistoriasdebolsillo.com\/index.php\/wp-json\/wp\/v2\/product_cat?post=5321"},{"taxonomy":"product_tag","embeddable":true,"href":"https:\/\/libreriahistoriasdebolsillo.com\/index.php\/wp-json\/wp\/v2\/product_tag?post=5321"}],"curies":[{"name":"wp","href":"https:\/\/api.w.org\/{rel}","templated":true}]}}