{"id":5325,"date":"2024-08-08T18:18:21","date_gmt":"2024-08-09T00:18:21","guid":{"rendered":"https:\/\/libreriahistoriasdebolsillo.com\/?post_type=product&#038;p=5325"},"modified":"2024-12-09T12:40:46","modified_gmt":"2024-12-09T18:40:46","slug":"dias-de-fantasmas","status":"publish","type":"product","link":"https:\/\/libreriahistoriasdebolsillo.com\/index.php\/producto\/dias-de-fantasmas\/","title":{"rendered":"D\u00edas de fantasmas"},"content":{"rendered":"<p><b>Trece modernos cuentos de terror: una mezcla escalofriante, provocadora y divertida de relato g\u00f3tico, metaverso y autoficci\u00f3n, con el inconfundible sello de \u00abla mejor escritora viva en ingl\u00e9s\u00bb (<\/b><i><b>Evening Standard<\/b><\/i><b>)<\/b><\/p>\n<p>Nuestras vidas digitales e hiperconectadas tienen al alcance milenios de conocimiento, pero \u00bfqu\u00e9 sabemos del mundo de los fantasmas? Nosotros hemos cambiado, pero ellos no: simplemente se han adaptado y han encontrado innovadores caminos para abordarnos. Habitan en nuestras aplicaciones inform\u00e1ticas y deambulan por el metaverso del mismo modo que antes se escond\u00edan en casas tenebrosas, empe\u00f1ados en difuminar los l\u00edmites entre la vida y la muerte y siempre a la caza de nuevas formas de comunicarse, de rondar nuestros recuerdos, de vengarse o de asumir el control de nuestra vida.<\/p>\n<p>Con un inigualable manejo de los c\u00f3digos de la narrativa g\u00f3tica y acompa\u00f1adas de sus l\u00facidas reflexiones, Jeanette Winterson nos brinda trece modernas historias de fantasmas. Algunas son ficci\u00f3n, y otras pueden no serlo.<\/p>\n","protected":false},"excerpt":{"rendered":"<p>Jeanette Winterson<\/p>\n<p>304 p\u00e1ginas<\/p>\n","protected":false},"featured_media":5326,"template":"","meta":{"_joinchat":[]},"product_brand":[],"product_cat":[70,36],"product_tag":[34],"class_list":{"0":"post-5325","1":"product","2":"type-product","3":"status-publish","4":"has-post-thumbnail","6":"product_cat-novedades","7":"product_cat-terror-y-paranormal","8":"product_tag-penguin-random-house","10":"first","11":"outofstock","12":"shipping-taxable","13":"purchasable","14":"product-type-simple"},"_links":{"self":[{"href":"https:\/\/libreriahistoriasdebolsillo.com\/index.php\/wp-json\/wp\/v2\/product\/5325","targetHints":{"allow":["GET"]}}],"collection":[{"href":"https:\/\/libreriahistoriasdebolsillo.com\/index.php\/wp-json\/wp\/v2\/product"}],"about":[{"href":"https:\/\/libreriahistoriasdebolsillo.com\/index.php\/wp-json\/wp\/v2\/types\/product"}],"wp:featuredmedia":[{"embeddable":true,"href":"https:\/\/libreriahistoriasdebolsillo.com\/index.php\/wp-json\/wp\/v2\/media\/5326"}],"wp:attachment":[{"href":"https:\/\/libreriahistoriasdebolsillo.com\/index.php\/wp-json\/wp\/v2\/media?parent=5325"}],"wp:term":[{"taxonomy":"product_brand","embeddable":true,"href":"https:\/\/libreriahistoriasdebolsillo.com\/index.php\/wp-json\/wp\/v2\/product_brand?post=5325"},{"taxonomy":"product_cat","embeddable":true,"href":"https:\/\/libreriahistoriasdebolsillo.com\/index.php\/wp-json\/wp\/v2\/product_cat?post=5325"},{"taxonomy":"product_tag","embeddable":true,"href":"https:\/\/libreriahistoriasdebolsillo.com\/index.php\/wp-json\/wp\/v2\/product_tag?post=5325"}],"curies":[{"name":"wp","href":"https:\/\/api.w.org\/{rel}","templated":true}]}}