{"id":5327,"date":"2024-08-08T18:21:27","date_gmt":"2024-08-09T00:21:27","guid":{"rendered":"https:\/\/libreriahistoriasdebolsillo.com\/?post_type=product&#038;p=5327"},"modified":"2024-12-04T18:50:23","modified_gmt":"2024-12-05T00:50:23","slug":"marvel-mundos-y-escenarios-tapa-dura","status":"publish","type":"product","link":"https:\/\/libreriahistoriasdebolsillo.com\/index.php\/producto\/marvel-mundos-y-escenarios-tapa-dura\/","title":{"rendered":"Marvel: mundos y escenarios (Tapa dura)"},"content":{"rendered":"<p><b>Viaja por mundos incre\u00edbles a trav\u00e9s del espacio y el tiempo. Explora el universo Marvel como nunca antes lo hab\u00edas hecho.<\/b><\/p>\n<p><i>Marvel: mundos y escenarios<\/i>\u00a0es un\u00a0<b>apasionante recorrido\u00a0<\/b>que ilustra las\u00a0<b>historias<\/b>, los\u00a0<b>personajes\u00a0<\/b>y las\u00a0<b>localizaciones\u00a0<\/b>que configuran el\u00a0<b>Universo Marvel<\/b>, con\u00a0<b>comentarios de expertos<\/b>\u00a0y\u00a0<b>mapas creados por reconocidos artistas<\/b>\u00a0como Andrew DeGraff, Adam Simpson y Matt Taylor. Emprende un viaje sin igual por los reinos de Asgard, Wakanda y Atlantis, mundos perdidos como la Tierra Salvaje y la Isla de los Monstruos, los imperios c\u00f3smicos de los krees, los skrulls y los shi&#8217;ar y ciudades como Manhattan o Latveria.<\/p>\n","protected":false},"excerpt":{"rendered":"<p>Viaja por mundos incre\u00edbles a trav\u00e9s del espacio y el tiempo. Explora el universo Marvel como nunca antes lo hab\u00edas hecho. Marvel: mundos y escenarios\u00a0es un\u00a0apasionante recorrido\u00a0que ilustra las\u00a0historias, los\u00a0personajes\u00a0y las\u00a0localizaciones\u00a0que configuran el\u00a0Universo Marvel, con\u00a0comentarios de expertos\u00a0y\u00a0mapas creados por reconocidos artistas\u00a0como Andrew DeGraff, Adam Simpson y Matt Taylor. Emprende un viaje sin igual por los [&hellip;]<\/p>\n","protected":false},"featured_media":5328,"template":"","meta":{"_joinchat":[]},"product_brand":[],"product_cat":[70],"product_tag":[34],"class_list":{"0":"post-5327","1":"product","2":"type-product","3":"status-publish","4":"has-post-thumbnail","6":"product_cat-novedades","7":"product_tag-penguin-random-house","9":"first","10":"outofstock","11":"shipping-taxable","12":"purchasable","13":"product-type-simple"},"_links":{"self":[{"href":"https:\/\/libreriahistoriasdebolsillo.com\/index.php\/wp-json\/wp\/v2\/product\/5327","targetHints":{"allow":["GET"]}}],"collection":[{"href":"https:\/\/libreriahistoriasdebolsillo.com\/index.php\/wp-json\/wp\/v2\/product"}],"about":[{"href":"https:\/\/libreriahistoriasdebolsillo.com\/index.php\/wp-json\/wp\/v2\/types\/product"}],"wp:featuredmedia":[{"embeddable":true,"href":"https:\/\/libreriahistoriasdebolsillo.com\/index.php\/wp-json\/wp\/v2\/media\/5328"}],"wp:attachment":[{"href":"https:\/\/libreriahistoriasdebolsillo.com\/index.php\/wp-json\/wp\/v2\/media?parent=5327"}],"wp:term":[{"taxonomy":"product_brand","embeddable":true,"href":"https:\/\/libreriahistoriasdebolsillo.com\/index.php\/wp-json\/wp\/v2\/product_brand?post=5327"},{"taxonomy":"product_cat","embeddable":true,"href":"https:\/\/libreriahistoriasdebolsillo.com\/index.php\/wp-json\/wp\/v2\/product_cat?post=5327"},{"taxonomy":"product_tag","embeddable":true,"href":"https:\/\/libreriahistoriasdebolsillo.com\/index.php\/wp-json\/wp\/v2\/product_tag?post=5327"}],"curies":[{"name":"wp","href":"https:\/\/api.w.org\/{rel}","templated":true}]}}