{"id":5335,"date":"2024-08-09T10:46:59","date_gmt":"2024-08-09T16:46:59","guid":{"rendered":"https:\/\/libreriahistoriasdebolsillo.com\/?post_type=product&#038;p=5335"},"modified":"2025-01-13T16:53:12","modified_gmt":"2025-01-13T22:53:12","slug":"una-nueva-tierra","status":"publish","type":"product","link":"https:\/\/libreriahistoriasdebolsillo.com\/index.php\/producto\/una-nueva-tierra\/","title":{"rendered":"Una nueva tierra"},"content":{"rendered":"<p>El poder del ahora consagr\u00f3 a\u00a0<b>Eckhart<\/b>\u00a0<b>Tolle<\/b>\u00a0como uno de los m\u00e1s\u00a0<b>grandes maestros<\/b>\u00a0de la\u00a0<b>literatura espiritual<\/b>\u00a0de nuestros d\u00edas. Despu\u00e9s de casi\u00a0<b>ocho a\u00f1os<\/b>\u00a0de espera, esta continuaci\u00f3n brinda nuevamente a sus lectores un\u00a0<b>mensaje inspirador<\/b>.<\/p>\n<p>Una nueva tierra nos ofrece la oportunidad de construir\u00a0<b>un mundo mejor<\/b>. Esto supone una revisi\u00f3n radical del papel de la\u00a0<b>conciencia<\/b>, identificada con el propio ego, que deber\u00eda convertirse en el instrumento para una comprensi\u00f3n\u00a0<b>distinta<\/b>\u00a0y reflexiva de qui\u00e9nes somos.<\/p>\n<p>Para que esto ocurra, las\u00a0<b>estructuras<\/b>\u00a0de la mente humana necesitar\u00edan experimentaruna transformaci\u00f3n, no s\u00f3lo en nosotros sino en el mundo que nos rodea. Cuando revela la naturaleza de esta\u00a0<b>transformaci\u00f3n<\/b>, Tolle describe c\u00f3mo act\u00faa\u00a0<b>nuestro ego<\/b>\u00a0y nos gu\u00eda de forma muy pr\u00e1ctica hacia una nueva conciencia, que nos llevar\u00e1 a laexploraci\u00f3n de nuestro ser m\u00e1s profundo y nos permitir\u00e1 descubrir que somos\u00a0<b>infinitamente mejores<\/b>\u00a0de lo que pensamos.<\/p>\n","protected":false},"excerpt":{"rendered":"<p>Eckhart Tolle<\/p>\n<p>288 p\u00e1ginas<\/p>\n","protected":false},"featured_media":5336,"template":"","meta":{"_joinchat":[]},"product_brand":[],"product_cat":[58,41,70],"product_tag":[34],"class_list":{"0":"post-5335","1":"product","2":"type-product","3":"status-publish","4":"has-post-thumbnail","6":"product_cat-desarrollo-humano-y-superacion","7":"product_cat-desarrollo-humano","8":"product_cat-novedades","9":"product_tag-penguin-random-house","11":"first","12":"outofstock","13":"shipping-taxable","14":"purchasable","15":"product-type-simple"},"_links":{"self":[{"href":"https:\/\/libreriahistoriasdebolsillo.com\/index.php\/wp-json\/wp\/v2\/product\/5335","targetHints":{"allow":["GET"]}}],"collection":[{"href":"https:\/\/libreriahistoriasdebolsillo.com\/index.php\/wp-json\/wp\/v2\/product"}],"about":[{"href":"https:\/\/libreriahistoriasdebolsillo.com\/index.php\/wp-json\/wp\/v2\/types\/product"}],"wp:featuredmedia":[{"embeddable":true,"href":"https:\/\/libreriahistoriasdebolsillo.com\/index.php\/wp-json\/wp\/v2\/media\/5336"}],"wp:attachment":[{"href":"https:\/\/libreriahistoriasdebolsillo.com\/index.php\/wp-json\/wp\/v2\/media?parent=5335"}],"wp:term":[{"taxonomy":"product_brand","embeddable":true,"href":"https:\/\/libreriahistoriasdebolsillo.com\/index.php\/wp-json\/wp\/v2\/product_brand?post=5335"},{"taxonomy":"product_cat","embeddable":true,"href":"https:\/\/libreriahistoriasdebolsillo.com\/index.php\/wp-json\/wp\/v2\/product_cat?post=5335"},{"taxonomy":"product_tag","embeddable":true,"href":"https:\/\/libreriahistoriasdebolsillo.com\/index.php\/wp-json\/wp\/v2\/product_tag?post=5335"}],"curies":[{"name":"wp","href":"https:\/\/api.w.org\/{rel}","templated":true}]}}