{"id":5337,"date":"2024-08-09T10:50:06","date_gmt":"2024-08-09T16:50:06","guid":{"rendered":"https:\/\/libreriahistoriasdebolsillo.com\/?post_type=product&#038;p=5337"},"modified":"2024-12-09T12:39:57","modified_gmt":"2024-12-09T18:39:57","slug":"las-hermanas-romanov","status":"publish","type":"product","link":"https:\/\/libreriahistoriasdebolsillo.com\/index.php\/producto\/las-hermanas-romanov\/","title":{"rendered":"Las hermanas Romanov"},"content":{"rendered":"<p><b>La historia, tan cautivadora como tr\u00e1gica, de Olga, Tatiana, Mar\u00eda y Anastasia, hijas del \u00faltimo zar y las cuatro princesas m\u00e1s glamurosas de Europa.<\/b><\/p>\n<p>El 17 de julio de 1918, cuatro j\u00f3venes bajaron al s\u00f3tano de una casa en\u00a0<b>Ekaterimburgo<\/b>. Junto con sus padres y su hermano menor, fueron<b>\u00a0brutalmente asesinadas<\/b>. Su delito: ser las hijas del\u00a0<b>\u00faltimo zar.<\/b><\/p>\n<p><b>Olga, Tatiana, Mar\u00eda y Anastasia Romanov,<\/b>\u00a0tal vez las j\u00f3venes m\u00e1s admiradas y fotografiadas de la realeza de principios del siglo XX,crecieron en la opulencia, entre juegos, coqueteos con oficiales del ej\u00e9rcito y mascotas&#8230; hasta la\u00a0<b>Primera Guerra Mundial y la Revoluci\u00f3n<\/b>. Pero m\u00e1s all\u00e1 de su imagen edulcorada, \u00bfqui\u00e9nes eran realmente las hermanas Romanov? \u00bfCu\u00e1les eran sus esperanzas personales y sus sue\u00f1os? \u00bfC\u00f3mo era su vida como parte de la familia imperial rusa?<\/p>\n<p>Helen Rappaport coloca a las cuatro hermanas en el centro del escenario y, bas\u00e1ndose en sus\u00a0<b>cartas, diarios<\/b>\u00a0y otras fuentes primarias, hastaahora no examinadas, reconstruye la fascinante personalidad de cada una de ellas, al tiempo que traza un impresionante\u00a0<b>retrato familiar y de la Rusia prerrevolucionaria<\/b>.<\/p>\n<p>\u00abEvocador y espl\u00e9ndidamente investigado y escrito, este libro es historia narrativa en su m\u00e1xima expresi\u00f3n\u00bb<\/p>\n<p><i>Bookseller<\/i><\/p>\n","protected":false},"excerpt":{"rendered":"<p>Helen Rappaport<\/p>\n<p>576 p\u00e1ginas<\/p>\n","protected":false},"featured_media":5338,"template":"","meta":{"_joinchat":[]},"product_brand":[],"product_cat":[41],"product_tag":[34],"class_list":{"0":"post-5337","1":"product","2":"type-product","3":"status-publish","4":"has-post-thumbnail","6":"product_cat-desarrollo-humano","7":"product_tag-penguin-random-house","9":"first","10":"outofstock","11":"shipping-taxable","12":"purchasable","13":"product-type-simple"},"_links":{"self":[{"href":"https:\/\/libreriahistoriasdebolsillo.com\/index.php\/wp-json\/wp\/v2\/product\/5337","targetHints":{"allow":["GET"]}}],"collection":[{"href":"https:\/\/libreriahistoriasdebolsillo.com\/index.php\/wp-json\/wp\/v2\/product"}],"about":[{"href":"https:\/\/libreriahistoriasdebolsillo.com\/index.php\/wp-json\/wp\/v2\/types\/product"}],"wp:featuredmedia":[{"embeddable":true,"href":"https:\/\/libreriahistoriasdebolsillo.com\/index.php\/wp-json\/wp\/v2\/media\/5338"}],"wp:attachment":[{"href":"https:\/\/libreriahistoriasdebolsillo.com\/index.php\/wp-json\/wp\/v2\/media?parent=5337"}],"wp:term":[{"taxonomy":"product_brand","embeddable":true,"href":"https:\/\/libreriahistoriasdebolsillo.com\/index.php\/wp-json\/wp\/v2\/product_brand?post=5337"},{"taxonomy":"product_cat","embeddable":true,"href":"https:\/\/libreriahistoriasdebolsillo.com\/index.php\/wp-json\/wp\/v2\/product_cat?post=5337"},{"taxonomy":"product_tag","embeddable":true,"href":"https:\/\/libreriahistoriasdebolsillo.com\/index.php\/wp-json\/wp\/v2\/product_tag?post=5337"}],"curies":[{"name":"wp","href":"https:\/\/api.w.org\/{rel}","templated":true}]}}