{"id":5339,"date":"2024-08-09T10:55:34","date_gmt":"2024-08-09T16:55:34","guid":{"rendered":"https:\/\/libreriahistoriasdebolsillo.com\/?post_type=product&#038;p=5339"},"modified":"2024-12-14T15:36:59","modified_gmt":"2024-12-14T21:36:59","slug":"el-neandertal-desnudo","status":"publish","type":"product","link":"https:\/\/libreriahistoriasdebolsillo.com\/index.php\/producto\/el-neandertal-desnudo\/","title":{"rendered":"El neandertal desnudo"},"content":{"rendered":"<p><b>\u00bfY si hubi\u00e9ramos malinterpretado qui\u00e9nes eran realmente los neandertales?<\/b><\/p>\n<p><b>\u00abSlimak ha dado con la piedra Rosetta del mundo neandertal\u00bb.<\/b><br \/>\n<i><b>The New Scientist<\/b><\/i><\/p>\n<p>Durante m\u00e1s de un siglo consideramos a los neandertales inferiores a los Homo sapiens, y en los \u00faltimos tiempos pensamos que la diferencia estaba en sus lejanas tradiciones culturales. Pero, \u00bfcu\u00e1l es la verdad? Ludovic Slimak, uno de los mayores especialistas mundiales en el estudio de los neandertales, ha seguido incansablemente la pista de lo que \u00e9l llama la\u00a0<i>criatura,<\/i>\u00a0como si se tratara de un ser misterioso que se atisba a lo lejos, en la bruma.<\/p>\n<p><i>El neandertal desnudo<\/i>\u00a0es un riguroso libro de paleoantropolog\u00eda, pero, sobre todo, un cuaderno de viajes que nos sumerge en una apasionante expedici\u00f3n arqueol\u00f3gica desde las extensiones heladas del C\u00edrculo Polar \u00c1rtico hasta los profundos bosques mediterr\u00e1neos. Tambi\u00e9n es un fascinante relato de treinta a\u00f1os de investigaciones, b\u00fasquedas, excavaciones y trabajo de campo. Cada yacimiento encontrado tiene una historia que contar. Y al encontrarse cara a cara con el hombre neandertal, Slimak descubre a un ser sorprendente cuya verdadera naturaleza parece hab\u00e9rsenos escapado por completo. \u00bfTan inconcebible nos resulta una inteligencia divergente de la nuestra?<\/p>\n<p>Slimak vuelca en este libro sus asombrosos descubrimientos y una visi\u00f3n inquietante que cuestiona dr\u00e1sticamente nuestras creencias sobre los neandertales, la forma en que los concebimos y las razones de su asombrosa extinci\u00f3n. Por medio de una imagen renovada de la especie, nos muestra hasta qu\u00e9 punto nuestros prejuicios nos han impedido valorar sus logros, una ceguera que \u00e9l relaciona convincentemente con las formas modernas de racismo. Nos revela sus descubrimientos con emoci\u00f3n, sentido del humor y gran pulso narrativo, y nos enfrenta de lleno a nuestras fantas\u00edas y proyecciones sobre esta humanidad extinguida. Su hallazgo es el neandertal. Pero de esta mirada cruzada a trav\u00e9s de los milenios emerge tambi\u00e9n un inesperado retrato de nosotros mismos.<\/p>\n","protected":false},"excerpt":{"rendered":"<p>Ludovic Slimak<\/p>\n<p>240 p\u00e1ginas<\/p>\n","protected":false},"featured_media":5340,"template":"","meta":{"_joinchat":[]},"product_brand":[],"product_cat":[41],"product_tag":[34],"class_list":{"0":"post-5339","1":"product","2":"type-product","3":"status-publish","4":"has-post-thumbnail","6":"product_cat-desarrollo-humano","7":"product_tag-penguin-random-house","9":"first","10":"outofstock","11":"shipping-taxable","12":"purchasable","13":"product-type-simple"},"_links":{"self":[{"href":"https:\/\/libreriahistoriasdebolsillo.com\/index.php\/wp-json\/wp\/v2\/product\/5339","targetHints":{"allow":["GET"]}}],"collection":[{"href":"https:\/\/libreriahistoriasdebolsillo.com\/index.php\/wp-json\/wp\/v2\/product"}],"about":[{"href":"https:\/\/libreriahistoriasdebolsillo.com\/index.php\/wp-json\/wp\/v2\/types\/product"}],"wp:featuredmedia":[{"embeddable":true,"href":"https:\/\/libreriahistoriasdebolsillo.com\/index.php\/wp-json\/wp\/v2\/media\/5340"}],"wp:attachment":[{"href":"https:\/\/libreriahistoriasdebolsillo.com\/index.php\/wp-json\/wp\/v2\/media?parent=5339"}],"wp:term":[{"taxonomy":"product_brand","embeddable":true,"href":"https:\/\/libreriahistoriasdebolsillo.com\/index.php\/wp-json\/wp\/v2\/product_brand?post=5339"},{"taxonomy":"product_cat","embeddable":true,"href":"https:\/\/libreriahistoriasdebolsillo.com\/index.php\/wp-json\/wp\/v2\/product_cat?post=5339"},{"taxonomy":"product_tag","embeddable":true,"href":"https:\/\/libreriahistoriasdebolsillo.com\/index.php\/wp-json\/wp\/v2\/product_tag?post=5339"}],"curies":[{"name":"wp","href":"https:\/\/api.w.org\/{rel}","templated":true}]}}