{"id":5343,"date":"2024-08-09T11:01:37","date_gmt":"2024-08-09T17:01:37","guid":{"rendered":"https:\/\/libreriahistoriasdebolsillo.com\/?post_type=product&#038;p=5343"},"modified":"2026-01-12T18:46:04","modified_gmt":"2026-01-13T00:46:04","slug":"la-creacion-de-la-experiencia","status":"publish","type":"product","link":"https:\/\/libreriahistoriasdebolsillo.com\/index.php\/producto\/la-creacion-de-la-experiencia\/","title":{"rendered":"La creaci\u00f3n de la experiencia"},"content":{"rendered":"<p>En esta obra\u00a0<b>Jacobo Grinberg<\/b>\u00a0retoma una idea compartida por los estudios\u00a0<b>fisiol\u00f3gicos<\/b>\u00a0del\u00a0<b>cerebro<\/b>\u00a0y la filosof\u00eda: el mundo exterior es una descripci\u00f3n basada en procesos y operaciones que ocurren en nuestro interior, es decir, en nuestro cerebro y conciencia. Deeste modo, lo que llamamos \u201c<b>realidad<\/b>\u201d ser\u00eda un constructo basado en la activaci\u00f3n de ciertos patrones neuronales mediante la\u00a0<b>percepci\u00f3n<\/b>, seg\u00fan explica el propio autor.<\/p>\n<p>La creaci\u00f3n de la\u00a0<b>experiencia<\/b>\u00a0es un intento de Jacobo Grinberg por consignar de manera te\u00f3rica y ordenada los datos y estudios que sobre aquel precepto recab\u00f3 a lo largo de 15 a\u00f1os de\u00a0<b>labor cient\u00edfica<\/b>. En estas p\u00e1ginas veremos una evoluci\u00f3nsobre su propia opini\u00f3n e ideas que a lo largo de su vida lo llevaron a concluir que todo lo que existe no es m\u00e1s que un particular\u00a0<b>nivel de conciencia<\/b>\u00a0y que esta puede llegar a\u00a0<b>expandirse<\/b>\u00a0en libertad.<\/p>\n","protected":false},"excerpt":{"rendered":"<p>Jacobo Grinberg<\/p>\n<p>256 p\u00e1ginas<\/p>\n","protected":false},"featured_media":5344,"template":"","meta":{"_joinchat":[]},"product_brand":[],"product_cat":[60,41,70],"product_tag":[34],"class_list":{"0":"post-5343","1":"product","2":"type-product","3":"status-publish","4":"has-post-thumbnail","6":"product_cat-ciencia","7":"product_cat-desarrollo-humano","8":"product_cat-novedades","9":"product_tag-penguin-random-house","11":"first","12":"outofstock","13":"shipping-taxable","14":"purchasable","15":"product-type-simple"},"_links":{"self":[{"href":"https:\/\/libreriahistoriasdebolsillo.com\/index.php\/wp-json\/wp\/v2\/product\/5343","targetHints":{"allow":["GET"]}}],"collection":[{"href":"https:\/\/libreriahistoriasdebolsillo.com\/index.php\/wp-json\/wp\/v2\/product"}],"about":[{"href":"https:\/\/libreriahistoriasdebolsillo.com\/index.php\/wp-json\/wp\/v2\/types\/product"}],"wp:featuredmedia":[{"embeddable":true,"href":"https:\/\/libreriahistoriasdebolsillo.com\/index.php\/wp-json\/wp\/v2\/media\/5344"}],"wp:attachment":[{"href":"https:\/\/libreriahistoriasdebolsillo.com\/index.php\/wp-json\/wp\/v2\/media?parent=5343"}],"wp:term":[{"taxonomy":"product_brand","embeddable":true,"href":"https:\/\/libreriahistoriasdebolsillo.com\/index.php\/wp-json\/wp\/v2\/product_brand?post=5343"},{"taxonomy":"product_cat","embeddable":true,"href":"https:\/\/libreriahistoriasdebolsillo.com\/index.php\/wp-json\/wp\/v2\/product_cat?post=5343"},{"taxonomy":"product_tag","embeddable":true,"href":"https:\/\/libreriahistoriasdebolsillo.com\/index.php\/wp-json\/wp\/v2\/product_tag?post=5343"}],"curies":[{"name":"wp","href":"https:\/\/api.w.org\/{rel}","templated":true}]}}