{"id":5345,"date":"2024-08-09T11:03:49","date_gmt":"2024-08-09T17:03:49","guid":{"rendered":"https:\/\/libreriahistoriasdebolsillo.com\/?post_type=product&#038;p=5345"},"modified":"2024-11-01T13:18:27","modified_gmt":"2024-11-01T19:18:27","slug":"la-batalla-por-el-tiempo","status":"publish","type":"product","link":"https:\/\/libreriahistoriasdebolsillo.com\/index.php\/producto\/la-batalla-por-el-tiempo\/","title":{"rendered":"La batalla por el tiempo"},"content":{"rendered":"<p>La Batalla por el Templo es un viaje a la\u00a0<b>vida de Jacobo<\/b>\u00a0<b>Grinberg<\/b>\u00a0narrado por \u00e9l mismo, desde su infancia y juventud, pasando por la\u00a0<b>enfermedad<\/b>\u00a0de su madre \u2014misma que lo motiv\u00f3 a dedicarse al estudio del\u00a0<b>cerebro<\/b>\u00a0y la\u00a0<b>conciencia<\/b>\u2014, hasta su v\u00ednculo con su esposa, Lizette, y su hija, Estusha. As\u00ed como sus momentos m\u00e1s formativos y clave a lo largo de su\u00a0<b>trayectoria laboral<\/b>, sus largos a\u00f1os de trabajo a lado de chamanes como Pachita, cabalistas en Israel y dem\u00e1s sabios de\u00a0<b>tradiciones<\/b>\u00a0<b>antiguas<\/b>, que lo llevaron a ser el extraordinario hombre que fue.<\/p>\n<p>Con una pluma honesta e \u00edntima, Grinberg nos ofrece un texto \u00fanico dentro de toda su obra, en el que a partir de su propia vida reconoce la importancia de estar abierto a los\u00a0<b>cambios<\/b>\u00a0y a la\u00a0<b>transformaci\u00f3n<\/b>, a ser conscientes de uno mismo y nuestro entorno,para as\u00ed expandirnos en libertad. Grinberg mismo fue un ejemplo de sus propias teor\u00edas cient\u00edficas sobre la\u00a0<b>expansi\u00f3n<\/b>\u00a0<b>de la conciencia<\/b>\u00a0y la construcci\u00f3n de la realidad, y este libro da cuenta de ello.<\/p>\n","protected":false},"excerpt":{"rendered":"<p>Jacobo Grinberg<\/p>\n<p>280 p\u00e1ginas<\/p>\n","protected":false},"featured_media":5346,"template":"","meta":{"_joinchat":[]},"product_brand":[],"product_cat":[60,41,70],"product_tag":[34],"class_list":{"0":"post-5345","1":"product","2":"type-product","3":"status-publish","4":"has-post-thumbnail","6":"product_cat-ciencia","7":"product_cat-desarrollo-humano","8":"product_cat-novedades","9":"product_tag-penguin-random-house","11":"first","12":"instock","13":"shipping-taxable","14":"purchasable","15":"product-type-simple"},"_links":{"self":[{"href":"https:\/\/libreriahistoriasdebolsillo.com\/index.php\/wp-json\/wp\/v2\/product\/5345","targetHints":{"allow":["GET"]}}],"collection":[{"href":"https:\/\/libreriahistoriasdebolsillo.com\/index.php\/wp-json\/wp\/v2\/product"}],"about":[{"href":"https:\/\/libreriahistoriasdebolsillo.com\/index.php\/wp-json\/wp\/v2\/types\/product"}],"wp:featuredmedia":[{"embeddable":true,"href":"https:\/\/libreriahistoriasdebolsillo.com\/index.php\/wp-json\/wp\/v2\/media\/5346"}],"wp:attachment":[{"href":"https:\/\/libreriahistoriasdebolsillo.com\/index.php\/wp-json\/wp\/v2\/media?parent=5345"}],"wp:term":[{"taxonomy":"product_brand","embeddable":true,"href":"https:\/\/libreriahistoriasdebolsillo.com\/index.php\/wp-json\/wp\/v2\/product_brand?post=5345"},{"taxonomy":"product_cat","embeddable":true,"href":"https:\/\/libreriahistoriasdebolsillo.com\/index.php\/wp-json\/wp\/v2\/product_cat?post=5345"},{"taxonomy":"product_tag","embeddable":true,"href":"https:\/\/libreriahistoriasdebolsillo.com\/index.php\/wp-json\/wp\/v2\/product_tag?post=5345"}],"curies":[{"name":"wp","href":"https:\/\/api.w.org\/{rel}","templated":true}]}}