{"id":5347,"date":"2024-08-09T11:08:59","date_gmt":"2024-08-09T17:08:59","guid":{"rendered":"https:\/\/libreriahistoriasdebolsillo.com\/?post_type=product&#038;p=5347"},"modified":"2024-11-16T17:23:57","modified_gmt":"2024-11-16T23:23:57","slug":"la-construccion-de-la-realidad","status":"publish","type":"product","link":"https:\/\/libreriahistoriasdebolsillo.com\/index.php\/producto\/la-construccion-de-la-realidad\/","title":{"rendered":"La construcci\u00f3n de la realidad"},"content":{"rendered":"<p>La tesis vertebral de la obra de\u00a0<b>Jacobo Grinberg<\/b>, que desarrolla en su libro\u00a0<i><b>La teor\u00eda<\/b><\/i>\u00a0<i><b>sint\u00e9rgica<\/b><\/i>, sostiene que la realidad perceptible resulta de la interacci\u00f3n de la activaci\u00f3n cerebral y el espacio-tiempo (la\u00a0<b>lattice<\/b>). Asentadassus bases te\u00f3ricas, Grinberg explor\u00f3 dicha relaci\u00f3n a lo largo de varios libros, entre ellos\u00a0<i>La construcci\u00f3n de<\/i>\u00a0<i>la realidad<\/i>. En sus p\u00e1ginas explica que tanto el\u00a0<b>mundo<\/b>\u00a0<b>externo<\/b>\u00a0y tangible como el interno conformado por los pensamientos y sue\u00f1os son una descripci\u00f3n que depende de los individuos y sus historias de vida. Grinberg asegura que es posible cambiar esas\u00a0<b>narrativas<\/b>\u00a0y, por tanto, la realidad. A trav\u00e9s de cuentos y aforismos con ense\u00f1anzas exhorta al lector a explorar lasposibilidades de cambio de conciencia para alcanzar la libertad. En palabras del propio autor, este libro no pretende adoctrinar, sino ser un est\u00edmulo que invite al cambio.<\/p>\n","protected":false},"excerpt":{"rendered":"<p>Jacobo Grinberg<\/p>\n<p>320 p\u00e1ginas<\/p>\n","protected":false},"featured_media":5348,"template":"","meta":{"_joinchat":[]},"product_brand":[],"product_cat":[60,41,70,51],"product_tag":[34],"class_list":{"0":"post-5347","1":"product","2":"type-product","3":"status-publish","4":"has-post-thumbnail","6":"product_cat-ciencia","7":"product_cat-desarrollo-humano","8":"product_cat-novedades","9":"product_cat-oferta","10":"product_tag-penguin-random-house","12":"first","13":"outofstock","14":"shipping-taxable","15":"purchasable","16":"product-type-simple"},"_links":{"self":[{"href":"https:\/\/libreriahistoriasdebolsillo.com\/index.php\/wp-json\/wp\/v2\/product\/5347","targetHints":{"allow":["GET"]}}],"collection":[{"href":"https:\/\/libreriahistoriasdebolsillo.com\/index.php\/wp-json\/wp\/v2\/product"}],"about":[{"href":"https:\/\/libreriahistoriasdebolsillo.com\/index.php\/wp-json\/wp\/v2\/types\/product"}],"wp:featuredmedia":[{"embeddable":true,"href":"https:\/\/libreriahistoriasdebolsillo.com\/index.php\/wp-json\/wp\/v2\/media\/5348"}],"wp:attachment":[{"href":"https:\/\/libreriahistoriasdebolsillo.com\/index.php\/wp-json\/wp\/v2\/media?parent=5347"}],"wp:term":[{"taxonomy":"product_brand","embeddable":true,"href":"https:\/\/libreriahistoriasdebolsillo.com\/index.php\/wp-json\/wp\/v2\/product_brand?post=5347"},{"taxonomy":"product_cat","embeddable":true,"href":"https:\/\/libreriahistoriasdebolsillo.com\/index.php\/wp-json\/wp\/v2\/product_cat?post=5347"},{"taxonomy":"product_tag","embeddable":true,"href":"https:\/\/libreriahistoriasdebolsillo.com\/index.php\/wp-json\/wp\/v2\/product_tag?post=5347"}],"curies":[{"name":"wp","href":"https:\/\/api.w.org\/{rel}","templated":true}]}}