{"id":5349,"date":"2024-08-09T11:11:19","date_gmt":"2024-08-09T17:11:19","guid":{"rendered":"https:\/\/libreriahistoriasdebolsillo.com\/?post_type=product&#038;p=5349"},"modified":"2024-12-09T12:39:44","modified_gmt":"2024-12-09T18:39:44","slug":"salvavidas-para-madres-autonomas","status":"publish","type":"product","link":"https:\/\/libreriahistoriasdebolsillo.com\/index.php\/producto\/salvavidas-para-madres-autonomas\/","title":{"rendered":"Salvavidas para madres aut\u00f3nomas"},"content":{"rendered":"<p><b>\u00bfC\u00f3mo tramito una pensi\u00f3n alimenticia?<\/b><\/p>\n<p><b>\u00bfC\u00f3mo s\u00e9 si mi abogado est\u00e1 haciendo un<\/b>\u00a0<b>buen trabajo?<\/b><\/p>\n<p><b>\u00bfSufro violencia vicaria?&#8230;<\/b><\/p>\n<p>\u00bfYo\u00a0<b>eleg\u00ed mal<\/b>\u00a0al pap\u00e1 de mi hije, es mi culpa? \u00bfQu\u00e9 hago con el\u00a0<b>sentimiento<\/b>\u00a0de abandono? \u00bfC\u00f3mo manejo la\u00a0<b>relaci\u00f3n<\/b>\u00a0entre mi ni\u00f1e y su\u00a0<b>pap\u00e1 deudor<\/b>? \u00bf\u00c9l tiene derecho a verle si no aporta para su\u00a0<b>manutenci\u00f3n<\/b>?&#8230;<\/p>\n<p>\u00bfQu\u00e9 hago el\u00a0<b>D\u00eda del Padre<\/b>? \u00bfC\u00f3mo le hago con el trabajo? \u00bfY si no tengo apoyofamiliar? \u00bfC\u00f3mo manejo el deseo de sentirme acompa\u00f1ada? \u00bfEn qu\u00e9 momento es\u00a0<b>adecuado<\/b>\u00a0presentar mi nueva pareja a mi hije?&#8230;<\/p>\n<p>Esta obra trae respuestas y claridada las\u00a0<b>madres<\/b>\u00a0<b>aut\u00f3nomas<\/b>. La activista Diana Luz V\u00e1zquez \u2014promotora de los\u00a0<b>Tendedores de Deudores<\/b>\u00a0y de la\u00a0<b>Ley Sabina<\/b>\u2014 responde las dudas que de golpe asaltan a las mujeres que maternan en solitario. Busca ser un refugio y un consejero riguroso y asertivo, que\u00a0<b>reivindica<\/b>\u00a0y desmitifica la realidad de las mam\u00e1s aut\u00f3nomas, al mismo tiempoque evidencia uno de los peores problemas que azotan a\u00a0<b>M\u00e9xico<\/b>\u00a0y\u00a0<b>Latinoam\u00e9rica<\/b>: los padres aband\u00f3nicos.<\/p>\n","protected":false},"excerpt":{"rendered":"<p>Diana Luz V\u00e1zquez<\/p>\n<p>192 p\u00e1ginas<\/p>\n","protected":false},"featured_media":5350,"template":"","meta":{"_joinchat":[]},"product_brand":[],"product_cat":[58,41,70],"product_tag":[34],"class_list":{"0":"post-5349","1":"product","2":"type-product","3":"status-publish","4":"has-post-thumbnail","6":"product_cat-desarrollo-humano-y-superacion","7":"product_cat-desarrollo-humano","8":"product_cat-novedades","9":"product_tag-penguin-random-house","11":"first","12":"outofstock","13":"shipping-taxable","14":"purchasable","15":"product-type-simple"},"_links":{"self":[{"href":"https:\/\/libreriahistoriasdebolsillo.com\/index.php\/wp-json\/wp\/v2\/product\/5349","targetHints":{"allow":["GET"]}}],"collection":[{"href":"https:\/\/libreriahistoriasdebolsillo.com\/index.php\/wp-json\/wp\/v2\/product"}],"about":[{"href":"https:\/\/libreriahistoriasdebolsillo.com\/index.php\/wp-json\/wp\/v2\/types\/product"}],"wp:featuredmedia":[{"embeddable":true,"href":"https:\/\/libreriahistoriasdebolsillo.com\/index.php\/wp-json\/wp\/v2\/media\/5350"}],"wp:attachment":[{"href":"https:\/\/libreriahistoriasdebolsillo.com\/index.php\/wp-json\/wp\/v2\/media?parent=5349"}],"wp:term":[{"taxonomy":"product_brand","embeddable":true,"href":"https:\/\/libreriahistoriasdebolsillo.com\/index.php\/wp-json\/wp\/v2\/product_brand?post=5349"},{"taxonomy":"product_cat","embeddable":true,"href":"https:\/\/libreriahistoriasdebolsillo.com\/index.php\/wp-json\/wp\/v2\/product_cat?post=5349"},{"taxonomy":"product_tag","embeddable":true,"href":"https:\/\/libreriahistoriasdebolsillo.com\/index.php\/wp-json\/wp\/v2\/product_tag?post=5349"}],"curies":[{"name":"wp","href":"https:\/\/api.w.org\/{rel}","templated":true}]}}