{"id":5351,"date":"2024-08-09T11:14:16","date_gmt":"2024-08-09T17:14:16","guid":{"rendered":"https:\/\/libreriahistoriasdebolsillo.com\/?post_type=product&#038;p=5351"},"modified":"2025-03-10T10:15:27","modified_gmt":"2025-03-10T16:15:27","slug":"la-cupula","status":"publish","type":"product","link":"https:\/\/libreriahistoriasdebolsillo.com\/index.php\/producto\/la-cupula\/","title":{"rendered":"La c\u00fapula"},"content":{"rendered":"<p><b>Un suceso inexplicable detiene en seco<\/b>\u00a0<b>las vidas de los habitantes de<\/b>\u00a0<b>Chester\u2019s<\/b><b> Mill.\u00a0<\/b><b>\u00bfConseguir\u00e1n escapar?&#8230;<\/b><\/p>\n<p>Una soleada ma\u00f1ana de oto\u00f1o en\u00a0<b>Chester\u2019s<\/b><b>\u00a0Mill<\/b>, Claudette Sanders disfruta de su clase de vuelo, mientras\u00a0<b>Dale Barbara<\/b>\u00a0hace autostop en las afueras. Ninguno llegar\u00e1 a su destino&#8230; De repente, una barrera invisible cae sobre la ciudad como una\u00a0<b>burbuja<\/b>\u00a0<b>cristalina<\/b>\u00a0e inquebrantable. El avi\u00f3n que pilota Claudette choca contra la c\u00fapula y se precipita al suelo, envuelto en llamas. Dale,\u00a0<b>veterano de guerra<\/b>, regresa a la localidad de donde quer\u00eda marcharse para hacerse cargo de la situaci\u00f3n por orden del ej\u00e9rcito.<\/p>\n<p>El tiempo se acaba para aquellos que viven\u00a0<b>bajo la c\u00fapula<\/b>. \u00bfPodr\u00e1n averiguar su origen antes de que sea demasiado tarde? Este thriller plantea inc\u00f3gnitas y tensiones que har\u00e1n que el lector no pueda soltar el libro hasta el final.<\/p>\n","protected":false},"excerpt":{"rendered":"<p>Stephen King<\/p>\n<p>1136 p\u00e1ginas<\/p>\n","protected":false},"featured_media":5352,"template":"","meta":{"_joinchat":[]},"product_brand":[],"product_cat":[36],"product_tag":[34],"class_list":{"0":"post-5351","1":"product","2":"type-product","3":"status-publish","4":"has-post-thumbnail","6":"product_cat-terror-y-paranormal","7":"product_tag-penguin-random-house","9":"first","10":"outofstock","11":"shipping-taxable","12":"purchasable","13":"product-type-simple"},"_links":{"self":[{"href":"https:\/\/libreriahistoriasdebolsillo.com\/index.php\/wp-json\/wp\/v2\/product\/5351","targetHints":{"allow":["GET"]}}],"collection":[{"href":"https:\/\/libreriahistoriasdebolsillo.com\/index.php\/wp-json\/wp\/v2\/product"}],"about":[{"href":"https:\/\/libreriahistoriasdebolsillo.com\/index.php\/wp-json\/wp\/v2\/types\/product"}],"wp:featuredmedia":[{"embeddable":true,"href":"https:\/\/libreriahistoriasdebolsillo.com\/index.php\/wp-json\/wp\/v2\/media\/5352"}],"wp:attachment":[{"href":"https:\/\/libreriahistoriasdebolsillo.com\/index.php\/wp-json\/wp\/v2\/media?parent=5351"}],"wp:term":[{"taxonomy":"product_brand","embeddable":true,"href":"https:\/\/libreriahistoriasdebolsillo.com\/index.php\/wp-json\/wp\/v2\/product_brand?post=5351"},{"taxonomy":"product_cat","embeddable":true,"href":"https:\/\/libreriahistoriasdebolsillo.com\/index.php\/wp-json\/wp\/v2\/product_cat?post=5351"},{"taxonomy":"product_tag","embeddable":true,"href":"https:\/\/libreriahistoriasdebolsillo.com\/index.php\/wp-json\/wp\/v2\/product_tag?post=5351"}],"curies":[{"name":"wp","href":"https:\/\/api.w.org\/{rel}","templated":true}]}}