{"id":5353,"date":"2024-08-09T11:19:05","date_gmt":"2024-08-09T17:19:05","guid":{"rendered":"https:\/\/libreriahistoriasdebolsillo.com\/?post_type=product&#038;p=5353"},"modified":"2024-12-09T12:39:29","modified_gmt":"2024-12-09T18:39:29","slug":"de-adolf-a-hitler-la-construccion-de-un-nazi","status":"publish","type":"product","link":"https:\/\/libreriahistoriasdebolsillo.com\/index.php\/producto\/de-adolf-a-hitler-la-construccion-de-un-nazi\/","title":{"rendered":"De Adolf a Hitler. La construcci\u00f3n de un nazi"},"content":{"rendered":"<p><b><i>De Adolf a Hitler<\/i><\/b>\u00a0es el apasionante relato de c\u00f3mo un tipo solitario, torpe y desempleado, sin cualidades de liderazgo reconocibles y con ideas pol\u00edticas fluctuantes, se convirti\u00f3 en el l\u00edder seguro de s\u00ed mismo y violentamente antisemita con quien por desgracia el mundo pronto se familiarizar\u00eda. El prestigioso y galardonado historiador Thomas Weber desnuda el mito para contar la historia real de la politizaci\u00f3n y radicalizaci\u00f3n de Hitler y mostrar c\u00f3mo, lejos de la imagen de l\u00edder s\u00f3lido y completo que Hitler quiso presentar en\u00a0<i>Mi lucha<\/i>, sus ideas y prioridades no estuvieron definidas hasta bien entrados los a\u00f1os veinte.<\/p>\n<p>La historia de la transformaci\u00f3n de Hitler no se entiende sin una coincidencia fat\u00eddica: tras una etapa de oscilaci\u00f3n oportunista entre la izquierda y la derecha, el futuro dictador emergi\u00f3 como un l\u00edder asombrosamente flexible de la derecha en M\u00fanich y logr\u00f3 reunir al\u00a0<i>establishment<\/i>\u00a0de Baviera para apoyar el famoso\u00a0<i>putsch<\/i>\u00a0cervecero de 1923. Para los alemanes y para el mundo la tragedia fue que Hitler se encontrara en esa ciudad tras la guerra, sin lo cual su giro hacia el nacionalsocialismo nunca habr\u00eda tenido lugar.<\/p>\n<p>Weber traza con brillantez esta terrible metamorfosis y ampl\u00eda de manera radical nuestra comprensi\u00f3n de c\u00f3mo Hitler se convirti\u00f3 en un demagogo letal.<\/p>\n","protected":false},"excerpt":{"rendered":"<p>Thomas Weber<\/p>\n<p>400 p\u00e1ginas<\/p>\n","protected":false},"featured_media":5354,"template":"","meta":{"_joinchat":[]},"product_brand":[],"product_cat":[41,51],"product_tag":[34],"class_list":{"0":"post-5353","1":"product","2":"type-product","3":"status-publish","4":"has-post-thumbnail","6":"product_cat-desarrollo-humano","7":"product_cat-oferta","8":"product_tag-penguin-random-house","10":"first","11":"outofstock","12":"shipping-taxable","13":"purchasable","14":"product-type-simple"},"_links":{"self":[{"href":"https:\/\/libreriahistoriasdebolsillo.com\/index.php\/wp-json\/wp\/v2\/product\/5353","targetHints":{"allow":["GET"]}}],"collection":[{"href":"https:\/\/libreriahistoriasdebolsillo.com\/index.php\/wp-json\/wp\/v2\/product"}],"about":[{"href":"https:\/\/libreriahistoriasdebolsillo.com\/index.php\/wp-json\/wp\/v2\/types\/product"}],"wp:featuredmedia":[{"embeddable":true,"href":"https:\/\/libreriahistoriasdebolsillo.com\/index.php\/wp-json\/wp\/v2\/media\/5354"}],"wp:attachment":[{"href":"https:\/\/libreriahistoriasdebolsillo.com\/index.php\/wp-json\/wp\/v2\/media?parent=5353"}],"wp:term":[{"taxonomy":"product_brand","embeddable":true,"href":"https:\/\/libreriahistoriasdebolsillo.com\/index.php\/wp-json\/wp\/v2\/product_brand?post=5353"},{"taxonomy":"product_cat","embeddable":true,"href":"https:\/\/libreriahistoriasdebolsillo.com\/index.php\/wp-json\/wp\/v2\/product_cat?post=5353"},{"taxonomy":"product_tag","embeddable":true,"href":"https:\/\/libreriahistoriasdebolsillo.com\/index.php\/wp-json\/wp\/v2\/product_tag?post=5353"}],"curies":[{"name":"wp","href":"https:\/\/api.w.org\/{rel}","templated":true}]}}