{"id":5355,"date":"2024-08-09T11:41:59","date_gmt":"2024-08-09T17:41:59","guid":{"rendered":"https:\/\/libreriahistoriasdebolsillo.com\/?post_type=product&#038;p=5355"},"modified":"2024-12-09T12:39:15","modified_gmt":"2024-12-09T18:39:15","slug":"el-psicoanalista-1-ed-bolsillo","status":"publish","type":"product","link":"https:\/\/libreriahistoriasdebolsillo.com\/index.php\/producto\/el-psicoanalista-1-ed-bolsillo\/","title":{"rendered":"El psicoanalista 1 (Ed. bolsillo)"},"content":{"rendered":"<p><i>\u00abFeliz aniversario, doctor. Bienvenido al primer d\u00eda de su muerte.\u00bb<\/i><\/p>\n<p>As\u00ed comienza el\u00a0<b>an\u00f3nimo\u00a0<\/b>que recibe el psicoanalista Frederick Starks, y que le obliga a emplear toda su astucia y rapidez para, en\u00a0<b>quince d\u00edas<\/b>, averiguar qui\u00e9n es el autor de esa\u00a0<b>amenazadora\u00a0<\/b>misiva que promete hacerle la vida imposible.<\/p>\n<p>De no conseguir su objetivo, deber\u00e1 elegir entre\u00a0<b>suicidarse\u00a0<\/b>o ser testigo dec\u00f3mo, uno tras otro, sus familiares y conocidos mueren por obra de un\u00a0<b>psic\u00f3pata\u00a0<\/b>decidido a llevar hasta el final su sed de venganza.<\/p>\n<p>Dando un inesperado giro a la relaci\u00f3n entre m\u00e9dico y paciente, John Katzenbach nos ofrece una novela emblem\u00e1tica del mejor\u00a0<b>suspense psicol\u00f3gico<\/b>. Con casi 200.000 ejemplares vendidos en Espan\u00f1a,<i>\u00a0El psicoanalista\u00a0<\/i>es la novela que lanz\u00f3 a la fama a John Katzenbach.<\/p>\n","protected":false},"excerpt":{"rendered":"<p>John Katzenbach<\/p>\n<p>528 p\u00e1ginas<\/p>\n","protected":false},"featured_media":5356,"template":"","meta":{"_joinchat":[]},"product_brand":[],"product_cat":[37],"product_tag":[34],"class_list":{"0":"post-5355","1":"product","2":"type-product","3":"status-publish","4":"has-post-thumbnail","6":"product_cat-misterio-y-thriller","7":"product_tag-penguin-random-house","9":"first","10":"outofstock","11":"shipping-taxable","12":"purchasable","13":"product-type-simple"},"_links":{"self":[{"href":"https:\/\/libreriahistoriasdebolsillo.com\/index.php\/wp-json\/wp\/v2\/product\/5355","targetHints":{"allow":["GET"]}}],"collection":[{"href":"https:\/\/libreriahistoriasdebolsillo.com\/index.php\/wp-json\/wp\/v2\/product"}],"about":[{"href":"https:\/\/libreriahistoriasdebolsillo.com\/index.php\/wp-json\/wp\/v2\/types\/product"}],"wp:featuredmedia":[{"embeddable":true,"href":"https:\/\/libreriahistoriasdebolsillo.com\/index.php\/wp-json\/wp\/v2\/media\/5356"}],"wp:attachment":[{"href":"https:\/\/libreriahistoriasdebolsillo.com\/index.php\/wp-json\/wp\/v2\/media?parent=5355"}],"wp:term":[{"taxonomy":"product_brand","embeddable":true,"href":"https:\/\/libreriahistoriasdebolsillo.com\/index.php\/wp-json\/wp\/v2\/product_brand?post=5355"},{"taxonomy":"product_cat","embeddable":true,"href":"https:\/\/libreriahistoriasdebolsillo.com\/index.php\/wp-json\/wp\/v2\/product_cat?post=5355"},{"taxonomy":"product_tag","embeddable":true,"href":"https:\/\/libreriahistoriasdebolsillo.com\/index.php\/wp-json\/wp\/v2\/product_tag?post=5355"}],"curies":[{"name":"wp","href":"https:\/\/api.w.org\/{rel}","templated":true}]}}