{"id":5357,"date":"2024-08-09T11:46:11","date_gmt":"2024-08-09T17:46:11","guid":{"rendered":"https:\/\/libreriahistoriasdebolsillo.com\/?post_type=product&#038;p=5357"},"modified":"2024-08-15T15:05:45","modified_gmt":"2024-08-15T21:05:45","slug":"esbozo-de-la-historia","status":"publish","type":"product","link":"https:\/\/libreriahistoriasdebolsillo.com\/index.php\/producto\/esbozo-de-la-historia\/","title":{"rendered":"Esbozo de la historia"},"content":{"rendered":"<p><b>Para numerosas generaciones de estudiantes, el\u00a0<i>Esbozo de historia universal<\/i>\u00a0ha sido un libro clave en el aprendizaje del conocimiento hist\u00f3rico. A la vez, ha acercado la historia a gran cantidad de personas, curiosas del pasado de la humanidad. El profesor Brom, preocupado por una constante actualizaci\u00f3n y difusi\u00f3n de sus obras, cre\u00f3 una comisi\u00f3n de especialistas encargada del cuidado p\u00f3stumo de sus publicaciones. Se presenta aqu\u00ed la primera edici\u00f3n revisada y actualizada por dicha comisi\u00f3n.<\/b><\/p>\n<p>El criterio que inspira esta obra es cient\u00edfico: en ella, la historia es considerada como una constante evoluci\u00f3n, producto de la actividad humana. El texto analiza los distintos periodos desde la aparici\u00f3n del hombre hasta diciembre de 2012, presenta, tambi\u00e9n, una cronolog\u00eda de los acontecimientos de 1945 a la fecha y concluye con reflexiones sobre el car\u00e1cter y el sentido del conocimiento hist\u00f3rico.<\/p>\n<p>De ese modo, el\u00a0<i>Esbozo de historia universal<\/i>\u00a0ofrece una amplia perspectiva del pasado que ayuda a comprender los problemas del mundo actual y a proyectar el progreso futuro del hombre. Como resultado de la experiencia docente de su autor, esta obra constituye un valioso texto de consulta para la ense\u00f1anza de la Historia en las escuelas de nivel medio superior.<\/p>\n","protected":false},"excerpt":{"rendered":"<p>Juan Brom<\/p>\n<p>344 p\u00e1ginas<\/p>\n","protected":false},"featured_media":5358,"template":"","meta":{"_joinchat":[]},"product_brand":[],"product_cat":[41],"product_tag":[34],"class_list":{"0":"post-5357","1":"product","2":"type-product","3":"status-publish","4":"has-post-thumbnail","6":"product_cat-desarrollo-humano","7":"product_tag-penguin-random-house","9":"first","10":"outofstock","11":"shipping-taxable","12":"purchasable","13":"product-type-simple"},"_links":{"self":[{"href":"https:\/\/libreriahistoriasdebolsillo.com\/index.php\/wp-json\/wp\/v2\/product\/5357","targetHints":{"allow":["GET"]}}],"collection":[{"href":"https:\/\/libreriahistoriasdebolsillo.com\/index.php\/wp-json\/wp\/v2\/product"}],"about":[{"href":"https:\/\/libreriahistoriasdebolsillo.com\/index.php\/wp-json\/wp\/v2\/types\/product"}],"wp:featuredmedia":[{"embeddable":true,"href":"https:\/\/libreriahistoriasdebolsillo.com\/index.php\/wp-json\/wp\/v2\/media\/5358"}],"wp:attachment":[{"href":"https:\/\/libreriahistoriasdebolsillo.com\/index.php\/wp-json\/wp\/v2\/media?parent=5357"}],"wp:term":[{"taxonomy":"product_brand","embeddable":true,"href":"https:\/\/libreriahistoriasdebolsillo.com\/index.php\/wp-json\/wp\/v2\/product_brand?post=5357"},{"taxonomy":"product_cat","embeddable":true,"href":"https:\/\/libreriahistoriasdebolsillo.com\/index.php\/wp-json\/wp\/v2\/product_cat?post=5357"},{"taxonomy":"product_tag","embeddable":true,"href":"https:\/\/libreriahistoriasdebolsillo.com\/index.php\/wp-json\/wp\/v2\/product_tag?post=5357"}],"curies":[{"name":"wp","href":"https:\/\/api.w.org\/{rel}","templated":true}]}}