{"id":5363,"date":"2024-08-09T11:56:47","date_gmt":"2024-08-09T17:56:47","guid":{"rendered":"https:\/\/libreriahistoriasdebolsillo.com\/?post_type=product&#038;p=5363"},"modified":"2026-04-23T12:55:03","modified_gmt":"2026-04-23T18:55:03","slug":"american-psycho","status":"publish","type":"product","link":"https:\/\/libreriahistoriasdebolsillo.com\/index.php\/producto\/american-psycho\/","title":{"rendered":"American Psycho"},"content":{"rendered":"<p><b>La novela m\u00e1s infame de Bret Easton Ellis: un cl\u00e1sico contempor\u00e1neo que se ha convertido en s\u00edmbolo de una generaci\u00f3n.<\/b><\/p>\n<p>\u00abLa vida era como un lienzo en blanco, un clich\u00e9, un culebr\u00f3n. Me sent\u00eda letal, al borde de la histeria. Mis ansias nocturnas de sangre inundaban tambi\u00e9n mis d\u00edas y tuve que dejar la ciudad. Mi m\u00e1scara de cordura amenazaba con desaparecer. Para m\u00ed era la estaci\u00f3n m\u00e1s dura y necesitaba vacaciones.\u00bb<\/p>\n<p>El sofisticado, inteligente y vanidoso Patrick Bateman trabaja en Wall Street, idolatra al joven magnate Donald Trump, cena en los restaurantes de moda de Nueva Yorky es capaz de distinguir un traje Armani a cincuenta metros de distancia. Tambi\u00e9n le gusta violar, torturar, asesinar y desmembrar.<\/p>\n<p><i>American Psycho<\/i>, la novela m\u00e1s pol\u00e9mica de Bret Easton Ellis, se ha convertido en el reflejo m\u00e1s descarnado de la sociedad hipermaterialista de finales de los 80 y en una de las obras maestras de finales del siglo XX. Bret Easton Ellis lanza una cr\u00edtica corrosiva hacia el ego\u00edsmo y la depravaci\u00f3n del capitalismo exacerbado: un retrato desolador, ir\u00f3nico y rabiosamente vigente de un mundo al borde del colapso en el que todav\u00eda vivimos.<\/p>\n","protected":false},"excerpt":{"rendered":"<p>Bret Easton Ellis<\/p>\n<p>528 p\u00e1ginas<\/p>\n","protected":false},"featured_media":5364,"template":"","meta":{"_joinchat":[]},"product_brand":[],"product_cat":[37],"product_tag":[34],"class_list":{"0":"post-5363","1":"product","2":"type-product","3":"status-publish","4":"has-post-thumbnail","6":"product_cat-misterio-y-thriller","7":"product_tag-penguin-random-house","9":"first","10":"outofstock","11":"shipping-taxable","12":"purchasable","13":"product-type-simple"},"_links":{"self":[{"href":"https:\/\/libreriahistoriasdebolsillo.com\/index.php\/wp-json\/wp\/v2\/product\/5363","targetHints":{"allow":["GET"]}}],"collection":[{"href":"https:\/\/libreriahistoriasdebolsillo.com\/index.php\/wp-json\/wp\/v2\/product"}],"about":[{"href":"https:\/\/libreriahistoriasdebolsillo.com\/index.php\/wp-json\/wp\/v2\/types\/product"}],"wp:featuredmedia":[{"embeddable":true,"href":"https:\/\/libreriahistoriasdebolsillo.com\/index.php\/wp-json\/wp\/v2\/media\/5364"}],"wp:attachment":[{"href":"https:\/\/libreriahistoriasdebolsillo.com\/index.php\/wp-json\/wp\/v2\/media?parent=5363"}],"wp:term":[{"taxonomy":"product_brand","embeddable":true,"href":"https:\/\/libreriahistoriasdebolsillo.com\/index.php\/wp-json\/wp\/v2\/product_brand?post=5363"},{"taxonomy":"product_cat","embeddable":true,"href":"https:\/\/libreriahistoriasdebolsillo.com\/index.php\/wp-json\/wp\/v2\/product_cat?post=5363"},{"taxonomy":"product_tag","embeddable":true,"href":"https:\/\/libreriahistoriasdebolsillo.com\/index.php\/wp-json\/wp\/v2\/product_tag?post=5363"}],"curies":[{"name":"wp","href":"https:\/\/api.w.org\/{rel}","templated":true}]}}