{"id":5365,"date":"2024-08-09T12:00:58","date_gmt":"2024-08-09T18:00:58","guid":{"rendered":"https:\/\/libreriahistoriasdebolsillo.com\/?post_type=product&#038;p=5365"},"modified":"2024-12-09T12:37:26","modified_gmt":"2024-12-09T18:37:26","slug":"un-instante-eterno","status":"publish","type":"product","link":"https:\/\/libreriahistoriasdebolsillo.com\/index.php\/producto\/un-instante-eterno\/","title":{"rendered":"Un instante eterno"},"content":{"rendered":"<p>Desde mediados del siglo XX,\u00a0<b>la esperanza de vida<\/b>\u00a0ha aumentado en Occidente\u00a0<b>de veinte a treinta a\u00f1os<\/b>, lo que equivale a toda una existencia en el siglo XVII. As\u00ed pues, al llegar a los cincuenta a\u00f1os, experimentamos una suerte de suspensi\u00f3n entre\u00a0<b>la madurez y la vejez<\/b>, un intervalo en el que la\u00a0<b>brevedad de la vida<\/b>realmente comienza, mientras nos planteamos las grandes cuestiones de\u00a0<b>nuestra condici\u00f3n humana<\/b>. \u00bfQueremos vivir mucho o intensamente? \u00bfPreferimos reinventarnos o consolidar nuestra identidad? \u00bfC\u00f3mo vamos a convivir con las grandes alegr\u00edas al tiempo que sobrevienen los grandes dolores? En esta obra ambiciosa e imprescindible,\u00a0<b>Pascal Bruckner nos propone una filosof\u00eda de la longevidad<\/b>\u00a0fundada en la determinaci\u00f3n, a fin de disfrutar al m\u00e1ximo la vida que hemos ganado.<\/p>\n","protected":false},"excerpt":{"rendered":"<p>Pascal Bruckner<\/p>\n<p>294 p\u00e1ginas<\/p>\n","protected":false},"featured_media":5366,"template":"","meta":{"_joinchat":[]},"product_brand":[],"product_cat":[61,51],"product_tag":[34],"class_list":{"0":"post-5365","1":"product","2":"type-product","3":"status-publish","4":"has-post-thumbnail","6":"product_cat-filosofia","7":"product_cat-oferta","8":"product_tag-penguin-random-house","10":"first","11":"outofstock","12":"shipping-taxable","13":"purchasable","14":"product-type-simple"},"_links":{"self":[{"href":"https:\/\/libreriahistoriasdebolsillo.com\/index.php\/wp-json\/wp\/v2\/product\/5365","targetHints":{"allow":["GET"]}}],"collection":[{"href":"https:\/\/libreriahistoriasdebolsillo.com\/index.php\/wp-json\/wp\/v2\/product"}],"about":[{"href":"https:\/\/libreriahistoriasdebolsillo.com\/index.php\/wp-json\/wp\/v2\/types\/product"}],"wp:featuredmedia":[{"embeddable":true,"href":"https:\/\/libreriahistoriasdebolsillo.com\/index.php\/wp-json\/wp\/v2\/media\/5366"}],"wp:attachment":[{"href":"https:\/\/libreriahistoriasdebolsillo.com\/index.php\/wp-json\/wp\/v2\/media?parent=5365"}],"wp:term":[{"taxonomy":"product_brand","embeddable":true,"href":"https:\/\/libreriahistoriasdebolsillo.com\/index.php\/wp-json\/wp\/v2\/product_brand?post=5365"},{"taxonomy":"product_cat","embeddable":true,"href":"https:\/\/libreriahistoriasdebolsillo.com\/index.php\/wp-json\/wp\/v2\/product_cat?post=5365"},{"taxonomy":"product_tag","embeddable":true,"href":"https:\/\/libreriahistoriasdebolsillo.com\/index.php\/wp-json\/wp\/v2\/product_tag?post=5365"}],"curies":[{"name":"wp","href":"https:\/\/api.w.org\/{rel}","templated":true}]}}