{"id":5369,"date":"2024-08-09T13:34:12","date_gmt":"2024-08-09T19:34:12","guid":{"rendered":"https:\/\/libreriahistoriasdebolsillo.com\/?post_type=product&#038;p=5369"},"modified":"2025-06-28T11:27:06","modified_gmt":"2025-06-28T17:27:06","slug":"hay-tiempo-genera-mas-disfrutando-de-tu-vida","status":"publish","type":"product","link":"https:\/\/libreriahistoriasdebolsillo.com\/index.php\/producto\/hay-tiempo-genera-mas-disfrutando-de-tu-vida\/","title":{"rendered":"Hay tiempo. Genera m\u00e1s disfrutando de tu vida"},"content":{"rendered":"<p>El tiempo no es dinero, es energ\u00eda vital. Tus recuerdos m\u00e1s preciados, tu plenitud en el presente y el futuro que anhelas. Hay tiempo te abre la posibilidad de una realidad distinta, donde tu calidad de vida va primero. Solo se trata de ser amable contigo y aprender a simplificar y agilizar los procesos lo m\u00e1s que puedas. Jenny Blake era empleada en Google cuando se dio cuenta de que exist\u00edan otras maneras de trabajar. Tienes en tus manos su galardonada gu\u00eda paso a paso para que el tiempo sea tu recurso m\u00e1s abundante. \u00a1Enf\u00f3cate en ti y construye el trabajo de tus sue\u00f1os!<\/p>\n","protected":false},"excerpt":{"rendered":"<p>Jenny Blake<\/p>\n<p>360 p\u00e1ginas<\/p>\n","protected":false},"featured_media":5370,"template":"","meta":{"_joinchat":[]},"product_brand":[],"product_cat":[41,70],"product_tag":[48],"class_list":{"0":"post-5369","1":"product","2":"type-product","3":"status-publish","4":"has-post-thumbnail","6":"product_cat-desarrollo-humano","7":"product_cat-novedades","8":"product_tag-vr-editoras","10":"first","11":"outofstock","12":"shipping-taxable","13":"purchasable","14":"product-type-simple"},"_links":{"self":[{"href":"https:\/\/libreriahistoriasdebolsillo.com\/index.php\/wp-json\/wp\/v2\/product\/5369","targetHints":{"allow":["GET"]}}],"collection":[{"href":"https:\/\/libreriahistoriasdebolsillo.com\/index.php\/wp-json\/wp\/v2\/product"}],"about":[{"href":"https:\/\/libreriahistoriasdebolsillo.com\/index.php\/wp-json\/wp\/v2\/types\/product"}],"wp:featuredmedia":[{"embeddable":true,"href":"https:\/\/libreriahistoriasdebolsillo.com\/index.php\/wp-json\/wp\/v2\/media\/5370"}],"wp:attachment":[{"href":"https:\/\/libreriahistoriasdebolsillo.com\/index.php\/wp-json\/wp\/v2\/media?parent=5369"}],"wp:term":[{"taxonomy":"product_brand","embeddable":true,"href":"https:\/\/libreriahistoriasdebolsillo.com\/index.php\/wp-json\/wp\/v2\/product_brand?post=5369"},{"taxonomy":"product_cat","embeddable":true,"href":"https:\/\/libreriahistoriasdebolsillo.com\/index.php\/wp-json\/wp\/v2\/product_cat?post=5369"},{"taxonomy":"product_tag","embeddable":true,"href":"https:\/\/libreriahistoriasdebolsillo.com\/index.php\/wp-json\/wp\/v2\/product_tag?post=5369"}],"curies":[{"name":"wp","href":"https:\/\/api.w.org\/{rel}","templated":true}]}}