{"id":5373,"date":"2024-08-09T13:40:15","date_gmt":"2024-08-09T19:40:15","guid":{"rendered":"https:\/\/libreriahistoriasdebolsillo.com\/?post_type=product&#038;p=5373"},"modified":"2025-12-04T14:38:49","modified_gmt":"2025-12-04T20:38:49","slug":"reverie","status":"publish","type":"product","link":"https:\/\/libreriahistoriasdebolsillo.com\/index.php\/producto\/reverie\/","title":{"rendered":"Reverie"},"content":{"rendered":"<p>\u00bfY si todo lo que ocultas en tu interior saliera al mundo? Desde que la polic\u00eda encontr\u00f3 a Kane al borde de la muerte en el r\u00edo, el chico no puede recordar nada. Sin embargo, todo se siente diferente. Cuando cosas extra\u00f1as comienzan a ocurrir a su alrededor, sus supuestos mejores amigos le conf\u00edan un secreto: la realidad ya no es la misma. Pero tambi\u00e9n recibe una advertencia: no debe confiar en ellos. Sin saber en qui\u00e9n creer, se encuentra perdido. Hasta que, junto a un grupo que se hace llamar Los Otros, es arrastrado a enso\u00f1aciones cada vez m\u00e1s fantasiosas y amenazantes, entonces se vuelve muy claro que hay magia oscura involucrada. Nada en la vida de Kane es un accidente. Y solo \u00e9l podr\u00e1 evitar que el mundo se vuelva una pesadilla.<\/p>\n","protected":false},"excerpt":{"rendered":"<p>Ryan La Sala<\/p>\n<p>360 p\u00e1ginas<\/p>\n","protected":false},"featured_media":5374,"template":"","meta":{"_joinchat":[]},"product_brand":[],"product_cat":[77,38,70],"product_tag":[48],"class_list":{"0":"post-5373","1":"product","2":"type-product","3":"status-publish","4":"has-post-thumbnail","6":"product_cat-fantasia-urbana","7":"product_cat-lgbtq","8":"product_cat-novedades","9":"product_tag-vr-editoras","11":"first","12":"instock","13":"shipping-taxable","14":"purchasable","15":"product-type-simple"},"_links":{"self":[{"href":"https:\/\/libreriahistoriasdebolsillo.com\/index.php\/wp-json\/wp\/v2\/product\/5373","targetHints":{"allow":["GET"]}}],"collection":[{"href":"https:\/\/libreriahistoriasdebolsillo.com\/index.php\/wp-json\/wp\/v2\/product"}],"about":[{"href":"https:\/\/libreriahistoriasdebolsillo.com\/index.php\/wp-json\/wp\/v2\/types\/product"}],"wp:featuredmedia":[{"embeddable":true,"href":"https:\/\/libreriahistoriasdebolsillo.com\/index.php\/wp-json\/wp\/v2\/media\/5374"}],"wp:attachment":[{"href":"https:\/\/libreriahistoriasdebolsillo.com\/index.php\/wp-json\/wp\/v2\/media?parent=5373"}],"wp:term":[{"taxonomy":"product_brand","embeddable":true,"href":"https:\/\/libreriahistoriasdebolsillo.com\/index.php\/wp-json\/wp\/v2\/product_brand?post=5373"},{"taxonomy":"product_cat","embeddable":true,"href":"https:\/\/libreriahistoriasdebolsillo.com\/index.php\/wp-json\/wp\/v2\/product_cat?post=5373"},{"taxonomy":"product_tag","embeddable":true,"href":"https:\/\/libreriahistoriasdebolsillo.com\/index.php\/wp-json\/wp\/v2\/product_tag?post=5373"}],"curies":[{"name":"wp","href":"https:\/\/api.w.org\/{rel}","templated":true}]}}