{"id":5388,"date":"2024-08-12T14:54:22","date_gmt":"2024-08-12T20:54:22","guid":{"rendered":"https:\/\/libreriahistoriasdebolsillo.com\/?post_type=product&#038;p=5388"},"modified":"2024-12-16T16:55:27","modified_gmt":"2024-12-16T22:55:27","slug":"los-destrozos","status":"publish","type":"product","link":"https:\/\/libreriahistoriasdebolsillo.com\/index.php\/producto\/los-destrozos\/","title":{"rendered":"Los destrozos"},"content":{"rendered":"<p><b>Los \u00c1ngeles, 1981<\/b>. A sus diecisiete a\u00f1os, Bret est\u00e1 a punto de empezar su \u00faltimo curso de secundaria en Buckley junto a su exclusivo y sofisticado grupo de amigos: Thom, Susan y Debbie, novia de Bret, experimentan con el sexo, el alcohol y las drogas mientras aprovechan los \u00faltimos d\u00edas de verano. Pero este sue\u00f1o paradisiaco se desmorona con la llegada de un nuevo alumno: Robert Mallory es brillante, guapo y carism\u00e1tico, pero algo en \u00e9l no encaja, y nadie m\u00e1s que Bret parece darse cuenta de que ese algo podr\u00eda estar relacionado con la aparici\u00f3n del Arrastrero, un asesino en serie que amenaza a los adolescentes de la ciudad y a sus mascotas.<\/p>\n<p>El autor de<i>\u00a0American Psycho<\/i>\u00a0y<i>\u00a0Menos que cero<\/i>\u00a0nos brinda un emocionante y provocador viaje a su yo adolescente, un viaje cargado de un insaciable deseo sexual y de celos, obsesi\u00f3n y rabia asesina.<i>\u00a0Los destrozos<\/i>\u00a0es una absorbente historia sobre la p\u00e9rdida de la inocencia y el complicado paso a la vida adulta, y tambi\u00e9n un v\u00edvido y nost\u00e1lgico retrato de la d\u00e9cada de los ochenta; una narraci\u00f3n recorrida por el suspense, el terror, el erotismo y el inconfundible humor negro caracter\u00edsticos de un autor que es el s\u00edmbolo de toda una generaci\u00f3n.<\/p>\n","protected":false},"excerpt":{"rendered":"<p>Bret Easton Ellis<\/p>\n<p>680 p\u00e1ginas<\/p>\n","protected":false},"featured_media":5389,"template":"","meta":{"_joinchat":[]},"product_brand":[],"product_cat":[38,37],"product_tag":[34],"class_list":{"0":"post-5388","1":"product","2":"type-product","3":"status-publish","4":"has-post-thumbnail","6":"product_cat-lgbtq","7":"product_cat-misterio-y-thriller","8":"product_tag-penguin-random-house","10":"first","11":"outofstock","12":"shipping-taxable","13":"purchasable","14":"product-type-simple"},"_links":{"self":[{"href":"https:\/\/libreriahistoriasdebolsillo.com\/index.php\/wp-json\/wp\/v2\/product\/5388","targetHints":{"allow":["GET"]}}],"collection":[{"href":"https:\/\/libreriahistoriasdebolsillo.com\/index.php\/wp-json\/wp\/v2\/product"}],"about":[{"href":"https:\/\/libreriahistoriasdebolsillo.com\/index.php\/wp-json\/wp\/v2\/types\/product"}],"wp:featuredmedia":[{"embeddable":true,"href":"https:\/\/libreriahistoriasdebolsillo.com\/index.php\/wp-json\/wp\/v2\/media\/5389"}],"wp:attachment":[{"href":"https:\/\/libreriahistoriasdebolsillo.com\/index.php\/wp-json\/wp\/v2\/media?parent=5388"}],"wp:term":[{"taxonomy":"product_brand","embeddable":true,"href":"https:\/\/libreriahistoriasdebolsillo.com\/index.php\/wp-json\/wp\/v2\/product_brand?post=5388"},{"taxonomy":"product_cat","embeddable":true,"href":"https:\/\/libreriahistoriasdebolsillo.com\/index.php\/wp-json\/wp\/v2\/product_cat?post=5388"},{"taxonomy":"product_tag","embeddable":true,"href":"https:\/\/libreriahistoriasdebolsillo.com\/index.php\/wp-json\/wp\/v2\/product_tag?post=5388"}],"curies":[{"name":"wp","href":"https:\/\/api.w.org\/{rel}","templated":true}]}}