{"id":5390,"date":"2024-08-12T14:58:24","date_gmt":"2024-08-12T20:58:24","guid":{"rendered":"https:\/\/libreriahistoriasdebolsillo.com\/?post_type=product&#038;p=5390"},"modified":"2024-08-12T14:58:24","modified_gmt":"2024-08-12T20:58:24","slug":"carmilla-tapa-dura","status":"publish","type":"product","link":"https:\/\/libreriahistoriasdebolsillo.com\/index.php\/producto\/carmilla-tapa-dura\/","title":{"rendered":"Carmilla (tapa dura)"},"content":{"rendered":"<p>Laura es una joven que vive con su padre en un antiguo castillo en las tierras de Estiria, en Austria. Un d\u00eda, su vida cambia cuando la carreta en la que viajan dos mujeres nobles se voltea frente al castillo. En ella van Carmilla y su madre, quien le pide al padre de Laura que hospede a su hija durante pocos meses porque debe seguir con su viaje urgentemente. Las dos chicas entablan una amistad, y Laura empieza a notar que Carmilla siente una atracci\u00f3n por ella, aunque se comporta de una manera muy extra\u00f1a. Desde la llegada de la hu\u00e9sped, Laura comienza a enfermarse y su padre se preguntar\u00e1 qu\u00e9 podr\u00eda estar ocurri\u00e9ndole. Conforme pase el tiempo, ambos descubrir\u00e1n la verdadera identidad de Carmilla.<\/p>\n","protected":false},"excerpt":{"rendered":"<p>Joseph Sheridan Le Fanu<\/p>\n<p>128 p\u00e1ginas<\/p>\n","protected":false},"featured_media":5391,"template":"","meta":{"_joinchat":[]},"product_brand":[],"product_cat":[42],"product_tag":[34],"class_list":{"0":"post-5390","1":"product","2":"type-product","3":"status-publish","4":"has-post-thumbnail","6":"product_cat-literatura-clasica","7":"product_tag-penguin-random-house","9":"first","10":"outofstock","11":"shipping-taxable","12":"purchasable","13":"product-type-simple"},"_links":{"self":[{"href":"https:\/\/libreriahistoriasdebolsillo.com\/index.php\/wp-json\/wp\/v2\/product\/5390","targetHints":{"allow":["GET"]}}],"collection":[{"href":"https:\/\/libreriahistoriasdebolsillo.com\/index.php\/wp-json\/wp\/v2\/product"}],"about":[{"href":"https:\/\/libreriahistoriasdebolsillo.com\/index.php\/wp-json\/wp\/v2\/types\/product"}],"wp:featuredmedia":[{"embeddable":true,"href":"https:\/\/libreriahistoriasdebolsillo.com\/index.php\/wp-json\/wp\/v2\/media\/5391"}],"wp:attachment":[{"href":"https:\/\/libreriahistoriasdebolsillo.com\/index.php\/wp-json\/wp\/v2\/media?parent=5390"}],"wp:term":[{"taxonomy":"product_brand","embeddable":true,"href":"https:\/\/libreriahistoriasdebolsillo.com\/index.php\/wp-json\/wp\/v2\/product_brand?post=5390"},{"taxonomy":"product_cat","embeddable":true,"href":"https:\/\/libreriahistoriasdebolsillo.com\/index.php\/wp-json\/wp\/v2\/product_cat?post=5390"},{"taxonomy":"product_tag","embeddable":true,"href":"https:\/\/libreriahistoriasdebolsillo.com\/index.php\/wp-json\/wp\/v2\/product_tag?post=5390"}],"curies":[{"name":"wp","href":"https:\/\/api.w.org\/{rel}","templated":true}]}}