{"id":5392,"date":"2024-08-12T15:01:27","date_gmt":"2024-08-12T21:01:27","guid":{"rendered":"https:\/\/libreriahistoriasdebolsillo.com\/?post_type=product&#038;p=5392"},"modified":"2024-11-27T18:49:13","modified_gmt":"2024-11-28T00:49:13","slug":"soluciones-practicas","status":"publish","type":"product","link":"https:\/\/libreriahistoriasdebolsillo.com\/index.php\/producto\/soluciones-practicas\/","title":{"rendered":"Soluciones pr\u00e1cticas"},"content":{"rendered":"<p><b>Por el autor de GENTE T\u00d3XICA, el fen\u00f3meno mundial de la autoayuda<\/b><\/p>\n<p><b>Una gu\u00eda indispensable para<\/b>\u00a0<b>autotransformarte<\/b><b>, apreciar tu potencial y valorar la vida en toda su dimensi\u00f3n, por el autor<\/b>\u00a0<b>bestseller<\/b>\u00a0<b>de la autoayuda.<\/b><\/p>\n<p>La pregunta que surge ante un\u00a0<b>problema<\/b>\u00a0siempre es la misma: \u00ab\u00bfC\u00f3mo lo resuelvo?\u00bb. Las personas experimentamos innumerables situaciones\u00a0<b>problem\u00e1ticas<\/b>, ya sean miedos y\u00a0<b>pensamientos catastr\u00f3ficos<\/b>,\u00a0<b>p\u00e9rdidas dolorosas<\/b>,\u00a0<b>falta de motivaci\u00f3n<\/b>,\u00a0<b>conflictos de pareja<\/b>, dificultad para tomar decisiones, incapacidad para poner l\u00edmites,\u00a0<b>baja autoestima<\/b>, etc.<\/p>\n<p>En Soluciones pr\u00e1cticas encontrar\u00e1s treinta \u00ab<b>llaves maestras<\/b>\u00bb que podr\u00e1s implementar ante los distintos problemas a los que<b>debas enfrentarte<\/b>. Cada ejercicio es una soluci\u00f3n pr\u00e1ctica altamente eficaz y f\u00e1cil de aplicar, una caja de recursos internos extraordinarios para seguir creciendo hasta\u00a0<b>alcanzar tus sue\u00f1os<\/b>. Estas treinta soluciones potenciar\u00e1n tus fortalezas y te ayudar\u00e1n a lograr el \u00e9xito y la\u00a0<b>superaci\u00f3n personal<\/b>.<\/p>\n","protected":false},"excerpt":{"rendered":"<p>Bernardo Stamateas<\/p>\n<p>240 p\u00e1ginas<\/p>\n","protected":false},"featured_media":5393,"template":"","meta":{"_joinchat":[]},"product_brand":[],"product_cat":[58,41],"product_tag":[34],"class_list":{"0":"post-5392","1":"product","2":"type-product","3":"status-publish","4":"has-post-thumbnail","6":"product_cat-desarrollo-humano-y-superacion","7":"product_cat-desarrollo-humano","8":"product_tag-penguin-random-house","10":"first","11":"outofstock","12":"shipping-taxable","13":"purchasable","14":"product-type-simple"},"_links":{"self":[{"href":"https:\/\/libreriahistoriasdebolsillo.com\/index.php\/wp-json\/wp\/v2\/product\/5392","targetHints":{"allow":["GET"]}}],"collection":[{"href":"https:\/\/libreriahistoriasdebolsillo.com\/index.php\/wp-json\/wp\/v2\/product"}],"about":[{"href":"https:\/\/libreriahistoriasdebolsillo.com\/index.php\/wp-json\/wp\/v2\/types\/product"}],"wp:featuredmedia":[{"embeddable":true,"href":"https:\/\/libreriahistoriasdebolsillo.com\/index.php\/wp-json\/wp\/v2\/media\/5393"}],"wp:attachment":[{"href":"https:\/\/libreriahistoriasdebolsillo.com\/index.php\/wp-json\/wp\/v2\/media?parent=5392"}],"wp:term":[{"taxonomy":"product_brand","embeddable":true,"href":"https:\/\/libreriahistoriasdebolsillo.com\/index.php\/wp-json\/wp\/v2\/product_brand?post=5392"},{"taxonomy":"product_cat","embeddable":true,"href":"https:\/\/libreriahistoriasdebolsillo.com\/index.php\/wp-json\/wp\/v2\/product_cat?post=5392"},{"taxonomy":"product_tag","embeddable":true,"href":"https:\/\/libreriahistoriasdebolsillo.com\/index.php\/wp-json\/wp\/v2\/product_tag?post=5392"}],"curies":[{"name":"wp","href":"https:\/\/api.w.org\/{rel}","templated":true}]}}