{"id":5400,"date":"2024-08-12T15:11:53","date_gmt":"2024-08-12T21:11:53","guid":{"rendered":"https:\/\/libreriahistoriasdebolsillo.com\/?post_type=product&#038;p=5400"},"modified":"2024-11-11T17:57:28","modified_gmt":"2024-11-11T23:57:28","slug":"un-mundo-feliz-tapa-dura","status":"publish","type":"product","link":"https:\/\/libreriahistoriasdebolsillo.com\/index.php\/producto\/un-mundo-feliz-tapa-dura\/","title":{"rendered":"Un mundo feliz (tapa dura)"},"content":{"rendered":"<p><b><i>Un mundo feliz<\/i>\u00a0es un cl\u00e1sico de la literatura del siglo XX, una sombr\u00eda met\u00e1fora sobre el futuro.<\/b><\/p>\n<p>La novela describe un mundo en el que finalmente se han cumplido los peores vaticinios: triunfan los dioses del consumo y la comodidad, y el orbe se organiza en diez zonas en apariencia seguras y estables. Sin embargo, este mundo ha sacrificado valores humanos esenciales, y sus habitantes son procreados in vitro a imagen y semejanza de una cadena de montaje.<\/p>\n<p><b>Otros autores han opinado:<\/b><\/p>\n<p>\u00abAldous Huxley fue un hombre extraordinariamente prof\u00e9tico, no hay otro novelista en el siglo xx que haya escrito una gu\u00eda m\u00e1s sagaz del futuro\u00bb -J. G. Ballard-<\/p>\n","protected":false},"excerpt":{"rendered":"<p>Aldous Huxley<\/p>\n<p>256 p\u00e1ginas<\/p>\n","protected":false},"featured_media":5401,"template":"","meta":{"_joinchat":[]},"product_brand":[],"product_cat":[42],"product_tag":[34],"class_list":{"0":"post-5400","1":"product","2":"type-product","3":"status-publish","4":"has-post-thumbnail","6":"product_cat-literatura-clasica","7":"product_tag-penguin-random-house","9":"first","10":"outofstock","11":"shipping-taxable","12":"purchasable","13":"product-type-simple"},"_links":{"self":[{"href":"https:\/\/libreriahistoriasdebolsillo.com\/index.php\/wp-json\/wp\/v2\/product\/5400","targetHints":{"allow":["GET"]}}],"collection":[{"href":"https:\/\/libreriahistoriasdebolsillo.com\/index.php\/wp-json\/wp\/v2\/product"}],"about":[{"href":"https:\/\/libreriahistoriasdebolsillo.com\/index.php\/wp-json\/wp\/v2\/types\/product"}],"wp:featuredmedia":[{"embeddable":true,"href":"https:\/\/libreriahistoriasdebolsillo.com\/index.php\/wp-json\/wp\/v2\/media\/5401"}],"wp:attachment":[{"href":"https:\/\/libreriahistoriasdebolsillo.com\/index.php\/wp-json\/wp\/v2\/media?parent=5400"}],"wp:term":[{"taxonomy":"product_brand","embeddable":true,"href":"https:\/\/libreriahistoriasdebolsillo.com\/index.php\/wp-json\/wp\/v2\/product_brand?post=5400"},{"taxonomy":"product_cat","embeddable":true,"href":"https:\/\/libreriahistoriasdebolsillo.com\/index.php\/wp-json\/wp\/v2\/product_cat?post=5400"},{"taxonomy":"product_tag","embeddable":true,"href":"https:\/\/libreriahistoriasdebolsillo.com\/index.php\/wp-json\/wp\/v2\/product_tag?post=5400"}],"curies":[{"name":"wp","href":"https:\/\/api.w.org\/{rel}","templated":true}]}}