{"id":5404,"date":"2024-08-12T15:37:16","date_gmt":"2024-08-12T21:37:16","guid":{"rendered":"https:\/\/libreriahistoriasdebolsillo.com\/?post_type=product&#038;p=5404"},"modified":"2026-04-16T10:18:48","modified_gmt":"2026-04-16T16:18:48","slug":"saga-powerless-1-5-powerful","status":"publish","type":"product","link":"https:\/\/libreriahistoriasdebolsillo.com\/index.php\/producto\/saga-powerless-1-5-powerful\/","title":{"rendered":"Saga powerless 1.5 Powerful"},"content":{"rendered":"<p><b>Una historia independiente del universo\u00a0<i>Powerless<\/i>, el nuevo fen\u00f3meno internacional de fantas\u00eda rom\u00e1ntica que est\u00e1 arrasando en todo el mundo. <\/b><b>Amistad, amor, misterio, peligro&#8230; 100 % adictiva, 100 %\u00a0<i>Powerless<\/i>.<\/b><\/p>\n<p>\u00bfQu\u00e9 har\u00edas por tu mejor amiga, cuando se enfrenta a un peligro mortal?<\/p>\n<p>\u00bfQu\u00e9 har\u00edas por un desconocido, si resulta ser el amor de tu vida?<\/p>\n<p>Adena y Paedyn siempre han sido inseparables. El destino las uni\u00f3 cuando eran j\u00f3venes y desde entonces siempre se han protegido entre ellas y el hogar que construyeron en los barrios marginales de Loot. Pero Paedyn ha sido seleccionada para las Pruebas de Purga, lo que significa una muerte casi segura.<\/p>\n<p>Ahora, sola en Loot, y con miedo a perder a su amiga, Adena debe valerse por s\u00ed misma. Despu\u00e9s de que casi la pillen robando, es rescatada por Mak, un misterioso desconocido con un pasado oscuro&#8230; y que tambi\u00e9n tiene un ser querido que tambi\u00e9n participa en las Pruebas. Mak y Adena establecer\u00e1nuna alianza para ayudar a sus amigos, pero la aventura pondr\u00e1 a prueba sus lealtades, su valent\u00eda y el amor que surge entre ellos.<\/p>\n","protected":false},"excerpt":{"rendered":"<p>Lauren Roberts<\/p>\n<p>336 p\u00e1ginas<\/p>\n","protected":false},"featured_media":5405,"template":"","meta":{"_joinchat":[]},"product_brand":[],"product_cat":[39,70],"product_tag":[34],"class_list":{"0":"post-5404","1":"product","2":"type-product","3":"status-publish","4":"has-post-thumbnail","6":"product_cat-fantasia","7":"product_cat-novedades","8":"product_tag-penguin-random-house","10":"first","11":"instock","12":"shipping-taxable","13":"purchasable","14":"product-type-simple"},"_links":{"self":[{"href":"https:\/\/libreriahistoriasdebolsillo.com\/index.php\/wp-json\/wp\/v2\/product\/5404","targetHints":{"allow":["GET"]}}],"collection":[{"href":"https:\/\/libreriahistoriasdebolsillo.com\/index.php\/wp-json\/wp\/v2\/product"}],"about":[{"href":"https:\/\/libreriahistoriasdebolsillo.com\/index.php\/wp-json\/wp\/v2\/types\/product"}],"wp:featuredmedia":[{"embeddable":true,"href":"https:\/\/libreriahistoriasdebolsillo.com\/index.php\/wp-json\/wp\/v2\/media\/5405"}],"wp:attachment":[{"href":"https:\/\/libreriahistoriasdebolsillo.com\/index.php\/wp-json\/wp\/v2\/media?parent=5404"}],"wp:term":[{"taxonomy":"product_brand","embeddable":true,"href":"https:\/\/libreriahistoriasdebolsillo.com\/index.php\/wp-json\/wp\/v2\/product_brand?post=5404"},{"taxonomy":"product_cat","embeddable":true,"href":"https:\/\/libreriahistoriasdebolsillo.com\/index.php\/wp-json\/wp\/v2\/product_cat?post=5404"},{"taxonomy":"product_tag","embeddable":true,"href":"https:\/\/libreriahistoriasdebolsillo.com\/index.php\/wp-json\/wp\/v2\/product_tag?post=5404"}],"curies":[{"name":"wp","href":"https:\/\/api.w.org\/{rel}","templated":true}]}}