{"id":5406,"date":"2024-08-12T15:40:28","date_gmt":"2024-08-12T21:40:28","guid":{"rendered":"https:\/\/libreriahistoriasdebolsillo.com\/?post_type=product&#038;p=5406"},"modified":"2024-12-16T16:53:58","modified_gmt":"2024-12-16T22:53:58","slug":"los-versos-satanicos","status":"publish","type":"product","link":"https:\/\/libreriahistoriasdebolsillo.com\/index.php\/producto\/los-versos-satanicos\/","title":{"rendered":"Los versos sat\u00e1nicos"},"content":{"rendered":"<p><b><i>Los versos sat\u00e1nicos<\/i> es la novela m\u00e1s c\u00e9lebre, iconoclasta y pol\u00e9mica de Salman Rushdie.\u00a0<\/b><b>Una referencia ineludible de la literatura de nuestro tiempo.<\/b><\/p>\n<p>Un avi\u00f3n secuestrado estalla a gran altura sobre el canal de la Mancha. Dos supervivientes caen al mar: Gibrel Farishta, un legendario gal\u00e1n cinematogr\u00e1fico, y Saladin Chamcha, el hombre de las mil voces, autodidacta y angl\u00f3filo furibundo.<\/p>\n<p>Consiguen llegar a una playa inglesa y notan unos extra\u00f1os cambios: uno ha adquirido una aureola y el otro ve con horror c\u00f3mo crece el vello de sus piernas, los pies se le convierten en cascos y las sienes se abultan&#8230;<\/p>\n","protected":false},"excerpt":{"rendered":"<p>Salman Rushdie<\/p>\n<p>680 p\u00e1ginas<\/p>\n","protected":false},"featured_media":5407,"template":"","meta":{"_joinchat":[]},"product_brand":[],"product_cat":[33],"product_tag":[34],"class_list":{"0":"post-5406","1":"product","2":"type-product","3":"status-publish","4":"has-post-thumbnail","6":"product_cat-ficcion-general","7":"product_tag-penguin-random-house","9":"first","10":"outofstock","11":"shipping-taxable","12":"purchasable","13":"product-type-simple"},"_links":{"self":[{"href":"https:\/\/libreriahistoriasdebolsillo.com\/index.php\/wp-json\/wp\/v2\/product\/5406","targetHints":{"allow":["GET"]}}],"collection":[{"href":"https:\/\/libreriahistoriasdebolsillo.com\/index.php\/wp-json\/wp\/v2\/product"}],"about":[{"href":"https:\/\/libreriahistoriasdebolsillo.com\/index.php\/wp-json\/wp\/v2\/types\/product"}],"wp:featuredmedia":[{"embeddable":true,"href":"https:\/\/libreriahistoriasdebolsillo.com\/index.php\/wp-json\/wp\/v2\/media\/5407"}],"wp:attachment":[{"href":"https:\/\/libreriahistoriasdebolsillo.com\/index.php\/wp-json\/wp\/v2\/media?parent=5406"}],"wp:term":[{"taxonomy":"product_brand","embeddable":true,"href":"https:\/\/libreriahistoriasdebolsillo.com\/index.php\/wp-json\/wp\/v2\/product_brand?post=5406"},{"taxonomy":"product_cat","embeddable":true,"href":"https:\/\/libreriahistoriasdebolsillo.com\/index.php\/wp-json\/wp\/v2\/product_cat?post=5406"},{"taxonomy":"product_tag","embeddable":true,"href":"https:\/\/libreriahistoriasdebolsillo.com\/index.php\/wp-json\/wp\/v2\/product_tag?post=5406"}],"curies":[{"name":"wp","href":"https:\/\/api.w.org\/{rel}","templated":true}]}}