{"id":5408,"date":"2024-08-12T15:43:04","date_gmt":"2024-08-12T21:43:04","guid":{"rendered":"https:\/\/libreriahistoriasdebolsillo.com\/?post_type=product&#038;p=5408"},"modified":"2026-02-25T17:52:54","modified_gmt":"2026-02-25T23:52:54","slug":"memorias-de-una-geisha-ed-aniversario","status":"publish","type":"product","link":"https:\/\/libreriahistoriasdebolsillo.com\/index.php\/producto\/memorias-de-una-geisha-ed-aniversario\/","title":{"rendered":"Memorias de una geisha (ed. aniversario tapa dura)"},"content":{"rendered":"<p><b>Edici\u00f3n de aniversario<\/b><\/p>\n<p><b>Una conmovedora historia que ha cautivado a millones de lectores de los cinco continentes.<\/b><\/p>\n<p><b>Apasionante y sorprendente,\u00a0<i>Memorias de una geisha<\/i>\u00a0ha batido r\u00e9cords de permanencia en las listas de bestsellers de todo el mundo y conquistado a lectores de m\u00e1s de 26 idiomas<\/b>.<\/p>\n<p>Poco antes de su muerte,\u00a0<b>Sayuri<\/b>, una anciana japonesa afincada en Nueva York, cuenta su vida a un joven amigo americano. La suya es la historia de c\u00f3mo, desde una m\u00edsera infancia, lleg\u00f3 a convertirse en una de las\u00a0<b>geishas<\/b>\u00a0m\u00e1s famosas del Jap\u00f3n de entreguerras, un pa\u00eds dondea\u00fan resonaban los ecos feudales y donde las\u00a0<b>tradiciones ancestrales<\/b>\u00a0empezaban a convivir con los modos del mundo moderno.<\/p>\n<p>De la mano de Sayuri entraremos en un mundo secreto dominado por las pasiones y sostenido por las apariencias, en el que la sensualidad y la belleza no pueden separarse del sometimiento: un mundo en el que las j\u00f3venes aspirantes a geishas son duramente adiestradas en el arte de la seducci\u00f3n, y donde tienen que convencerse de que, para ellas, el\u00a0<b>amor<\/b>\u00a0no es m\u00e1s que un espejismo.<\/p>\n<p><b>La cr\u00edtica ha dicho:<\/b><\/p>\n<p>\u00ab<i>Memorias de una geisha<\/i>\u00a0sumerge al lector en un mundo ex\u00f3tico\u00bb &#8211;<i>The New York Times<\/i>&#8211;<\/p>\n<p>\u00abAsombrosa, impresionante&#8230; Absolutamente seductora\u00bb &#8211;<i>The Washigton Post Book World<\/i>&#8211;<\/p>\n","protected":false},"excerpt":{"rendered":"<p>Arthur Golden<\/p>\n<p>552 p\u00e1ginas<\/p>\n","protected":false},"featured_media":5409,"template":"","meta":{"_joinchat":[]},"product_brand":[],"product_cat":[33,56,51],"product_tag":[34],"class_list":{"0":"post-5408","1":"product","2":"type-product","3":"status-publish","4":"has-post-thumbnail","6":"product_cat-ficcion-general","7":"product_cat-historica","8":"product_cat-oferta","9":"product_tag-penguin-random-house","11":"first","12":"outofstock","13":"sale","14":"shipping-taxable","15":"purchasable","16":"product-type-simple"},"_links":{"self":[{"href":"https:\/\/libreriahistoriasdebolsillo.com\/index.php\/wp-json\/wp\/v2\/product\/5408","targetHints":{"allow":["GET"]}}],"collection":[{"href":"https:\/\/libreriahistoriasdebolsillo.com\/index.php\/wp-json\/wp\/v2\/product"}],"about":[{"href":"https:\/\/libreriahistoriasdebolsillo.com\/index.php\/wp-json\/wp\/v2\/types\/product"}],"wp:featuredmedia":[{"embeddable":true,"href":"https:\/\/libreriahistoriasdebolsillo.com\/index.php\/wp-json\/wp\/v2\/media\/5409"}],"wp:attachment":[{"href":"https:\/\/libreriahistoriasdebolsillo.com\/index.php\/wp-json\/wp\/v2\/media?parent=5408"}],"wp:term":[{"taxonomy":"product_brand","embeddable":true,"href":"https:\/\/libreriahistoriasdebolsillo.com\/index.php\/wp-json\/wp\/v2\/product_brand?post=5408"},{"taxonomy":"product_cat","embeddable":true,"href":"https:\/\/libreriahistoriasdebolsillo.com\/index.php\/wp-json\/wp\/v2\/product_cat?post=5408"},{"taxonomy":"product_tag","embeddable":true,"href":"https:\/\/libreriahistoriasdebolsillo.com\/index.php\/wp-json\/wp\/v2\/product_tag?post=5408"}],"curies":[{"name":"wp","href":"https:\/\/api.w.org\/{rel}","templated":true}]}}