{"id":5410,"date":"2024-08-12T15:46:07","date_gmt":"2024-08-12T21:46:07","guid":{"rendered":"https:\/\/libreriahistoriasdebolsillo.com\/?post_type=product&#038;p=5410"},"modified":"2025-01-08T12:23:45","modified_gmt":"2025-01-08T18:23:45","slug":"transforma-las-heridas-de-tu-infancia","status":"publish","type":"product","link":"https:\/\/libreriahistoriasdebolsillo.com\/index.php\/producto\/transforma-las-heridas-de-tu-infancia\/","title":{"rendered":"Transforma las heridas de tu infancia"},"content":{"rendered":"<p><b>A veces crecemos con inseguridades, temores, dudas y un car\u00e1cter marcado por el dolor, el miedo y el abandono.<\/b><\/p>\n<p>Llegamos a la edad adulta vigorosos y con el \u00e9xito en nuestras manos, o amargados porque<b>\u00a0la vida es cruel e injusta.<\/b>\u00a0Entonces reflexionamos: lo tenemos todo para ser felices pero algo nos pasa, una nube negra nos persigue, no somos capaces de tomar la mejor decisi\u00f3n, \u00bfpor qu\u00e9?<\/p>\n<p>En este libro maravilloso, Anamar Orihuela despeja el camino para lograr una vida feliz, plena, sin culpas ni complejos. La clave: aliviar el dolor de nuestro\u00a0<b>ni\u00f1o interior\u00a0<\/b>y sanar las heridas que nuestros padres -en muchas ocasiones, sin \u00e1nimo de lastimar- y las circunstancias dejaron en nuestra vida.<\/p>\n<p>Con claridad, comprensi\u00f3n y una cercan\u00eda terap\u00e9utica amorosa, Anamar define esas heridas que nos mortifican y agobian mientras crecemos:\u00a0<b>Rechazo, Abandono, Humillaci\u00f3n, Traici\u00f3n e Injusticia.\u00a0<\/b>Explica c\u00f3mo se manifiestan, en qu\u00e9 etapa de nuestra vida afectan nuestros sentimientos, qu\u00e9 ant\u00eddotos son efectivos para sanar las heridas y c\u00f3mo trascender las relaciones Padre-ni\u00f1o para aliviar, tener seguridad y vivir en confianza y armon\u00eda. Adem\u00e1s,\u00a0<i>Transforma las heridas de tu infancia<\/i>\u00a0ofrece invaluables ejercicios de sanaci\u00f3n de las heridas de la personalidad, una\u00a0<b>Meditaci\u00f3n sanadora<\/b>\u00a0que aclare nuestras inquietudes y un bello Decreto de sanaci\u00f3n de las heridas de la infancia que, sin duda, cambiar\u00e1 positivamente nuestra vida.<\/p>\n","protected":false},"excerpt":{"rendered":"<p>Anamar Orihuela<\/p>\n<p>192 p\u00e1ginas<\/p>\n","protected":false},"featured_media":5411,"template":"","meta":{"_joinchat":[]},"product_brand":[],"product_cat":[58,41,51],"product_tag":[34],"class_list":{"0":"post-5410","1":"product","2":"type-product","3":"status-publish","4":"has-post-thumbnail","6":"product_cat-desarrollo-humano-y-superacion","7":"product_cat-desarrollo-humano","8":"product_cat-oferta","9":"product_tag-penguin-random-house","11":"first","12":"outofstock","13":"shipping-taxable","14":"purchasable","15":"product-type-simple"},"_links":{"self":[{"href":"https:\/\/libreriahistoriasdebolsillo.com\/index.php\/wp-json\/wp\/v2\/product\/5410","targetHints":{"allow":["GET"]}}],"collection":[{"href":"https:\/\/libreriahistoriasdebolsillo.com\/index.php\/wp-json\/wp\/v2\/product"}],"about":[{"href":"https:\/\/libreriahistoriasdebolsillo.com\/index.php\/wp-json\/wp\/v2\/types\/product"}],"wp:featuredmedia":[{"embeddable":true,"href":"https:\/\/libreriahistoriasdebolsillo.com\/index.php\/wp-json\/wp\/v2\/media\/5411"}],"wp:attachment":[{"href":"https:\/\/libreriahistoriasdebolsillo.com\/index.php\/wp-json\/wp\/v2\/media?parent=5410"}],"wp:term":[{"taxonomy":"product_brand","embeddable":true,"href":"https:\/\/libreriahistoriasdebolsillo.com\/index.php\/wp-json\/wp\/v2\/product_brand?post=5410"},{"taxonomy":"product_cat","embeddable":true,"href":"https:\/\/libreriahistoriasdebolsillo.com\/index.php\/wp-json\/wp\/v2\/product_cat?post=5410"},{"taxonomy":"product_tag","embeddable":true,"href":"https:\/\/libreriahistoriasdebolsillo.com\/index.php\/wp-json\/wp\/v2\/product_tag?post=5410"}],"curies":[{"name":"wp","href":"https:\/\/api.w.org\/{rel}","templated":true}]}}