{"id":5412,"date":"2024-08-12T15:48:26","date_gmt":"2024-08-12T21:48:26","guid":{"rendered":"https:\/\/libreriahistoriasdebolsillo.com\/?post_type=product&#038;p=5412"},"modified":"2024-10-01T16:47:26","modified_gmt":"2024-10-01T22:47:26","slug":"bajo-la-misma-estrella-2","status":"publish","type":"product","link":"https:\/\/libreriahistoriasdebolsillo.com\/index.php\/producto\/bajo-la-misma-estrella-2\/","title":{"rendered":"Bajo la misma estrella"},"content":{"rendered":"<p>A Hazel y a Gus les gustar\u00eda tener vidas m\u00e1s\u00a0<b>normales<\/b>. Algunos dir\u00edan que no han nacido con estrella, que su mundo es\u00a0<b>injusto<\/b>. Hazel y Gus son solo\u00a0<b>adolescentes<\/b>, pero si algo les ha ense\u00f1ado el\u00a0<b>c\u00e1ncer<\/b>\u00a0que ambos padecen es que no hay tiempo para\u00a0<b>lamentaciones<\/b>, porque, nos guste o no, solo existe el hoy y el ahora. Y por ello, con la intenci\u00f3n de hacer realidad el mayor deseo de Hazel \u2014conocer a su\u00a0<b>escritor<\/b>\u00a0favorito\u2014, cruzar\u00e1n juntos el Atl\u00e1ntico para vivir una aventura\u00a0<b>contrarreloj<\/b>,tan cat\u00e1rtica como desgarradora. Destino: \u00c1msterdam, el lugar donde reside el enigm\u00e1tico y malhumorado autor, la \u00fanica persona que tal vez pueda ayudarlos a ordenar las piezas del enorme\u00a0<b>rompecabezas<\/b>\u00a0del que forman parte&#8230;<\/p>\n<p>Una novela de John Green, el autor m\u00e1s aclamado de nuestro tiempo, con m\u00e1s de\u00a0<b>15 millones<\/b>\u00a0de ejemplares vendidos en todo el mundo.<\/p>\n","protected":false},"excerpt":{"rendered":"<p>John Green<\/p>\n<p>304 p\u00e1ginas<\/p>\n","protected":false},"featured_media":5413,"template":"","meta":{"_joinchat":[]},"product_brand":[],"product_cat":[52],"product_tag":[34],"class_list":{"0":"post-5412","1":"product","2":"type-product","3":"status-publish","4":"has-post-thumbnail","6":"product_cat-juvenil","7":"product_tag-penguin-random-house","9":"first","10":"outofstock","11":"shipping-taxable","12":"purchasable","13":"product-type-simple"},"_links":{"self":[{"href":"https:\/\/libreriahistoriasdebolsillo.com\/index.php\/wp-json\/wp\/v2\/product\/5412","targetHints":{"allow":["GET"]}}],"collection":[{"href":"https:\/\/libreriahistoriasdebolsillo.com\/index.php\/wp-json\/wp\/v2\/product"}],"about":[{"href":"https:\/\/libreriahistoriasdebolsillo.com\/index.php\/wp-json\/wp\/v2\/types\/product"}],"wp:featuredmedia":[{"embeddable":true,"href":"https:\/\/libreriahistoriasdebolsillo.com\/index.php\/wp-json\/wp\/v2\/media\/5413"}],"wp:attachment":[{"href":"https:\/\/libreriahistoriasdebolsillo.com\/index.php\/wp-json\/wp\/v2\/media?parent=5412"}],"wp:term":[{"taxonomy":"product_brand","embeddable":true,"href":"https:\/\/libreriahistoriasdebolsillo.com\/index.php\/wp-json\/wp\/v2\/product_brand?post=5412"},{"taxonomy":"product_cat","embeddable":true,"href":"https:\/\/libreriahistoriasdebolsillo.com\/index.php\/wp-json\/wp\/v2\/product_cat?post=5412"},{"taxonomy":"product_tag","embeddable":true,"href":"https:\/\/libreriahistoriasdebolsillo.com\/index.php\/wp-json\/wp\/v2\/product_tag?post=5412"}],"curies":[{"name":"wp","href":"https:\/\/api.w.org\/{rel}","templated":true}]}}