{"id":5414,"date":"2024-08-12T15:52:02","date_gmt":"2024-08-12T21:52:02","guid":{"rendered":"https:\/\/libreriahistoriasdebolsillo.com\/?post_type=product&#038;p=5414"},"modified":"2025-04-03T12:08:43","modified_gmt":"2025-04-03T18:08:43","slug":"de-un-plumazo-las-historias-perdidas","status":"publish","type":"product","link":"https:\/\/libreriahistoriasdebolsillo.com\/index.php\/producto\/de-un-plumazo-las-historias-perdidas\/","title":{"rendered":"De un plumazo: las historias perdidas"},"content":{"rendered":"<p><b>Una antolog\u00eda bellamente ilustrada de cuentos recuperados de la pluma de sir Terry Pratchett: uno de los autores m\u00e1s aclamados, premiados y queridos del mundo.<\/b><\/p>\n<p><i><b>En un pa\u00eds muy lejano, hace mucho tiempo, cuando los dragones todav\u00eda exist\u00edan y el \u00fanico videojuego era el ping-pong en blanco y negro, un mago entr\u00f3 con cautela en una taberna cargada de humo, en la antigua, maligna y neblinosa ciudad de Morpork&#8230;<\/b><\/i><\/p>\n<p>Una colecci\u00f3n imprescindible de veinte relatos cortos, escritos bajo pseud\u00f3nimo para diversos peri\u00f3dicos en los setenta y los ochenta, del premiado y exitoso escritor de la saga Mundodisco. Estos textos, aunque no est\u00e1n ambientados en el mundo literario m\u00e1s famoso y querido de Pratchett, s\u00ed contienen un valioso esbozo de lo que ser\u00eda la mayor creaci\u00f3n del autor, as\u00ed como su ingenio caracter\u00edstico, sus ense\u00f1anzas sat\u00edricas y su fant\u00e1stica imaginaci\u00f3n.<\/p>\n<p>Conoceremos a Og, el inventor, el primer hombre de las cavernas que cultiv\u00f3 el fuego, mientras descubre los pros y los contras del progreso; atormentaremos los pasillos del Ministerio de Estorbos de la mano de los fantasmas desahuciados de las Torres de Pilajo; visitaremos Blackbury, un peque\u00f1o mercado con un extra\u00f1o clima y un aun m\u00e1s extra\u00f1o visitante; y acompa\u00f1aremos al h\u00e9roe Kron en una peligrosa aventura, que empezar\u00e1 en la antigua ciudad de Morpork, a trav\u00e9s del tiempo y del espacio&#8230;<\/p>\n","protected":false},"excerpt":{"rendered":"<p>Terry Pratchett<\/p>\n<p>240 p\u00e1ginas<\/p>\n","protected":false},"featured_media":5415,"template":"","meta":{"_joinchat":[]},"product_brand":[],"product_cat":[39,70],"product_tag":[34],"class_list":{"0":"post-5414","1":"product","2":"type-product","3":"status-publish","4":"has-post-thumbnail","6":"product_cat-fantasia","7":"product_cat-novedades","8":"product_tag-penguin-random-house","10":"first","11":"instock","12":"shipping-taxable","13":"purchasable","14":"product-type-simple"},"_links":{"self":[{"href":"https:\/\/libreriahistoriasdebolsillo.com\/index.php\/wp-json\/wp\/v2\/product\/5414","targetHints":{"allow":["GET"]}}],"collection":[{"href":"https:\/\/libreriahistoriasdebolsillo.com\/index.php\/wp-json\/wp\/v2\/product"}],"about":[{"href":"https:\/\/libreriahistoriasdebolsillo.com\/index.php\/wp-json\/wp\/v2\/types\/product"}],"wp:featuredmedia":[{"embeddable":true,"href":"https:\/\/libreriahistoriasdebolsillo.com\/index.php\/wp-json\/wp\/v2\/media\/5415"}],"wp:attachment":[{"href":"https:\/\/libreriahistoriasdebolsillo.com\/index.php\/wp-json\/wp\/v2\/media?parent=5414"}],"wp:term":[{"taxonomy":"product_brand","embeddable":true,"href":"https:\/\/libreriahistoriasdebolsillo.com\/index.php\/wp-json\/wp\/v2\/product_brand?post=5414"},{"taxonomy":"product_cat","embeddable":true,"href":"https:\/\/libreriahistoriasdebolsillo.com\/index.php\/wp-json\/wp\/v2\/product_cat?post=5414"},{"taxonomy":"product_tag","embeddable":true,"href":"https:\/\/libreriahistoriasdebolsillo.com\/index.php\/wp-json\/wp\/v2\/product_tag?post=5414"}],"curies":[{"name":"wp","href":"https:\/\/api.w.org\/{rel}","templated":true}]}}