{"id":5418,"date":"2024-08-12T15:56:47","date_gmt":"2024-08-12T21:56:47","guid":{"rendered":"https:\/\/libreriahistoriasdebolsillo.com\/?post_type=product&#038;p=5418"},"modified":"2024-09-10T17:32:30","modified_gmt":"2024-09-10T23:32:30","slug":"freud-en-su-tiempo-y-en-el-nuestro","status":"publish","type":"product","link":"https:\/\/libreriahistoriasdebolsillo.com\/index.php\/producto\/freud-en-su-tiempo-y-en-el-nuestro\/","title":{"rendered":"Freud en su tiempo y en el nuestro"},"content":{"rendered":"<p><b>La biograf\u00eda definitiva de un personaje clave del siglo XX que revolucion\u00f3 la idea del ser humano.<\/b><\/p>\n<p>Tras d\u00e9cadas de hagiograf\u00edas y de condenas encendidas, resulta muy complicado saber hoy en d\u00eda qui\u00e9n fue Sigmund Freud. Sin embargo, despu\u00e9s de la publicaci\u00f3n de las \u00faltimas biograf\u00edas de referencia se han abierto nuevos archivos a los investigadores y lo fundamental de la correspondencia ya es accesible. Por tanto, este es un momento inmejorable para volver a un hombre y una obra sobre la que quedaba mucho que decir.<\/p>\n<p>El fundador del psicoan\u00e1lisis era, para empezar, un vien\u00e9s de la\u00a0<i>Belle Epoque<\/i>, s\u00fabdito del Imperio austroh\u00fangaro, heredero de la Ilustraci\u00f3n alemana y jud\u00eda. En cuanto al psicoan\u00e1lisis en s\u00ed, es fruto de un esfuerzo colectivo, de un cen\u00e1culo en el cual Freud dio v\u00eda libre a su fascinaci\u00f3n por lo irracional y las ciencias ocultas, convirtiendo a veces a sus amigos en enemigos, ejerciendo de Fausto pero tambi\u00e9n de Mefist\u00f3feles. Pensador moderno, pero conservador en pol\u00edtica, nunca dej\u00f3 de actuar de modo contradictorio con su obra, siempre en nombre de la Raz\u00f3n y de las Luces.<\/p>\n<p>Aqu\u00ed est\u00e1 Freud en su tiempo, en su familia, rodeado de sus colecciones, con sus mujeres, sus hijos, sus perros; enfrentado al pesimismo ante el auge de los extremismos, lleno de dudas a la hora de emprender su exilio londinense, donde morir\u00e1. Pero tambi\u00e9n le veremos en el nuestro, alimentando nuestras preguntas con sus propias dudas, sus fracasos y sus pasiones.<\/p>\n<p><b>Ganadora de los premios literarios franceses Prix Dec\u00e8mbre y Prix de Prix<\/b><br \/>\n<b>y traducida a 25 idiomas.<\/b><\/p>\n","protected":false},"excerpt":{"rendered":"<p>\u00c9lisabeth Roudinesco<\/p>\n<p>624 p\u00e1ginas<\/p>\n","protected":false},"featured_media":5419,"template":"","meta":{"_joinchat":[]},"product_brand":[],"product_cat":[41],"product_tag":[34],"class_list":{"0":"post-5418","1":"product","2":"type-product","3":"status-publish","4":"has-post-thumbnail","6":"product_cat-desarrollo-humano","7":"product_tag-penguin-random-house","9":"first","10":"outofstock","11":"shipping-taxable","12":"purchasable","13":"product-type-simple"},"_links":{"self":[{"href":"https:\/\/libreriahistoriasdebolsillo.com\/index.php\/wp-json\/wp\/v2\/product\/5418","targetHints":{"allow":["GET"]}}],"collection":[{"href":"https:\/\/libreriahistoriasdebolsillo.com\/index.php\/wp-json\/wp\/v2\/product"}],"about":[{"href":"https:\/\/libreriahistoriasdebolsillo.com\/index.php\/wp-json\/wp\/v2\/types\/product"}],"wp:featuredmedia":[{"embeddable":true,"href":"https:\/\/libreriahistoriasdebolsillo.com\/index.php\/wp-json\/wp\/v2\/media\/5419"}],"wp:attachment":[{"href":"https:\/\/libreriahistoriasdebolsillo.com\/index.php\/wp-json\/wp\/v2\/media?parent=5418"}],"wp:term":[{"taxonomy":"product_brand","embeddable":true,"href":"https:\/\/libreriahistoriasdebolsillo.com\/index.php\/wp-json\/wp\/v2\/product_brand?post=5418"},{"taxonomy":"product_cat","embeddable":true,"href":"https:\/\/libreriahistoriasdebolsillo.com\/index.php\/wp-json\/wp\/v2\/product_cat?post=5418"},{"taxonomy":"product_tag","embeddable":true,"href":"https:\/\/libreriahistoriasdebolsillo.com\/index.php\/wp-json\/wp\/v2\/product_tag?post=5418"}],"curies":[{"name":"wp","href":"https:\/\/api.w.org\/{rel}","templated":true}]}}