{"id":5422,"date":"2024-08-12T16:01:31","date_gmt":"2024-08-12T22:01:31","guid":{"rendered":"https:\/\/libreriahistoriasdebolsillo.com\/?post_type=product&#038;p=5422"},"modified":"2026-03-16T13:56:38","modified_gmt":"2026-03-16T19:56:38","slug":"antes-de-que-se-enfrie-el-cafe","status":"publish","type":"product","link":"https:\/\/libreriahistoriasdebolsillo.com\/index.php\/producto\/antes-de-que-se-enfrie-el-cafe\/","title":{"rendered":"Antes de que se enfr\u00ede el caf\u00e9"},"content":{"rendered":"<p><b>\u00bfQu\u00e9 cambiar\u00edas si pudieras regresar al pasado? Y \u00bfa qui\u00e9n querr\u00edas ver, aunque fuera por \u00faltima vez?<\/b><\/p>\n<p>Un rumor circula por\u00a0<b>Tokio<\/b>&#8230; Oculta en uno de sus callejones hay una peque\u00f1a cafeter\u00eda que merece la pena visitar no solo por su excelente caf\u00e9, sino tambi\u00e9n porque, si eliges bien la silla donde sentarte, puedes\u00a0<b>regresar al pasado<\/b>. Pero como incluso lo incre\u00edble est\u00e1 sujeto a limitaciones, no podr\u00e1s abandonar la cafeter\u00eda mientras dure el viaje, para volver deber\u00e1s beberte el caf\u00e9 antes de que seenfr\u00ede y, hagas lo que hagas, el presente no cambiar\u00e1. A trav\u00e9s de las\u00a0<b>emocionantes historias\u00a0<\/b>de cuatro clientes que deciden embarcarse en esta aventura por motivos diferentes,\u00a0<i>Antes de que se enfr\u00ede el caf\u00e9\u00a0<\/i>nos ofrece un relato atemporal sobre el\u00a0<b>amor<\/b>, las oportunidades perdidas y la\u00a0<b>esperanza\u00a0<\/b>en un futuro que siempre est\u00e1 por llegar.<\/p>\n","protected":false},"excerpt":{"rendered":"<p>Toshikazu Kawaguchi<\/p>\n<p>264 p\u00e1ginas<\/p>\n","protected":false},"featured_media":5423,"template":"","meta":{"_joinchat":[]},"product_brand":[],"product_cat":[33],"product_tag":[34],"class_list":{"0":"post-5422","1":"product","2":"type-product","3":"status-publish","4":"has-post-thumbnail","6":"product_cat-ficcion-general","7":"product_tag-penguin-random-house","9":"first","10":"outofstock","11":"shipping-taxable","12":"purchasable","13":"product-type-simple"},"_links":{"self":[{"href":"https:\/\/libreriahistoriasdebolsillo.com\/index.php\/wp-json\/wp\/v2\/product\/5422","targetHints":{"allow":["GET"]}}],"collection":[{"href":"https:\/\/libreriahistoriasdebolsillo.com\/index.php\/wp-json\/wp\/v2\/product"}],"about":[{"href":"https:\/\/libreriahistoriasdebolsillo.com\/index.php\/wp-json\/wp\/v2\/types\/product"}],"wp:featuredmedia":[{"embeddable":true,"href":"https:\/\/libreriahistoriasdebolsillo.com\/index.php\/wp-json\/wp\/v2\/media\/5423"}],"wp:attachment":[{"href":"https:\/\/libreriahistoriasdebolsillo.com\/index.php\/wp-json\/wp\/v2\/media?parent=5422"}],"wp:term":[{"taxonomy":"product_brand","embeddable":true,"href":"https:\/\/libreriahistoriasdebolsillo.com\/index.php\/wp-json\/wp\/v2\/product_brand?post=5422"},{"taxonomy":"product_cat","embeddable":true,"href":"https:\/\/libreriahistoriasdebolsillo.com\/index.php\/wp-json\/wp\/v2\/product_cat?post=5422"},{"taxonomy":"product_tag","embeddable":true,"href":"https:\/\/libreriahistoriasdebolsillo.com\/index.php\/wp-json\/wp\/v2\/product_tag?post=5422"}],"curies":[{"name":"wp","href":"https:\/\/api.w.org\/{rel}","templated":true}]}}