{"id":5424,"date":"2024-08-12T16:04:04","date_gmt":"2024-08-12T22:04:04","guid":{"rendered":"https:\/\/libreriahistoriasdebolsillo.com\/?post_type=product&#038;p=5424"},"modified":"2024-10-07T17:38:20","modified_gmt":"2024-10-07T23:38:20","slug":"los-7-activos-invisibles","status":"publish","type":"product","link":"https:\/\/libreriahistoriasdebolsillo.com\/index.php\/producto\/los-7-activos-invisibles\/","title":{"rendered":"Los 7 activos invisibles"},"content":{"rendered":"<p><b>ERES M\u00c1S RICO DE LO QUE CREES,<\/b>\u00a0<b>SOLO QUE A\u00daN NO TE HAS DADO CUENTA.<\/b><\/p>\n<p><b>\u00ab\u00bfYo?, \u00bfrico?,<\/b>\u00a0<b>\u00bfc\u00f3mo puede ser?\u00bb<\/b><\/p>\n<p>Seguramente al leer te estar\u00e1s preguntando esto. No te culpo, el mundo de hoy nos ha llevadoa distinguir un solo tipo de\u00a0<b>riqueza<\/b>: aquella que se puede medir con\u00a0<b>monedas<\/b>\u00a0y billetes. Pero \u00bfy si te digo que la\u00a0<b>riqueza financiera<\/b>\u00a0es consecuencia de otro tipo de riqueza? Una m\u00e1s sutil, dif\u00edcil de ver, pero mucho m\u00e1s potente. Te estoy hablando de una riqueza que la mayor\u00edade nosotros tenemos, pero que no muchos logran ver y muy pocos terminan por\u00a0<b>explotar<\/b>. Este libro es una\u00a0<b>gu\u00eda pr\u00e1ctica<\/b>\u00a0para ense\u00f1arte a descubrir y desarrollar los 7 activos que conforman tu verdadera riqueza. Te platicar\u00e9 c\u00f3mo los descubr\u00ed, c\u00f3mo me ayudaron a impulsar mi riqueza financiera y c\u00f3mo t\u00fa tambi\u00e9n lo puedes hacer.<\/p>\n","protected":false},"excerpt":{"rendered":"<p>Moris Dieck<\/p>\n<p>280 p\u00e1ginas<\/p>\n","protected":false},"featured_media":5425,"template":"","meta":{"_joinchat":[]},"product_brand":[],"product_cat":[58,41,70],"product_tag":[34],"class_list":{"0":"post-5424","1":"product","2":"type-product","3":"status-publish","4":"has-post-thumbnail","6":"product_cat-desarrollo-humano-y-superacion","7":"product_cat-desarrollo-humano","8":"product_cat-novedades","9":"product_tag-penguin-random-house","11":"first","12":"outofstock","13":"shipping-taxable","14":"purchasable","15":"product-type-simple"},"_links":{"self":[{"href":"https:\/\/libreriahistoriasdebolsillo.com\/index.php\/wp-json\/wp\/v2\/product\/5424","targetHints":{"allow":["GET"]}}],"collection":[{"href":"https:\/\/libreriahistoriasdebolsillo.com\/index.php\/wp-json\/wp\/v2\/product"}],"about":[{"href":"https:\/\/libreriahistoriasdebolsillo.com\/index.php\/wp-json\/wp\/v2\/types\/product"}],"wp:featuredmedia":[{"embeddable":true,"href":"https:\/\/libreriahistoriasdebolsillo.com\/index.php\/wp-json\/wp\/v2\/media\/5425"}],"wp:attachment":[{"href":"https:\/\/libreriahistoriasdebolsillo.com\/index.php\/wp-json\/wp\/v2\/media?parent=5424"}],"wp:term":[{"taxonomy":"product_brand","embeddable":true,"href":"https:\/\/libreriahistoriasdebolsillo.com\/index.php\/wp-json\/wp\/v2\/product_brand?post=5424"},{"taxonomy":"product_cat","embeddable":true,"href":"https:\/\/libreriahistoriasdebolsillo.com\/index.php\/wp-json\/wp\/v2\/product_cat?post=5424"},{"taxonomy":"product_tag","embeddable":true,"href":"https:\/\/libreriahistoriasdebolsillo.com\/index.php\/wp-json\/wp\/v2\/product_tag?post=5424"}],"curies":[{"name":"wp","href":"https:\/\/api.w.org\/{rel}","templated":true}]}}