{"id":5475,"date":"2024-08-28T17:41:53","date_gmt":"2024-08-28T23:41:53","guid":{"rendered":"https:\/\/libreriahistoriasdebolsillo.com\/?post_type=product&#038;p=5475"},"modified":"2025-04-18T11:43:52","modified_gmt":"2025-04-18T17:43:52","slug":"menu-para-dos","status":"publish","type":"product","link":"https:\/\/libreriahistoriasdebolsillo.com\/index.php\/producto\/menu-para-dos\/","title":{"rendered":"Men\u00fa para dos"},"content":{"rendered":"<p><b>A VECES, PROBAR DE TODO SOLO TE CREA lA NECESIDAD DE LO QUE NO PUEDES TENER&#8230;<\/b><\/p>\n<p>Theo y Kit han compartido muchas cosas: una gran amistad, ligues secretos, una relaci\u00f3n de pareja y, ahora, rumbos distintos. Tras romper en pleno vuelo de camino al viaje por Europa con el que siempre so\u00f1aron, sus vidas se separaron definitivamente.<\/p>\n<p>Lo \u00fanico que a\u00fan les une es el vale para el tour europeo que no hicieron hace cuatro a\u00f1os. Con el viaje a punto de caducar, a Theo y Kit les parece una idea genial hacer el viaje ahora. En solitario. Por su cuenta.<\/p>\n<p>Sin embargo, cuando suben al autob\u00fas de la agencia en Londres descubren que han pensado lo mismo, y ahora les esperan tres semanas de convivencia sin escapatoria posible. Eso s\u00ed, con paisajes impresionantes y sabores exquisitos en las ciudades m\u00e1s rom\u00e1nticas de Francia, Espa\u00f1a e Italia. Pero no pasa nada, porque definitivamente han superado lo que ocurri\u00f3.<\/p>\n<p>As\u00ed que cuando Theo sugiere competir para ver qui\u00e9n se enrolla con m\u00e1s gente por toda Europa, Kit est\u00e1 m\u00e1s que dispuesto a participar.<\/p>\n<p><b>Porque ya no<\/b>\u00a0<b>queda<\/b>\u00a0<b>nada del amor que sent\u00edan, \u00bfverdad?<\/b><\/p>\n","protected":false},"excerpt":{"rendered":"<p>Casey McQuiston<\/p>\n<p>464 p\u00e1ginas<\/p>\n","protected":false},"featured_media":5476,"template":"","meta":{"_joinchat":[]},"product_brand":[],"product_cat":[38,70],"product_tag":[34],"class_list":{"0":"post-5475","1":"product","2":"type-product","3":"status-publish","4":"has-post-thumbnail","6":"product_cat-lgbtq","7":"product_cat-novedades","8":"product_tag-penguin-random-house","10":"first","11":"outofstock","12":"shipping-taxable","13":"purchasable","14":"product-type-simple"},"_links":{"self":[{"href":"https:\/\/libreriahistoriasdebolsillo.com\/index.php\/wp-json\/wp\/v2\/product\/5475","targetHints":{"allow":["GET"]}}],"collection":[{"href":"https:\/\/libreriahistoriasdebolsillo.com\/index.php\/wp-json\/wp\/v2\/product"}],"about":[{"href":"https:\/\/libreriahistoriasdebolsillo.com\/index.php\/wp-json\/wp\/v2\/types\/product"}],"wp:featuredmedia":[{"embeddable":true,"href":"https:\/\/libreriahistoriasdebolsillo.com\/index.php\/wp-json\/wp\/v2\/media\/5476"}],"wp:attachment":[{"href":"https:\/\/libreriahistoriasdebolsillo.com\/index.php\/wp-json\/wp\/v2\/media?parent=5475"}],"wp:term":[{"taxonomy":"product_brand","embeddable":true,"href":"https:\/\/libreriahistoriasdebolsillo.com\/index.php\/wp-json\/wp\/v2\/product_brand?post=5475"},{"taxonomy":"product_cat","embeddable":true,"href":"https:\/\/libreriahistoriasdebolsillo.com\/index.php\/wp-json\/wp\/v2\/product_cat?post=5475"},{"taxonomy":"product_tag","embeddable":true,"href":"https:\/\/libreriahistoriasdebolsillo.com\/index.php\/wp-json\/wp\/v2\/product_tag?post=5475"}],"curies":[{"name":"wp","href":"https:\/\/api.w.org\/{rel}","templated":true}]}}