{"id":5477,"date":"2024-08-28T17:45:22","date_gmt":"2024-08-28T23:45:22","guid":{"rendered":"https:\/\/libreriahistoriasdebolsillo.com\/?post_type=product&#038;p=5477"},"modified":"2026-02-24T15:45:32","modified_gmt":"2026-02-24T21:45:32","slug":"si-el-hubiera-estado-conmigo","status":"publish","type":"product","link":"https:\/\/libreriahistoriasdebolsillo.com\/index.php\/producto\/si-el-hubiera-estado-conmigo\/","title":{"rendered":"Si \u00e9l hubiera estado conmigo"},"content":{"rendered":"<p><b>Redescubre el<\/b>\u00a0<b>fen\u00f3meno<\/b>\u00a0<b>de<\/b>\u00a0<b>BookTok no apto para corazones sensibles.<\/b><\/p>\n<p><i>Si tan solo le hubiera dicho que la quer\u00eda, no estar\u00eda aqu\u00ed hoy.<\/i><\/p>\n<p>Finn siempre ha querido a Autumn. No es simplemente su vecina, ni la hija de la mejor amiga de su madre: lo es todo para \u00e9l. Pero su novia no es ella, sino Sylvie. Finn nunca har\u00eda nada que pudiese hacer da\u00f1o a Sylvie, as\u00ed que es imposible que Autumn se entere de lo qu\u00e9 siente.<\/p>\n<p>Jack, el mejor amigo de Finn, no lo tiene tan claro. Ha visto c\u00f3mo se comportan Autumn y Finn cuando est\u00e1n juntos. \u00bfC\u00f3mo es posible que Autumn no se de cuenta? \u00bfPuede Jack proteger y apoyar a su mejor amigo cu\u00e1ndo el desenga\u00f1o es inevitable?<\/p>\n<p>Autumn se rodea de libros y quiere escribir su propio destino; dejar atr\u00e1s los errores del pasado y volver a vivir.<\/p>\n<p><b>Pero no todos podemos pasar p\u00e1gina. Y el destino a veces es cruel con quienes se enamoran.<\/b><\/p>\n<p><i>Si se lo hubiera dicho<\/i>\u00a0es una historia de amor llena de verdades, tragedias, y los v\u00ednculos inesperados que nos curan. Un libro que te atrapar\u00e1 y te dejar\u00e1 el coraz\u00f3n en pedazos, perfecto para lectoras de:<\/p>\n<p>&#8211; Romance contempor\u00e1neo<\/p>\n<p>&#8211; Lecturas que enganchan desde la primera p\u00e1gina<\/p>\n<p>&#8211; Fen\u00f3menos de TikTok<\/p>\n<p>&#8211; Fans de Collen Hoover, Joana Marcus o John Green<\/p>\n<p><i>&#8211; Querido Evan Hansen<\/i>\u00a0+ Jenny Han<\/p>\n<p><b>\u00a1Descubre el<\/b>\u00a0<b>libro que ha<\/b>\u00a0<b>enganchado a miles de lectores en todo el mundo!<\/b><\/p>\n","protected":false},"excerpt":{"rendered":"<p>Laura Nowlin<\/p>\n<p>416 p\u00e1ginas<\/p>\n","protected":false},"featured_media":5478,"template":"","meta":{"_joinchat":[]},"product_brand":[],"product_cat":[52,70],"product_tag":[34],"class_list":{"0":"post-5477","1":"product","2":"type-product","3":"status-publish","4":"has-post-thumbnail","6":"product_cat-juvenil","7":"product_cat-novedades","8":"product_tag-penguin-random-house","10":"first","11":"instock","12":"shipping-taxable","13":"purchasable","14":"product-type-simple"},"_links":{"self":[{"href":"https:\/\/libreriahistoriasdebolsillo.com\/index.php\/wp-json\/wp\/v2\/product\/5477","targetHints":{"allow":["GET"]}}],"collection":[{"href":"https:\/\/libreriahistoriasdebolsillo.com\/index.php\/wp-json\/wp\/v2\/product"}],"about":[{"href":"https:\/\/libreriahistoriasdebolsillo.com\/index.php\/wp-json\/wp\/v2\/types\/product"}],"wp:featuredmedia":[{"embeddable":true,"href":"https:\/\/libreriahistoriasdebolsillo.com\/index.php\/wp-json\/wp\/v2\/media\/5478"}],"wp:attachment":[{"href":"https:\/\/libreriahistoriasdebolsillo.com\/index.php\/wp-json\/wp\/v2\/media?parent=5477"}],"wp:term":[{"taxonomy":"product_brand","embeddable":true,"href":"https:\/\/libreriahistoriasdebolsillo.com\/index.php\/wp-json\/wp\/v2\/product_brand?post=5477"},{"taxonomy":"product_cat","embeddable":true,"href":"https:\/\/libreriahistoriasdebolsillo.com\/index.php\/wp-json\/wp\/v2\/product_cat?post=5477"},{"taxonomy":"product_tag","embeddable":true,"href":"https:\/\/libreriahistoriasdebolsillo.com\/index.php\/wp-json\/wp\/v2\/product_tag?post=5477"}],"curies":[{"name":"wp","href":"https:\/\/api.w.org\/{rel}","templated":true}]}}