{"id":5486,"date":"2024-08-28T17:58:22","date_gmt":"2024-08-28T23:58:22","guid":{"rendered":"https:\/\/libreriahistoriasdebolsillo.com\/?post_type=product&#038;p=5486"},"modified":"2024-12-28T16:03:05","modified_gmt":"2024-12-28T22:03:05","slug":"el-nino-que-perdio-la-guerra","status":"publish","type":"product","link":"https:\/\/libreriahistoriasdebolsillo.com\/index.php\/producto\/el-nino-que-perdio-la-guerra\/","title":{"rendered":"El ni\u00f1o que perdi\u00f3 la guerra"},"content":{"rendered":"<p><b>Madrid, invierno de 1938<\/b><\/p>\n<p>Clotilde, una artista gr\u00e1fica que dibuja caricaturas para los diarios republicanos, asiste en Madrid a los \u00faltimos meses de la Guerra Civil. La ca\u00edda de la Rep\u00fablica es inminente, por lo que su marido, militante comunista que trabaja para los rusos, decide enviar a Mosc\u00fa a su hijo Pablo, de tan solo cinco a\u00f1os, en contra de su voluntad. Clotilde se resiste con todas sus fuerzas, pero no logra evitar que el comandante Bor\u00eds Petrov emprenda ese arriesgado viaje por una Espa\u00f1a en llamas para cumplir con el deseo de su camarada de llevar a Pablo a la Uni\u00f3n Sovi\u00e9tica, donde Stalin est\u00e1 levantando un nuevo pa\u00eds sobre las ruinas del antiguo r\u00e9gimen.<\/p>\n<p><b>Mosc\u00fa, primavera de 1939<\/b><\/p>\n<p>All\u00ed es recibido por su nueva familia que, conmovida por su tr\u00e1gico exilio, acoge con afecto a un ni\u00f1o exhausto y enfermo. Anya no duda en cuidar de Pablo como si fuese su propio hijo, sin hacer distinciones con Igor, su hermano de adopci\u00f3n. Hija y esposa de dos orgullosos h\u00e9roes de la Revoluci\u00f3n -su padre luch\u00f3 junto a Lenin, su marido a las \u00f3rdenes de Stalin-, Anya ama la poes\u00eda y la m\u00fasica, aficiones sospechosas y burguesas a los ojos del poder. Mientras sus ilusiones naufragan en el ambiente cada vez m\u00e1s opresivo del terror estalinista, su esp\u00edritu se rebela contra la injusticia, la miseria, la ausencia de libertad y el Gulag.<\/p>\n<p>Pablo crece entre el recuerdo cada vez m\u00e1s tenue de su madre, que no ceja en su empe\u00f1o por recuperarlo, y el cari\u00f1o de Anya, quien le transmite su amor por la m\u00fasica, la literatura y sus deseos de libertad. Dos mujeres unidas por el destino de un ni\u00f1o y enfrentadas al mismo espejo: el de las ideolog\u00edas totalitarias a las que sucumbi\u00f3 el siglo xx.<\/p>\n<p><b>Se puede perder una guerra, pero se puede ganar la libertad<\/b><\/p>\n","protected":false},"excerpt":{"rendered":"<p>Julia Navarro<\/p>\n<p>640 p\u00e1ginas<\/p>\n","protected":false},"featured_media":5487,"template":"","meta":{"_joinchat":[]},"product_brand":[],"product_cat":[33,56,70],"product_tag":[34],"class_list":{"0":"post-5486","1":"product","2":"type-product","3":"status-publish","4":"has-post-thumbnail","6":"product_cat-ficcion-general","7":"product_cat-historica","8":"product_cat-novedades","9":"product_tag-penguin-random-house","11":"first","12":"outofstock","13":"shipping-taxable","14":"purchasable","15":"product-type-simple"},"_links":{"self":[{"href":"https:\/\/libreriahistoriasdebolsillo.com\/index.php\/wp-json\/wp\/v2\/product\/5486","targetHints":{"allow":["GET"]}}],"collection":[{"href":"https:\/\/libreriahistoriasdebolsillo.com\/index.php\/wp-json\/wp\/v2\/product"}],"about":[{"href":"https:\/\/libreriahistoriasdebolsillo.com\/index.php\/wp-json\/wp\/v2\/types\/product"}],"wp:featuredmedia":[{"embeddable":true,"href":"https:\/\/libreriahistoriasdebolsillo.com\/index.php\/wp-json\/wp\/v2\/media\/5487"}],"wp:attachment":[{"href":"https:\/\/libreriahistoriasdebolsillo.com\/index.php\/wp-json\/wp\/v2\/media?parent=5486"}],"wp:term":[{"taxonomy":"product_brand","embeddable":true,"href":"https:\/\/libreriahistoriasdebolsillo.com\/index.php\/wp-json\/wp\/v2\/product_brand?post=5486"},{"taxonomy":"product_cat","embeddable":true,"href":"https:\/\/libreriahistoriasdebolsillo.com\/index.php\/wp-json\/wp\/v2\/product_cat?post=5486"},{"taxonomy":"product_tag","embeddable":true,"href":"https:\/\/libreriahistoriasdebolsillo.com\/index.php\/wp-json\/wp\/v2\/product_tag?post=5486"}],"curies":[{"name":"wp","href":"https:\/\/api.w.org\/{rel}","templated":true}]}}