{"id":5496,"date":"2024-08-28T18:10:33","date_gmt":"2024-08-29T00:10:33","guid":{"rendered":"https:\/\/libreriahistoriasdebolsillo.com\/?post_type=product&#038;p=5496"},"modified":"2024-12-21T14:14:11","modified_gmt":"2024-12-21T20:14:11","slug":"esta-cuerpa-mia","status":"publish","type":"product","link":"https:\/\/libreriahistoriasdebolsillo.com\/index.php\/producto\/esta-cuerpa-mia\/","title":{"rendered":"Esta cuerpa m\u00eda"},"content":{"rendered":"<p><b>\u00abEn el momento de la siesta de Dios,<\/b>\u00a0<b>las putas somos la luz de la vela.\u00bb<\/b><\/p>\n<p>Con el nombre de<b>\u00a0Leonardo<\/b>\u00a0a cuestas y una\u00a0<b>est\u00e9tica andr\u00f3gina<\/b>, la protagonista llega a Tijuana, estafada por un grupo de\u00a0<b>tratantes<\/b>. Bautizada como M\u00f3nica y cobijada por Rosy, una especie de madre adoptiva, se siente plena y aprende los trucos del que ser\u00e1 su mundo: un lugar lleno de\u00a0<b>traiciones<\/b>, felicidad, euforia y adicciones. Un par de a\u00f1os despu\u00e9s, M\u00f3nica pasar\u00e1de la seguridad de los hoteles y posadas a la\u00a0<b>hostilidad<\/b>\u00a0de la calle y de la Jungla, el lugar m\u00e1s s\u00f3rdido y desconocido de\u00a0<b>Tijuana<\/b>. Con la cuerpa reseca y la voz de su madre en mente, consigue lamerse las heridas y volver a casa. El regreso ser\u00e1 un viacrucis y la llegada una bendici\u00f3n. Tambi\u00e9n, ser\u00e1 el verdadero inicio.<\/p>\n<p><i><b>Esta<\/b><\/i>\u00a0<i><b>cuerpa<\/b><\/i><i><b>\u00a0m\u00eda<\/b><\/i>\u00a0es una novela honesta y desparpajada, llena de\u00a0<b>humor<\/b>\u00a0y de m\u00fasica, de amor y sororidad, pero con espacio para el\u00a0<b>dolor<\/b>\u00a0y el odio. Est\u00e1 llena de\u00a0<b>drogas<\/b>, peligro e hipocres\u00edas; de inyecciones de aceite, lentejuelas y tacones altos; de sexo en las esquinas, hoteles y espacios virtuales.\u00a0<b>Uri Bleier<\/b>\u00a0escribe una novela quehuele a calle, sabe a playa y suena a cumbia; una historia que su personaje monta a\u00a0<b>galope<\/b>\u00a0con toda su fiereza y ternura.<\/p>\n","protected":false},"excerpt":{"rendered":"<p>Uri Bleier<\/p>\n<p>256 p\u00e1ginas<\/p>\n","protected":false},"featured_media":5497,"template":"","meta":{"_joinchat":[]},"product_brand":[],"product_cat":[33,38,70],"product_tag":[34],"class_list":{"0":"post-5496","1":"product","2":"type-product","3":"status-publish","4":"has-post-thumbnail","6":"product_cat-ficcion-general","7":"product_cat-lgbtq","8":"product_cat-novedades","9":"product_tag-penguin-random-house","11":"first","12":"outofstock","13":"shipping-taxable","14":"purchasable","15":"product-type-simple"},"_links":{"self":[{"href":"https:\/\/libreriahistoriasdebolsillo.com\/index.php\/wp-json\/wp\/v2\/product\/5496","targetHints":{"allow":["GET"]}}],"collection":[{"href":"https:\/\/libreriahistoriasdebolsillo.com\/index.php\/wp-json\/wp\/v2\/product"}],"about":[{"href":"https:\/\/libreriahistoriasdebolsillo.com\/index.php\/wp-json\/wp\/v2\/types\/product"}],"wp:featuredmedia":[{"embeddable":true,"href":"https:\/\/libreriahistoriasdebolsillo.com\/index.php\/wp-json\/wp\/v2\/media\/5497"}],"wp:attachment":[{"href":"https:\/\/libreriahistoriasdebolsillo.com\/index.php\/wp-json\/wp\/v2\/media?parent=5496"}],"wp:term":[{"taxonomy":"product_brand","embeddable":true,"href":"https:\/\/libreriahistoriasdebolsillo.com\/index.php\/wp-json\/wp\/v2\/product_brand?post=5496"},{"taxonomy":"product_cat","embeddable":true,"href":"https:\/\/libreriahistoriasdebolsillo.com\/index.php\/wp-json\/wp\/v2\/product_cat?post=5496"},{"taxonomy":"product_tag","embeddable":true,"href":"https:\/\/libreriahistoriasdebolsillo.com\/index.php\/wp-json\/wp\/v2\/product_tag?post=5496"}],"curies":[{"name":"wp","href":"https:\/\/api.w.org\/{rel}","templated":true}]}}