{"id":5501,"date":"2024-08-28T18:18:05","date_gmt":"2024-08-29T00:18:05","guid":{"rendered":"https:\/\/libreriahistoriasdebolsillo.com\/?post_type=product&#038;p=5501"},"modified":"2026-03-10T16:03:56","modified_gmt":"2026-03-10T22:03:56","slug":"manual-de-las-emociones","status":"publish","type":"product","link":"https:\/\/libreriahistoriasdebolsillo.com\/index.php\/producto\/manual-de-las-emociones\/","title":{"rendered":"Manual de las emociones"},"content":{"rendered":"<p><b>TE DOY LA BIENVENIDA AL<\/b>\u00a0<b>MANUAL DE LAS<\/b>\u00a0<b>EMOCIONES DE<\/b><b>\u00a01 MINUTO DE PSICOLOG\u00cdA<\/b><\/p>\n<p>En sus p\u00e1ginas encontrar\u00e1s una variedad de\u00a0<b>ejercicios<\/b>\u00a0que te ayudar\u00e1n a identificar y\u00a0<b>comprender tus emociones<\/b>. Tambi\u00e9n aprender\u00e1s a manejarlas de forma saludable y a utilizarlas como herramientas de\u00a0<b>desarrollo personal<\/b>.<\/p>\n<p>Si has sentido que tus emociones controlan tu vida y quieres hacer algo al respecto, este\u00a0<b>manual<\/b>\u00a0es para ti. Inicia el camino del autoconocimientode la mano de Ad\u00e1ly, psic\u00f3loga experta en el tema y creadora de\u00a0<b>1 minuto de psicolog\u00eda<\/b>, perfil de redes sociales que se especializa en salud mental y que ha alcanzado a m\u00e1s de dos millones de personas. Afortunadamente, hablar de salud mental dej\u00f3 de ser un tab\u00fa.<\/p>\n<p>&nbsp;<\/p>\n","protected":false},"excerpt":{"rendered":"<p>1 minuto de psicolog\u00eda<\/p>\n<p>224 p\u00e1ginas<\/p>\n","protected":false},"featured_media":5502,"template":"","meta":{"_joinchat":[]},"product_brand":[],"product_cat":[58,41],"product_tag":[34],"class_list":{"0":"post-5501","1":"product","2":"type-product","3":"status-publish","4":"has-post-thumbnail","6":"product_cat-desarrollo-humano-y-superacion","7":"product_cat-desarrollo-humano","8":"product_tag-penguin-random-house","10":"first","11":"outofstock","12":"shipping-taxable","13":"purchasable","14":"product-type-simple"},"_links":{"self":[{"href":"https:\/\/libreriahistoriasdebolsillo.com\/index.php\/wp-json\/wp\/v2\/product\/5501","targetHints":{"allow":["GET"]}}],"collection":[{"href":"https:\/\/libreriahistoriasdebolsillo.com\/index.php\/wp-json\/wp\/v2\/product"}],"about":[{"href":"https:\/\/libreriahistoriasdebolsillo.com\/index.php\/wp-json\/wp\/v2\/types\/product"}],"wp:featuredmedia":[{"embeddable":true,"href":"https:\/\/libreriahistoriasdebolsillo.com\/index.php\/wp-json\/wp\/v2\/media\/5502"}],"wp:attachment":[{"href":"https:\/\/libreriahistoriasdebolsillo.com\/index.php\/wp-json\/wp\/v2\/media?parent=5501"}],"wp:term":[{"taxonomy":"product_brand","embeddable":true,"href":"https:\/\/libreriahistoriasdebolsillo.com\/index.php\/wp-json\/wp\/v2\/product_brand?post=5501"},{"taxonomy":"product_cat","embeddable":true,"href":"https:\/\/libreriahistoriasdebolsillo.com\/index.php\/wp-json\/wp\/v2\/product_cat?post=5501"},{"taxonomy":"product_tag","embeddable":true,"href":"https:\/\/libreriahistoriasdebolsillo.com\/index.php\/wp-json\/wp\/v2\/product_tag?post=5501"}],"curies":[{"name":"wp","href":"https:\/\/api.w.org\/{rel}","templated":true}]}}