{"id":5515,"date":"2024-09-02T14:22:01","date_gmt":"2024-09-02T20:22:01","guid":{"rendered":"https:\/\/libreriahistoriasdebolsillo.com\/?post_type=product&#038;p=5515"},"modified":"2026-04-24T11:14:06","modified_gmt":"2026-04-24T17:14:06","slug":"padre-perdoname-porque-he-pecado","status":"publish","type":"product","link":"https:\/\/libreriahistoriasdebolsillo.com\/index.php\/producto\/padre-perdoname-porque-he-pecado\/","title":{"rendered":"Padre 1. Padre, perd\u00f3name porque he pecado"},"content":{"rendered":"<p>La esperada novela de Sierra Simone lleg\u00f3 cargada de esc\u00e1ndalo, erotismo y tentaci\u00f3n.<br \/>\nTres a\u00f1os atr\u00e1s una lamentable tragedia familiar dej\u00f3 marcado a Tyler Bell, un sacerdote que, luego de dicha tragedia, promete entregarse en cuerpo y alma a Dios. Sin embargo, con la llegada de una chica desconocida al confesionario, este comienza a tener pensamientos impuros cuando escucha la voz casi af\u00f3nica y placentera de la joven de nombre Poppy Danforth. Desde el primer d\u00eda, la encantadora chica pone en aprietos al joven sacerdote de la parroquia del pueblo de Weston y, aunque ella se encuentra atormentada y preocupada por los supuestos pecados, Tyler piensa que sus preocupaciones solo se tratan de pecados carnales.<br \/>\nA la par, el reconocido padre, cada vez se ve envuelto en un dilema moral, pues desea a la chica con todas sus fuerzas, pero, a la vez, sus mandatos no le permiten tener esos arrebatos, por lo que hace todo lo posible para silenciar sus pensamientos y hacer a un lado la fuerte atracci\u00f3n que siente por Poppy, quien, sin temor, le ha hecho saber a Tyler lo atractivo y seductor que es.<\/p>\n<p>\u00bfPodr\u00e1 el padre detener sus impulsos naturales?, \u00bfo se ver\u00e1 obligado a defraudar a quienes creen en \u00e9l?<\/p>\n","protected":false},"excerpt":{"rendered":"<p>Sierra Simone<\/p>\n<p>210 p\u00e1ginas<\/p>\n","protected":false},"featured_media":5516,"template":"","meta":{"_joinchat":[]},"product_brand":[],"product_cat":[53,70,35],"product_tag":[48],"class_list":{"0":"post-5515","1":"product","2":"type-product","3":"status-publish","4":"has-post-thumbnail","6":"product_cat-erotica","7":"product_cat-novedades","8":"product_cat-romantica","9":"product_tag-vr-editoras","11":"first","12":"instock","13":"shipping-taxable","14":"purchasable","15":"product-type-simple"},"_links":{"self":[{"href":"https:\/\/libreriahistoriasdebolsillo.com\/index.php\/wp-json\/wp\/v2\/product\/5515","targetHints":{"allow":["GET"]}}],"collection":[{"href":"https:\/\/libreriahistoriasdebolsillo.com\/index.php\/wp-json\/wp\/v2\/product"}],"about":[{"href":"https:\/\/libreriahistoriasdebolsillo.com\/index.php\/wp-json\/wp\/v2\/types\/product"}],"wp:featuredmedia":[{"embeddable":true,"href":"https:\/\/libreriahistoriasdebolsillo.com\/index.php\/wp-json\/wp\/v2\/media\/5516"}],"wp:attachment":[{"href":"https:\/\/libreriahistoriasdebolsillo.com\/index.php\/wp-json\/wp\/v2\/media?parent=5515"}],"wp:term":[{"taxonomy":"product_brand","embeddable":true,"href":"https:\/\/libreriahistoriasdebolsillo.com\/index.php\/wp-json\/wp\/v2\/product_brand?post=5515"},{"taxonomy":"product_cat","embeddable":true,"href":"https:\/\/libreriahistoriasdebolsillo.com\/index.php\/wp-json\/wp\/v2\/product_cat?post=5515"},{"taxonomy":"product_tag","embeddable":true,"href":"https:\/\/libreriahistoriasdebolsillo.com\/index.php\/wp-json\/wp\/v2\/product_tag?post=5515"}],"curies":[{"name":"wp","href":"https:\/\/api.w.org\/{rel}","templated":true}]}}